{"id":69,"date":"2026-04-01T19:46:19","date_gmt":"2026-04-01T19:46:19","guid":{"rendered":"https:\/\/tecnofibras.com\/shop\/?post_type=product&#038;p=69"},"modified":"2026-04-16T11:59:18","modified_gmt":"2026-04-16T11:59:18","slug":"green-fiber-home-a2-manopla-microfibra-universal","status":"publish","type":"product","link":"https:\/\/tecnofibras.com\/shop\/producto\/green-fiber-home-a2-manopla-microfibra-universal\/","title":{"rendered":"Green Fiber HOME A2 Manopla de Microfibra Universal Beige para Limpieza del Hogar Sin Rayas"},"content":{"rendered":"<h2 data-section-id=\"mn6o0v\" data-start=\"1959\" data-end=\"2036\">\ud83e\udde4 Manopla de microfibra Green Fiber HOME A2 \u2013 limpieza c\u00f3moda y eficiente<\/h2>\n<p data-start=\"2038\" data-end=\"2331\">La <strong data-start=\"2041\" data-end=\"2072\">manopla Green Fiber HOME A2<\/strong> es un accesorio de limpieza universal dise\u00f1ado para facilitar la eliminaci\u00f3n de polvo, suciedad y humedad en m\u00faltiples superficies del hogar. Su formato ergon\u00f3mico permite colocarla directamente en la mano, brindando control total y comodidad durante el uso.<\/p>\n<p data-start=\"2333\" data-end=\"2510\">Gracias a su tecnolog\u00eda de microfilamentos, esta manopla limpia de manera profunda sin dejar <strong data-start=\"2426\" data-end=\"2454\">pelusas, rayas ni marcas<\/strong>, logrando resultados profesionales con m\u00ednimo esfuerzo.<\/p>\n<hr data-start=\"2512\" data-end=\"2515\" \/>\n<h2 data-section-id=\"19kz7n2\" data-start=\"2517\" data-end=\"2559\">\u2728 Tecnolog\u00eda UpPoly de alto rendimiento<\/h2>\n<p data-start=\"2561\" data-end=\"2684\">Fabricada con fibra <strong data-start=\"2581\" data-end=\"2591\">UpPoly<\/strong>, desarrollada con tecnolog\u00eda japonesa, esta manopla ofrece un sistema de limpieza eficiente:<\/p>\n<ul data-start=\"2686\" data-end=\"2798\">\n<li data-section-id=\"1gtgvc6\" data-start=\"2686\" data-end=\"2753\">En <strong data-start=\"2691\" data-end=\"2701\">h\u00famedo<\/strong>, absorbe l\u00edquidos y suciedad mediante capilaridad<\/li>\n<li data-section-id=\"3dg48b\" data-start=\"2754\" data-end=\"2798\">En <strong data-start=\"2759\" data-end=\"2767\">seco<\/strong>, atrae el polvo como un im\u00e1n<\/li>\n<\/ul>\n<p data-start=\"2800\" data-end=\"2920\">Esto permite limpiar distintas superficies sin necesidad de detergentes, cuidando tanto el hogar como el medio ambiente.<\/p>\n<hr data-start=\"2922\" data-end=\"2925\" \/>\n<h2 data-section-id=\"1ouxggt\" data-start=\"2927\" data-end=\"2961\">\ud83d\udccf Caracter\u00edsticas del producto<\/h2>\n<ul data-start=\"2963\" data-end=\"3100\">\n<li data-section-id=\"1gtklph\" data-start=\"2963\" data-end=\"2994\"><strong data-start=\"2965\" data-end=\"2981\">Dimensiones:<\/strong> 27 x 20 cm<\/li>\n<li data-section-id=\"1uzrlxf\" data-start=\"2995\" data-end=\"3015\"><strong data-start=\"2997\" data-end=\"3007\">Color:<\/strong> Beige<\/li>\n<li data-section-id=\"1u6n5mw\" data-start=\"3016\" data-end=\"3061\"><strong data-start=\"3018\" data-end=\"3027\">Tipo:<\/strong> Manopla universal de microfibra<\/li>\n<li data-section-id=\"s4jtwt\" data-start=\"3062\" data-end=\"3100\"><strong data-start=\"3064\" data-end=\"3072\">Uso:<\/strong> Limpieza en seco y h\u00famedo<\/li>\n<\/ul>\n<hr data-start=\"3102\" data-end=\"3105\" \/>\n<h2 data-section-id=\"1dpqnix\" data-start=\"3107\" data-end=\"3135\">\ud83c\udf31 Beneficios principales<\/h2>\n<ul data-start=\"3137\" data-end=\"3398\">\n<li data-section-id=\"1cdt1xx\" data-start=\"3137\" data-end=\"3164\">\u2714 Limpieza sin qu\u00edmicos<\/li>\n<li data-section-id=\"79ac6h\" data-start=\"3165\" data-end=\"3205\">\u2714 No deja rayas, pelusas ni residuos<\/li>\n<li data-section-id=\"1becg69\" data-start=\"3206\" data-end=\"3242\">\u2714 Dise\u00f1o ergon\u00f3mico tipo manopla<\/li>\n<li data-section-id=\"1aarid\" data-start=\"3243\" data-end=\"3281\">\u2714 Ideal para m\u00faltiples superficies<\/li>\n<li data-section-id=\"8e8q3k\" data-start=\"3282\" data-end=\"3315\">\u2714 Ahorro de tiempo y esfuerzo<\/li>\n<li data-section-id=\"1pnhd\" data-start=\"3316\" data-end=\"3365\">\u2714 Alta durabilidad (uso dom\u00e9stico prolongado)<\/li>\n<li data-section-id=\"lqw28e\" data-start=\"3366\" data-end=\"3398\">\u2714 Tecnolog\u00eda avanzada UpPoly<\/li>\n<\/ul>\n<hr data-start=\"3400\" data-end=\"3403\" \/>\n<h2 data-section-id=\"pztwf\" data-start=\"3405\" data-end=\"3428\">\ud83e\uddfe Usos recomendados<\/h2>\n<ul data-start=\"3430\" data-end=\"3571\">\n<li data-section-id=\"dhknyb\" data-start=\"3430\" data-end=\"3453\">Limpieza de muebles<\/li>\n<li data-section-id=\"14s4phg\" data-start=\"3454\" data-end=\"3479\">Superficies del hogar<\/li>\n<li data-section-id=\"1b32fgf\" data-start=\"3480\" data-end=\"3500\">Polvo en general<\/li>\n<li data-section-id=\"12seq85\" data-start=\"3501\" data-end=\"3518\">Cocina y ba\u00f1o<\/li>\n<li data-section-id=\"1vb46ei\" data-start=\"3519\" data-end=\"3544\">Superficies delicadas<\/li>\n<li data-section-id=\"cfi83i\" data-start=\"3545\" data-end=\"3571\">Limpieza r\u00e1pida diaria<\/li>\n<\/ul>\n<hr data-start=\"3573\" data-end=\"3576\" \/>\n<h2 data-section-id=\"15ov5mv\" data-start=\"3578\" data-end=\"3606\">\u26a0\ufe0f Recomendaciones de uso<\/h2>\n<ul data-start=\"3608\" data-end=\"3721\">\n<li data-section-id=\"bki23o\" data-start=\"3608\" data-end=\"3642\">No requiere productos qu\u00edmicos<\/li>\n<li data-section-id=\"45upem\" data-start=\"3643\" data-end=\"3677\">Apta para uso en seco y h\u00famedo<\/li>\n<li data-section-id=\"196x12a\" data-start=\"3678\" data-end=\"3693\">No planchar<\/li>\n<li data-section-id=\"pw03yj\" data-start=\"3694\" data-end=\"3721\">No secar con calefactor<\/li>\n<\/ul>\n<hr data-start=\"3723\" data-end=\"3726\" \/>\n<h2 data-section-id=\"ry9671\" data-start=\"3728\" data-end=\"3745\">\ud83e\uddf5 Composici\u00f3n<\/h2>\n<ul data-start=\"3747\" data-end=\"3782\">\n<li data-section-id=\"189hqyu\" data-start=\"3747\" data-end=\"3764\">80% poli\u00e9ster<\/li>\n<li data-section-id=\"1azz6r9\" data-start=\"3765\" data-end=\"3782\">20% poliamida<\/li>\n<\/ul>\n<p>Tambi\u00e9n pod\u00e9s combinar esta manopla con pa\u00f1os de microfibra espec\u00edficos para cocina o ba\u00f1o para lograr una limpieza completa en todo el hogar.<\/p>\n<div class=\"ast-oembed-container \" style=\"height: 100%;\"><iframe loading=\"lazy\" title=\"Green Fiber HOME A2 Manopla universal\" width=\"500\" height=\"281\" src=\"https:\/\/www.youtube.com\/embed\/36i4CauQt-M?feature=oembed\" frameborder=\"0\" allow=\"accelerometer; autoplay; clipboard-write; encrypted-media; gyroscope; picture-in-picture; web-share\" referrerpolicy=\"strict-origin-when-cross-origin\" allowfullscreen><\/iframe><\/div>\n","protected":false},"excerpt":{"rendered":"<p>La <strong data-start=\"1523\" data-end=\"1568\">manopla de microfibra Green Fiber HOME A2<\/strong> es una soluci\u00f3n pr\u00e1ctica y vers\u00e1til para la limpieza del hogar. Dise\u00f1ada con tecnolog\u00eda de microfilamentos UpPoly, permite eliminar polvo y suciedad sin dejar rayas ni pelusas. Ideal para limpieza en seco y h\u00famedo, se adapta f\u00e1cilmente a la mano para limpiar superficies de forma c\u00f3moda, r\u00e1pida y eficiente, sin necesidad de productos qu\u00edmicos.<\/p>\n","protected":false},"featured_media":70,"comment_status":"open","ping_status":"closed","template":"","meta":{"site-sidebar-layout":"default","site-content-layout":"","ast-site-content-layout":"default","site-content-style":"default","site-sidebar-style":"default","ast-global-header-display":"","ast-banner-title-visibility":"","ast-main-header-display":"","ast-hfb-above-header-display":"","ast-hfb-below-header-display":"","ast-hfb-mobile-header-display":"","site-post-title":"","ast-breadcrumbs-content":"","ast-featured-img":"","footer-sml-layout":"","ast-disable-related-posts":"","theme-transparent-header-meta":"default","adv-header-id-meta":"","stick-header-meta":"","header-above-stick-meta":"","header-main-stick-meta":"","header-below-stick-meta":"","astra-migrate-meta-layouts":"set","ast-page-background-enabled":"default","ast-page-background-meta":{"desktop":{"background-color":"var(--ast-global-color-5)","background-image":"","background-repeat":"repeat","background-position":"center center","background-size":"auto","background-attachment":"scroll","background-type":"","background-media":"","overlay-type":"","overlay-color":"","overlay-opacity":"","overlay-gradient":""},"tablet":{"background-color":"","background-image":"","background-repeat":"repeat","background-position":"center center","background-size":"auto","background-attachment":"scroll","background-type":"","background-media":"","overlay-type":"","overlay-color":"","overlay-opacity":"","overlay-gradient":""},"mobile":{"background-color":"","background-image":"","background-repeat":"repeat","background-position":"center center","background-size":"auto","background-attachment":"scroll","background-type":"","background-media":"","overlay-type":"","overlay-color":"","overlay-opacity":"","overlay-gradient":""}},"ast-content-background-meta":{"desktop":{"background-color":"var(--ast-global-color-4)","background-image":"","background-repeat":"repeat","background-position":"center center","background-size":"auto","background-attachment":"scroll","background-type":"","background-media":"","overlay-type":"","overlay-color":"","overlay-opacity":"","overlay-gradient":""},"tablet":{"background-color":"var(--ast-global-color-4)","background-image":"","background-repeat":"repeat","background-position":"center center","background-size":"auto","background-attachment":"scroll","background-type":"","background-media":"","overlay-type":"","overlay-color":"","overlay-opacity":"","overlay-gradient":""},"mobile":{"background-color":"var(--ast-global-color-4)","background-image":"","background-repeat":"repeat","background-position":"center center","background-size":"auto","background-attachment":"scroll","background-type":"","background-media":"","overlay-type":"","overlay-color":"","overlay-opacity":"","overlay-gradient":""}}},"product_brand":[22],"product_cat":[18],"product_tag":[],"class_list":{"0":"post-69","1":"product","2":"type-product","3":"status-publish","4":"has-post-thumbnail","6":"product_brand-green-fiber","7":"product_cat-hogar","8":"desktop-align-left","9":"tablet-align-left","10":"mobile-align-left","12":"first","13":"instock","14":"shipping-taxable","15":"product-type-external"},"yoast_head":"<!-- This site is optimized with the Yoast SEO plugin v27.3 - https:\/\/yoast.com\/product\/yoast-seo-wordpress\/ -->\n<title>Manopla Microfibra Limpieza Hogar A2 | Sin Rayas ni Qu\u00edmicos<\/title>\n<meta name=\"description\" content=\"Manopla de microfibra para limpieza del hogar. Elimina polvo y suciedad sin qu\u00edmicos ni rayas. Ideal para muebles, cocina y superficies delicadas.\" \/>\n<meta name=\"robots\" content=\"index, follow, max-snippet:-1, max-image-preview:large, max-video-preview:-1\" \/>\n<link rel=\"canonical\" href=\"https:\/\/tecnofibras.com\/shop\/producto\/green-fiber-home-a2-manopla-microfibra-universal\/\" \/>\n<meta property=\"og:locale\" content=\"es_ES\" \/>\n<meta property=\"og:type\" content=\"article\" \/>\n<meta property=\"og:title\" content=\"Manopla Microfibra Limpieza Hogar A2 | Sin Rayas ni Qu\u00edmicos\" \/>\n<meta property=\"og:description\" content=\"Manopla de microfibra para limpieza del hogar. Elimina polvo y suciedad sin qu\u00edmicos ni rayas. Ideal para muebles, cocina y superficies delicadas.\" \/>\n<meta property=\"og:url\" content=\"https:\/\/tecnofibras.com\/shop\/producto\/green-fiber-home-a2-manopla-microfibra-universal\/\" \/>\n<meta property=\"og:site_name\" content=\"Art\u00edculos de limpieza ecol\u00f3gicos con microfibra sin qu\u00edmicos | Tecnofibras\" \/>\n<meta property=\"article:publisher\" content=\"https:\/\/www.facebook.com\/Tecnofibrasok\/\" \/>\n<meta property=\"article:modified_time\" content=\"2026-04-16T11:59:18+00:00\" \/>\n<meta property=\"og:image\" content=\"https:\/\/tecnofibras.com\/shop\/wp-content\/uploads\/2026\/04\/manopla-a2-greenfiber-beige.jpg.jpg\" \/>\n\t<meta property=\"og:image:width\" content=\"1000\" \/>\n\t<meta property=\"og:image:height\" content=\"1000\" \/>\n\t<meta property=\"og:image:type\" content=\"image\/jpeg\" \/>\n<meta name=\"twitter:card\" content=\"summary_large_image\" \/>\n<meta name=\"twitter:label1\" content=\"Tiempo de lectura\" \/>\n\t<meta name=\"twitter:data1\" content=\"2 minutos\" \/>\n<script type=\"application\/ld+json\" class=\"yoast-schema-graph\">{\"@context\":\"https:\\\/\\\/schema.org\",\"@graph\":[{\"@type\":\"WebPage\",\"@id\":\"https:\\\/\\\/tecnofibras.com\\\/shop\\\/producto\\\/green-fiber-home-a2-manopla-microfibra-universal\\\/\",\"url\":\"https:\\\/\\\/tecnofibras.com\\\/shop\\\/producto\\\/green-fiber-home-a2-manopla-microfibra-universal\\\/\",\"name\":\"Manopla Microfibra Limpieza Hogar A2 | Sin Rayas ni Qu\u00edmicos\",\"isPartOf\":{\"@id\":\"https:\\\/\\\/tecnofibras.com\\\/shop\\\/#website\"},\"primaryImageOfPage\":{\"@id\":\"https:\\\/\\\/tecnofibras.com\\\/shop\\\/producto\\\/green-fiber-home-a2-manopla-microfibra-universal\\\/#primaryimage\"},\"image\":{\"@id\":\"https:\\\/\\\/tecnofibras.com\\\/shop\\\/producto\\\/green-fiber-home-a2-manopla-microfibra-universal\\\/#primaryimage\"},\"thumbnailUrl\":\"https:\\\/\\\/tecnofibras.com\\\/shop\\\/wp-content\\\/uploads\\\/2026\\\/04\\\/manopla-a2-greenfiber-beige.jpg.jpg\",\"datePublished\":\"2026-04-01T19:46:19+00:00\",\"dateModified\":\"2026-04-16T11:59:18+00:00\",\"description\":\"Manopla de microfibra para limpieza del hogar. Elimina polvo y suciedad sin qu\u00edmicos ni rayas. Ideal para muebles, cocina y superficies delicadas.\",\"breadcrumb\":{\"@id\":\"https:\\\/\\\/tecnofibras.com\\\/shop\\\/producto\\\/green-fiber-home-a2-manopla-microfibra-universal\\\/#breadcrumb\"},\"inLanguage\":\"es\",\"potentialAction\":[{\"@type\":\"ReadAction\",\"target\":[\"https:\\\/\\\/tecnofibras.com\\\/shop\\\/producto\\\/green-fiber-home-a2-manopla-microfibra-universal\\\/\"]}]},{\"@type\":\"ImageObject\",\"inLanguage\":\"es\",\"@id\":\"https:\\\/\\\/tecnofibras.com\\\/shop\\\/producto\\\/green-fiber-home-a2-manopla-microfibra-universal\\\/#primaryimage\",\"url\":\"https:\\\/\\\/tecnofibras.com\\\/shop\\\/wp-content\\\/uploads\\\/2026\\\/04\\\/manopla-a2-greenfiber-beige.jpg.jpg\",\"contentUrl\":\"https:\\\/\\\/tecnofibras.com\\\/shop\\\/wp-content\\\/uploads\\\/2026\\\/04\\\/manopla-a2-greenfiber-beige.jpg.jpg\",\"width\":1000,\"height\":1000,\"caption\":\"Manopla microfibra limpieza hogar Green Fiber A2 beige sin rayas\"},{\"@type\":\"BreadcrumbList\",\"@id\":\"https:\\\/\\\/tecnofibras.com\\\/shop\\\/producto\\\/green-fiber-home-a2-manopla-microfibra-universal\\\/#breadcrumb\",\"itemListElement\":[{\"@type\":\"ListItem\",\"position\":1,\"name\":\"Portada\",\"item\":\"https:\\\/\\\/tecnofibras.com\\\/shop\\\/\"},{\"@type\":\"ListItem\",\"position\":2,\"name\":\"Tienda\",\"item\":\"https:\\\/\\\/tecnofibras.com\\\/shop\\\/\"},{\"@type\":\"ListItem\",\"position\":3,\"name\":\"Green Fiber HOME A2 Manopla de Microfibra Universal Beige para Limpieza del Hogar Sin Rayas\"}]},{\"@type\":\"WebSite\",\"@id\":\"https:\\\/\\\/tecnofibras.com\\\/shop\\\/#website\",\"url\":\"https:\\\/\\\/tecnofibras.com\\\/shop\\\/\",\"name\":\"Tecnofibras\",\"description\":\"\",\"publisher\":{\"@id\":\"https:\\\/\\\/tecnofibras.com\\\/shop\\\/#organization\"},\"potentialAction\":[{\"@type\":\"SearchAction\",\"target\":{\"@type\":\"EntryPoint\",\"urlTemplate\":\"https:\\\/\\\/tecnofibras.com\\\/shop\\\/?s={search_term_string}\"},\"query-input\":{\"@type\":\"PropertyValueSpecification\",\"valueRequired\":true,\"valueName\":\"search_term_string\"}}],\"inLanguage\":\"es\"},{\"@type\":\"Organization\",\"@id\":\"https:\\\/\\\/tecnofibras.com\\\/shop\\\/#organization\",\"name\":\"\ud83d\udc49 Tecnofibras\",\"url\":\"https:\\\/\\\/tecnofibras.com\\\/shop\\\/\",\"logo\":{\"@type\":\"ImageObject\",\"inLanguage\":\"es\",\"@id\":\"https:\\\/\\\/tecnofibras.com\\\/shop\\\/#\\\/schema\\\/logo\\\/image\\\/\",\"url\":\"https:\\\/\\\/tecnofibras.com\\\/shop\\\/wp-content\\\/uploads\\\/2026\\\/04\\\/cropped-logo-tecnofibras.png\",\"contentUrl\":\"https:\\\/\\\/tecnofibras.com\\\/shop\\\/wp-content\\\/uploads\\\/2026\\\/04\\\/cropped-logo-tecnofibras.png\",\"width\":318,\"height\":102,\"caption\":\"\ud83d\udc49 Tecnofibras\"},\"image\":{\"@id\":\"https:\\\/\\\/tecnofibras.com\\\/shop\\\/#\\\/schema\\\/logo\\\/image\\\/\"},\"sameAs\":[\"https:\\\/\\\/www.facebook.com\\\/Tecnofibrasok\\\/\",\"https:\\\/\\\/www.instagram.com\\\/tecnofibrasok\",\"https:\\\/\\\/www.tiktok.com\\\/@limpieza_green\",\"https:\\\/\\\/www.youtube.com\\\/@tecnofibrasok\"]}]}<\/script>\n<!-- \/ Yoast SEO plugin. -->","yoast_head_json":{"title":"Manopla Microfibra Limpieza Hogar A2 | Sin Rayas ni Qu\u00edmicos","description":"Manopla de microfibra para limpieza del hogar. Elimina polvo y suciedad sin qu\u00edmicos ni rayas. Ideal para muebles, cocina y superficies delicadas.","robots":{"index":"index","follow":"follow","max-snippet":"max-snippet:-1","max-image-preview":"max-image-preview:large","max-video-preview":"max-video-preview:-1"},"canonical":"https:\/\/tecnofibras.com\/shop\/producto\/green-fiber-home-a2-manopla-microfibra-universal\/","og_locale":"es_ES","og_type":"article","og_title":"Manopla Microfibra Limpieza Hogar A2 | Sin Rayas ni Qu\u00edmicos","og_description":"Manopla de microfibra para limpieza del hogar. Elimina polvo y suciedad sin qu\u00edmicos ni rayas. Ideal para muebles, cocina y superficies delicadas.","og_url":"https:\/\/tecnofibras.com\/shop\/producto\/green-fiber-home-a2-manopla-microfibra-universal\/","og_site_name":"Art\u00edculos de limpieza ecol\u00f3gicos con microfibra sin qu\u00edmicos | Tecnofibras","article_publisher":"https:\/\/www.facebook.com\/Tecnofibrasok\/","article_modified_time":"2026-04-16T11:59:18+00:00","og_image":[{"width":1000,"height":1000,"url":"https:\/\/tecnofibras.com\/shop\/wp-content\/uploads\/2026\/04\/manopla-a2-greenfiber-beige.jpg.jpg","type":"image\/jpeg"}],"twitter_card":"summary_large_image","twitter_misc":{"Tiempo de lectura":"2 minutos"},"schema":{"@context":"https:\/\/schema.org","@graph":[{"@type":"WebPage","@id":"https:\/\/tecnofibras.com\/shop\/producto\/green-fiber-home-a2-manopla-microfibra-universal\/","url":"https:\/\/tecnofibras.com\/shop\/producto\/green-fiber-home-a2-manopla-microfibra-universal\/","name":"Manopla Microfibra Limpieza Hogar A2 | Sin Rayas ni Qu\u00edmicos","isPartOf":{"@id":"https:\/\/tecnofibras.com\/shop\/#website"},"primaryImageOfPage":{"@id":"https:\/\/tecnofibras.com\/shop\/producto\/green-fiber-home-a2-manopla-microfibra-universal\/#primaryimage"},"image":{"@id":"https:\/\/tecnofibras.com\/shop\/producto\/green-fiber-home-a2-manopla-microfibra-universal\/#primaryimage"},"thumbnailUrl":"https:\/\/tecnofibras.com\/shop\/wp-content\/uploads\/2026\/04\/manopla-a2-greenfiber-beige.jpg.jpg","datePublished":"2026-04-01T19:46:19+00:00","dateModified":"2026-04-16T11:59:18+00:00","description":"Manopla de microfibra para limpieza del hogar. Elimina polvo y suciedad sin qu\u00edmicos ni rayas. Ideal para muebles, cocina y superficies delicadas.","breadcrumb":{"@id":"https:\/\/tecnofibras.com\/shop\/producto\/green-fiber-home-a2-manopla-microfibra-universal\/#breadcrumb"},"inLanguage":"es","potentialAction":[{"@type":"ReadAction","target":["https:\/\/tecnofibras.com\/shop\/producto\/green-fiber-home-a2-manopla-microfibra-universal\/"]}]},{"@type":"ImageObject","inLanguage":"es","@id":"https:\/\/tecnofibras.com\/shop\/producto\/green-fiber-home-a2-manopla-microfibra-universal\/#primaryimage","url":"https:\/\/tecnofibras.com\/shop\/wp-content\/uploads\/2026\/04\/manopla-a2-greenfiber-beige.jpg.jpg","contentUrl":"https:\/\/tecnofibras.com\/shop\/wp-content\/uploads\/2026\/04\/manopla-a2-greenfiber-beige.jpg.jpg","width":1000,"height":1000,"caption":"Manopla microfibra limpieza hogar Green Fiber A2 beige sin rayas"},{"@type":"BreadcrumbList","@id":"https:\/\/tecnofibras.com\/shop\/producto\/green-fiber-home-a2-manopla-microfibra-universal\/#breadcrumb","itemListElement":[{"@type":"ListItem","position":1,"name":"Portada","item":"https:\/\/tecnofibras.com\/shop\/"},{"@type":"ListItem","position":2,"name":"Tienda","item":"https:\/\/tecnofibras.com\/shop\/"},{"@type":"ListItem","position":3,"name":"Green Fiber HOME A2 Manopla de Microfibra Universal Beige para Limpieza del Hogar Sin Rayas"}]},{"@type":"WebSite","@id":"https:\/\/tecnofibras.com\/shop\/#website","url":"https:\/\/tecnofibras.com\/shop\/","name":"Tecnofibras","description":"","publisher":{"@id":"https:\/\/tecnofibras.com\/shop\/#organization"},"potentialAction":[{"@type":"SearchAction","target":{"@type":"EntryPoint","urlTemplate":"https:\/\/tecnofibras.com\/shop\/?s={search_term_string}"},"query-input":{"@type":"PropertyValueSpecification","valueRequired":true,"valueName":"search_term_string"}}],"inLanguage":"es"},{"@type":"Organization","@id":"https:\/\/tecnofibras.com\/shop\/#organization","name":"\ud83d\udc49 Tecnofibras","url":"https:\/\/tecnofibras.com\/shop\/","logo":{"@type":"ImageObject","inLanguage":"es","@id":"https:\/\/tecnofibras.com\/shop\/#\/schema\/logo\/image\/","url":"https:\/\/tecnofibras.com\/shop\/wp-content\/uploads\/2026\/04\/cropped-logo-tecnofibras.png","contentUrl":"https:\/\/tecnofibras.com\/shop\/wp-content\/uploads\/2026\/04\/cropped-logo-tecnofibras.png","width":318,"height":102,"caption":"\ud83d\udc49 Tecnofibras"},"image":{"@id":"https:\/\/tecnofibras.com\/shop\/#\/schema\/logo\/image\/"},"sameAs":["https:\/\/www.facebook.com\/Tecnofibrasok\/","https:\/\/www.instagram.com\/tecnofibrasok","https:\/\/www.tiktok.com\/@limpieza_green","https:\/\/www.youtube.com\/@tecnofibrasok"]}]}},"_links":{"self":[{"href":"https:\/\/tecnofibras.com\/shop\/wp-json\/wp\/v2\/product\/69","targetHints":{"allow":["GET"]}}],"collection":[{"href":"https:\/\/tecnofibras.com\/shop\/wp-json\/wp\/v2\/product"}],"about":[{"href":"https:\/\/tecnofibras.com\/shop\/wp-json\/wp\/v2\/types\/product"}],"replies":[{"embeddable":true,"href":"https:\/\/tecnofibras.com\/shop\/wp-json\/wp\/v2\/comments?post=69"}],"wp:featuredmedia":[{"embeddable":true,"href":"https:\/\/tecnofibras.com\/shop\/wp-json\/wp\/v2\/media\/70"}],"wp:attachment":[{"href":"https:\/\/tecnofibras.com\/shop\/wp-json\/wp\/v2\/media?parent=69"}],"wp:term":[{"taxonomy":"product_brand","embeddable":true,"href":"https:\/\/tecnofibras.com\/shop\/wp-json\/wp\/v2\/product_brand?post=69"},{"taxonomy":"product_cat","embeddable":true,"href":"https:\/\/tecnofibras.com\/shop\/wp-json\/wp\/v2\/product_cat?post=69"},{"taxonomy":"product_tag","embeddable":true,"href":"https:\/\/tecnofibras.com\/shop\/wp-json\/wp\/v2\/product_tag?post=69"}],"curies":[{"name":"wp","href":"https:\/\/api.w.org\/{rel}","templated":true}]}}