{"id":195,"date":"2026-04-09T11:46:50","date_gmt":"2026-04-09T11:46:50","guid":{"rendered":"https:\/\/tecnofibras.com\/shop\/?post_type=product&#038;p=195"},"modified":"2026-04-16T10:58:59","modified_gmt":"2026-04-16T10:58:59","slug":"esponja-antigrasa-cocina-s8-greenfiber","status":"publish","type":"product","link":"https:\/\/tecnofibras.com\/shop\/producto\/esponja-antigrasa-cocina-s8-greenfiber\/","title":{"rendered":"Green Fiber HOME S8 | Esponja Antigrasa Cocina Involver Sin Rayar"},"content":{"rendered":"<p data-start=\"558\" data-end=\"610\">\ud83d\udca5 <strong data-start=\"561\" data-end=\"610\">ELIMIN\u00c1 GRASA Y SUCIEDAD DIF\u00cdCIL SIN ESFUERZO<\/strong><\/p>\n<p data-start=\"612\" data-end=\"734\">La esponja Involver S8 Green Fiber est\u00e1 dise\u00f1ada para limpiar en profundidad incluso la suciedad m\u00e1s dif\u00edcil de la cocina.<\/p>\n<hr data-start=\"736\" data-end=\"739\" \/>\n<p data-start=\"741\" data-end=\"777\">\ud83e\uddfd <strong data-start=\"744\" data-end=\"777\">Potencia de limpieza superior<\/strong><\/p>\n<p data-start=\"779\" data-end=\"861\">\u2714 Elimina grasa pegada<br data-start=\"801\" data-end=\"804\" \/>\u2714 Quita restos de comida<br data-start=\"828\" data-end=\"831\" \/>\u2714 Limpia suciedad incrustada<\/p>\n<hr data-start=\"863\" data-end=\"866\" \/>\n<p data-start=\"868\" data-end=\"899\">\ud83d\udd25 <strong data-start=\"871\" data-end=\"899\">Ideal para uso intensivo<\/strong><\/p>\n<ul data-start=\"901\" data-end=\"945\">\n<li data-section-id=\"1yqi9w5\" data-start=\"901\" data-end=\"910\">Ollas<\/li>\n<li data-section-id=\"12o2p5t\" data-start=\"911\" data-end=\"923\">Sartenes<\/li>\n<li data-section-id=\"1wwplwc\" data-start=\"924\" data-end=\"945\">Cocina en general<\/li>\n<\/ul>\n<hr data-start=\"947\" data-end=\"950\" \/>\n<p data-start=\"952\" data-end=\"981\">\u2728 <strong data-start=\"954\" data-end=\"981\">Resultados sin residuos<\/strong><\/p>\n<p data-start=\"983\" data-end=\"1041\">\u2714 No deja pelusa<br data-start=\"999\" data-end=\"1002\" \/>\u2714 No deja rayas<br data-start=\"1017\" data-end=\"1020\" \/>\u2714 Limpieza uniforme<\/p>\n<hr data-start=\"1043\" data-end=\"1046\" \/>\n<p data-start=\"1048\" data-end=\"1068\">\ud83d\udca7 <strong data-start=\"1051\" data-end=\"1068\">Uso en h\u00famedo<\/strong><\/p>\n<p data-start=\"1070\" data-end=\"1117\">Solo necesit\u00e1s agua para una limpieza efectiva.<\/p>\n<hr data-start=\"1119\" data-end=\"1122\" \/>\n<p data-start=\"1124\" data-end=\"1153\">\ud83c\udf31 <strong data-start=\"1127\" data-end=\"1153\">Sin productos qu\u00edmicos<\/strong><\/p>\n<p data-start=\"1155\" data-end=\"1216\">\u2714 M\u00e1s seguro para el hogar<br data-start=\"1181\" data-end=\"1184\" \/>\u2714 Reduce el uso de detergentes<\/p>\n<hr data-start=\"1218\" data-end=\"1221\" \/>\n<p data-start=\"1223\" data-end=\"1240\">\u26a0\ufe0f <strong data-start=\"1226\" data-end=\"1240\">Importante<\/strong><\/p>\n<p data-start=\"1242\" data-end=\"1253\">No usar en:<\/p>\n<ul data-start=\"1254\" data-end=\"1337\">\n<li data-section-id=\"1vb46ei\" data-start=\"1254\" data-end=\"1279\">Superficies delicadas<\/li>\n<li data-section-id=\"1f41naw\" data-start=\"1280\" data-end=\"1316\">Superficies brillantes o lacadas<\/li>\n<li data-section-id=\"16p112d\" data-start=\"1317\" data-end=\"1337\">Acero inoxidable<\/li>\n<\/ul>\n<hr data-start=\"1339\" data-end=\"1342\" \/>\n<p data-start=\"1344\" data-end=\"1372\">\ud83d\udcaa <strong data-start=\"1347\" data-end=\"1372\">Duradera y resistente<\/strong><\/p>\n<p data-start=\"1374\" data-end=\"1445\">\u2714 Alta resistencia<br data-start=\"1392\" data-end=\"1395\" \/>\u2714 Mantiene su eficacia<br data-start=\"1417\" data-end=\"1420\" \/>\u2714 Ideal para uso diario<\/p>\n<hr data-start=\"1447\" data-end=\"1450\" \/>\n<p data-start=\"1452\" data-end=\"1474\">\ud83d\udccf <strong data-start=\"1455\" data-end=\"1474\">Caracter\u00edsticas<\/strong><\/p>\n<ul data-start=\"1476\" data-end=\"1604\">\n<li data-section-id=\"1tp28bu\" data-start=\"1476\" data-end=\"1499\">Tama\u00f1o: 14.5 x 7 cm<\/li>\n<li data-section-id=\"djvpy9\" data-start=\"1500\" data-end=\"1531\">Colores: Verde, azul y gris<\/li>\n<li data-section-id=\"u03td2\" data-start=\"1532\" data-end=\"1574\">Material: 80% poli\u00e9ster, 20% poliamida<\/li>\n<li data-section-id=\"kgnax\" data-start=\"1575\" data-end=\"1604\">Relleno: 100% poliuretano<\/li>\n<\/ul>\n<hr data-start=\"1606\" data-end=\"1609\" \/>\n<p data-start=\"1611\" data-end=\"1685\">\ud83d\udc49 Ideal para quienes buscan una soluci\u00f3n potente para la limpieza diaria.<\/p>\n<hr data-start=\"1687\" data-end=\"1690\" \/>\n<div class=\"ast-oembed-container \" style=\"height: 100%;\"><iframe loading=\"lazy\" title=\"Green Fiber HOME S8 Involver Esponja\" width=\"500\" height=\"281\" src=\"https:\/\/www.youtube.com\/embed\/7wzISPH-Irg?feature=oembed\" frameborder=\"0\" allow=\"accelerometer; autoplay; clipboard-write; encrypted-media; gyroscope; picture-in-picture; web-share\" referrerpolicy=\"strict-origin-when-cross-origin\" allowfullscreen><\/iframe><\/div>\n<p data-start=\"1730\" data-end=\"1833\">Esta esponja antigrasa para cocina es ideal para eliminar suciedad dif\u00edcil y grasa pegada sin esfuerzo.<\/p>\n<p data-start=\"1835\" data-end=\"1945\">Si busc\u00e1s una esponja resistente y eficaz para limpieza profunda, la S8 es una excelente opci\u00f3n para el hogar.<\/p>\n","protected":false},"excerpt":{"rendered":"<p data-start=\"351\" data-end=\"521\">Esponja de microfibra S8 Green Fiber ideal para eliminar grasa y suciedad dif\u00edcil. No deja pelusa ni rayas. Uso h\u00famedo, perfecta para ollas, sartenes y limpieza profunda.<\/p>\n","protected":false},"featured_media":196,"comment_status":"open","ping_status":"closed","template":"","meta":{"site-sidebar-layout":"default","site-content-layout":"","ast-site-content-layout":"default","site-content-style":"default","site-sidebar-style":"default","ast-global-header-display":"","ast-banner-title-visibility":"","ast-main-header-display":"","ast-hfb-above-header-display":"","ast-hfb-below-header-display":"","ast-hfb-mobile-header-display":"","site-post-title":"","ast-breadcrumbs-content":"","ast-featured-img":"","footer-sml-layout":"","ast-disable-related-posts":"","theme-transparent-header-meta":"default","adv-header-id-meta":"","stick-header-meta":"","header-above-stick-meta":"","header-main-stick-meta":"","header-below-stick-meta":"","astra-migrate-meta-layouts":"set","ast-page-background-enabled":"default","ast-page-background-meta":{"desktop":{"background-color":"var(--ast-global-color-5)","background-image":"","background-repeat":"repeat","background-position":"center center","background-size":"auto","background-attachment":"scroll","background-type":"","background-media":"","overlay-type":"","overlay-color":"","overlay-opacity":"","overlay-gradient":""},"tablet":{"background-color":"","background-image":"","background-repeat":"repeat","background-position":"center center","background-size":"auto","background-attachment":"scroll","background-type":"","background-media":"","overlay-type":"","overlay-color":"","overlay-opacity":"","overlay-gradient":""},"mobile":{"background-color":"","background-image":"","background-repeat":"repeat","background-position":"center center","background-size":"auto","background-attachment":"scroll","background-type":"","background-media":"","overlay-type":"","overlay-color":"","overlay-opacity":"","overlay-gradient":""}},"ast-content-background-meta":{"desktop":{"background-color":"var(--ast-global-color-4)","background-image":"","background-repeat":"repeat","background-position":"center center","background-size":"auto","background-attachment":"scroll","background-type":"","background-media":"","overlay-type":"","overlay-color":"","overlay-opacity":"","overlay-gradient":""},"tablet":{"background-color":"var(--ast-global-color-4)","background-image":"","background-repeat":"repeat","background-position":"center center","background-size":"auto","background-attachment":"scroll","background-type":"","background-media":"","overlay-type":"","overlay-color":"","overlay-opacity":"","overlay-gradient":""},"mobile":{"background-color":"var(--ast-global-color-4)","background-image":"","background-repeat":"repeat","background-position":"center center","background-size":"auto","background-attachment":"scroll","background-type":"","background-media":"","overlay-type":"","overlay-color":"","overlay-opacity":"","overlay-gradient":""}}},"product_brand":[22],"product_cat":[18],"product_tag":[],"class_list":{"0":"post-195","1":"product","2":"type-product","3":"status-publish","4":"has-post-thumbnail","6":"product_brand-green-fiber","7":"product_cat-hogar","8":"desktop-align-left","9":"tablet-align-left","10":"mobile-align-left","12":"first","13":"instock","14":"shipping-taxable","15":"product-type-external"},"yoast_head":"<!-- This site is optimized with the Yoast SEO plugin v27.3 - https:\/\/yoast.com\/product\/yoast-seo-wordpress\/ -->\n<title>Esponja Antigrasa Cocina S8 Greenfiber | Limpieza Profunda<\/title>\n<meta name=\"description\" content=\"Esponja antigrasa S8 Greenfiber ideal para eliminar suciedad dif\u00edcil. No deja pelusa ni rayas. Perfecta para ollas, sartenes y limpieza profunda.\" \/>\n<meta name=\"robots\" content=\"index, follow, max-snippet:-1, max-image-preview:large, max-video-preview:-1\" \/>\n<link rel=\"canonical\" href=\"https:\/\/tecnofibras.com\/shop\/producto\/esponja-antigrasa-cocina-s8-greenfiber\/\" \/>\n<meta property=\"og:locale\" content=\"es_ES\" \/>\n<meta property=\"og:type\" content=\"article\" \/>\n<meta property=\"og:title\" content=\"Esponja Antigrasa Cocina S8 Greenfiber | Limpieza Profunda\" \/>\n<meta property=\"og:description\" content=\"Esponja antigrasa S8 Greenfiber ideal para eliminar suciedad dif\u00edcil. No deja pelusa ni rayas. Perfecta para ollas, sartenes y limpieza profunda.\" \/>\n<meta property=\"og:url\" content=\"https:\/\/tecnofibras.com\/shop\/producto\/esponja-antigrasa-cocina-s8-greenfiber\/\" \/>\n<meta property=\"og:site_name\" content=\"Art\u00edculos de limpieza ecol\u00f3gicos con microfibra sin qu\u00edmicos | Tecnofibras\" \/>\n<meta property=\"article:publisher\" content=\"https:\/\/www.facebook.com\/Tecnofibrasok\/\" \/>\n<meta property=\"article:modified_time\" content=\"2026-04-16T10:58:59+00:00\" \/>\n<meta property=\"og:image\" content=\"https:\/\/tecnofibras.com\/shop\/wp-content\/uploads\/2026\/04\/esponja-antigrasa-s8-greenfiber.jpg\" \/>\n\t<meta property=\"og:image:width\" content=\"1024\" \/>\n\t<meta property=\"og:image:height\" content=\"1024\" \/>\n\t<meta property=\"og:image:type\" content=\"image\/jpeg\" \/>\n<meta name=\"twitter:card\" content=\"summary_large_image\" \/>\n<meta name=\"twitter:label1\" content=\"Tiempo de lectura\" \/>\n\t<meta name=\"twitter:data1\" content=\"2 minutos\" \/>\n<script type=\"application\/ld+json\" class=\"yoast-schema-graph\">{\"@context\":\"https:\\\/\\\/schema.org\",\"@graph\":[{\"@type\":\"WebPage\",\"@id\":\"https:\\\/\\\/tecnofibras.com\\\/shop\\\/producto\\\/esponja-antigrasa-cocina-s8-greenfiber\\\/\",\"url\":\"https:\\\/\\\/tecnofibras.com\\\/shop\\\/producto\\\/esponja-antigrasa-cocina-s8-greenfiber\\\/\",\"name\":\"Esponja Antigrasa Cocina S8 Greenfiber | Limpieza Profunda\",\"isPartOf\":{\"@id\":\"https:\\\/\\\/tecnofibras.com\\\/shop\\\/#website\"},\"primaryImageOfPage\":{\"@id\":\"https:\\\/\\\/tecnofibras.com\\\/shop\\\/producto\\\/esponja-antigrasa-cocina-s8-greenfiber\\\/#primaryimage\"},\"image\":{\"@id\":\"https:\\\/\\\/tecnofibras.com\\\/shop\\\/producto\\\/esponja-antigrasa-cocina-s8-greenfiber\\\/#primaryimage\"},\"thumbnailUrl\":\"https:\\\/\\\/tecnofibras.com\\\/shop\\\/wp-content\\\/uploads\\\/2026\\\/04\\\/esponja-antigrasa-s8-greenfiber.jpg\",\"datePublished\":\"2026-04-09T11:46:50+00:00\",\"dateModified\":\"2026-04-16T10:58:59+00:00\",\"description\":\"Esponja antigrasa S8 Greenfiber ideal para eliminar suciedad dif\u00edcil. No deja pelusa ni rayas. Perfecta para ollas, sartenes y limpieza profunda.\",\"breadcrumb\":{\"@id\":\"https:\\\/\\\/tecnofibras.com\\\/shop\\\/producto\\\/esponja-antigrasa-cocina-s8-greenfiber\\\/#breadcrumb\"},\"inLanguage\":\"es\",\"potentialAction\":[{\"@type\":\"ReadAction\",\"target\":[\"https:\\\/\\\/tecnofibras.com\\\/shop\\\/producto\\\/esponja-antigrasa-cocina-s8-greenfiber\\\/\"]}]},{\"@type\":\"ImageObject\",\"inLanguage\":\"es\",\"@id\":\"https:\\\/\\\/tecnofibras.com\\\/shop\\\/producto\\\/esponja-antigrasa-cocina-s8-greenfiber\\\/#primaryimage\",\"url\":\"https:\\\/\\\/tecnofibras.com\\\/shop\\\/wp-content\\\/uploads\\\/2026\\\/04\\\/esponja-antigrasa-s8-greenfiber.jpg\",\"contentUrl\":\"https:\\\/\\\/tecnofibras.com\\\/shop\\\/wp-content\\\/uploads\\\/2026\\\/04\\\/esponja-antigrasa-s8-greenfiber.jpg\",\"width\":1024,\"height\":1024,\"caption\":\"esponja antigrasa cocina S8 Green Fiber\"},{\"@type\":\"BreadcrumbList\",\"@id\":\"https:\\\/\\\/tecnofibras.com\\\/shop\\\/producto\\\/esponja-antigrasa-cocina-s8-greenfiber\\\/#breadcrumb\",\"itemListElement\":[{\"@type\":\"ListItem\",\"position\":1,\"name\":\"Portada\",\"item\":\"https:\\\/\\\/tecnofibras.com\\\/shop\\\/\"},{\"@type\":\"ListItem\",\"position\":2,\"name\":\"Tienda\",\"item\":\"https:\\\/\\\/tecnofibras.com\\\/shop\\\/\"},{\"@type\":\"ListItem\",\"position\":3,\"name\":\"Green Fiber HOME S8 | Esponja Antigrasa Cocina Involver Sin Rayar\"}]},{\"@type\":\"WebSite\",\"@id\":\"https:\\\/\\\/tecnofibras.com\\\/shop\\\/#website\",\"url\":\"https:\\\/\\\/tecnofibras.com\\\/shop\\\/\",\"name\":\"Tecnofibras\",\"description\":\"\",\"publisher\":{\"@id\":\"https:\\\/\\\/tecnofibras.com\\\/shop\\\/#organization\"},\"potentialAction\":[{\"@type\":\"SearchAction\",\"target\":{\"@type\":\"EntryPoint\",\"urlTemplate\":\"https:\\\/\\\/tecnofibras.com\\\/shop\\\/?s={search_term_string}\"},\"query-input\":{\"@type\":\"PropertyValueSpecification\",\"valueRequired\":true,\"valueName\":\"search_term_string\"}}],\"inLanguage\":\"es\"},{\"@type\":\"Organization\",\"@id\":\"https:\\\/\\\/tecnofibras.com\\\/shop\\\/#organization\",\"name\":\"\ud83d\udc49 Tecnofibras\",\"url\":\"https:\\\/\\\/tecnofibras.com\\\/shop\\\/\",\"logo\":{\"@type\":\"ImageObject\",\"inLanguage\":\"es\",\"@id\":\"https:\\\/\\\/tecnofibras.com\\\/shop\\\/#\\\/schema\\\/logo\\\/image\\\/\",\"url\":\"https:\\\/\\\/tecnofibras.com\\\/shop\\\/wp-content\\\/uploads\\\/2026\\\/04\\\/cropped-logo-tecnofibras.png\",\"contentUrl\":\"https:\\\/\\\/tecnofibras.com\\\/shop\\\/wp-content\\\/uploads\\\/2026\\\/04\\\/cropped-logo-tecnofibras.png\",\"width\":318,\"height\":102,\"caption\":\"\ud83d\udc49 Tecnofibras\"},\"image\":{\"@id\":\"https:\\\/\\\/tecnofibras.com\\\/shop\\\/#\\\/schema\\\/logo\\\/image\\\/\"},\"sameAs\":[\"https:\\\/\\\/www.facebook.com\\\/Tecnofibrasok\\\/\",\"https:\\\/\\\/www.instagram.com\\\/tecnofibrasok\",\"https:\\\/\\\/www.tiktok.com\\\/@limpieza_green\",\"https:\\\/\\\/www.youtube.com\\\/@tecnofibrasok\"]}]}<\/script>\n<!-- \/ Yoast SEO plugin. -->","yoast_head_json":{"title":"Esponja Antigrasa Cocina S8 Greenfiber | Limpieza Profunda","description":"Esponja antigrasa S8 Greenfiber ideal para eliminar suciedad dif\u00edcil. No deja pelusa ni rayas. Perfecta para ollas, sartenes y limpieza profunda.","robots":{"index":"index","follow":"follow","max-snippet":"max-snippet:-1","max-image-preview":"max-image-preview:large","max-video-preview":"max-video-preview:-1"},"canonical":"https:\/\/tecnofibras.com\/shop\/producto\/esponja-antigrasa-cocina-s8-greenfiber\/","og_locale":"es_ES","og_type":"article","og_title":"Esponja Antigrasa Cocina S8 Greenfiber | Limpieza Profunda","og_description":"Esponja antigrasa S8 Greenfiber ideal para eliminar suciedad dif\u00edcil. No deja pelusa ni rayas. Perfecta para ollas, sartenes y limpieza profunda.","og_url":"https:\/\/tecnofibras.com\/shop\/producto\/esponja-antigrasa-cocina-s8-greenfiber\/","og_site_name":"Art\u00edculos de limpieza ecol\u00f3gicos con microfibra sin qu\u00edmicos | Tecnofibras","article_publisher":"https:\/\/www.facebook.com\/Tecnofibrasok\/","article_modified_time":"2026-04-16T10:58:59+00:00","og_image":[{"width":1024,"height":1024,"url":"https:\/\/tecnofibras.com\/shop\/wp-content\/uploads\/2026\/04\/esponja-antigrasa-s8-greenfiber.jpg","type":"image\/jpeg"}],"twitter_card":"summary_large_image","twitter_misc":{"Tiempo de lectura":"2 minutos"},"schema":{"@context":"https:\/\/schema.org","@graph":[{"@type":"WebPage","@id":"https:\/\/tecnofibras.com\/shop\/producto\/esponja-antigrasa-cocina-s8-greenfiber\/","url":"https:\/\/tecnofibras.com\/shop\/producto\/esponja-antigrasa-cocina-s8-greenfiber\/","name":"Esponja Antigrasa Cocina S8 Greenfiber | Limpieza Profunda","isPartOf":{"@id":"https:\/\/tecnofibras.com\/shop\/#website"},"primaryImageOfPage":{"@id":"https:\/\/tecnofibras.com\/shop\/producto\/esponja-antigrasa-cocina-s8-greenfiber\/#primaryimage"},"image":{"@id":"https:\/\/tecnofibras.com\/shop\/producto\/esponja-antigrasa-cocina-s8-greenfiber\/#primaryimage"},"thumbnailUrl":"https:\/\/tecnofibras.com\/shop\/wp-content\/uploads\/2026\/04\/esponja-antigrasa-s8-greenfiber.jpg","datePublished":"2026-04-09T11:46:50+00:00","dateModified":"2026-04-16T10:58:59+00:00","description":"Esponja antigrasa S8 Greenfiber ideal para eliminar suciedad dif\u00edcil. No deja pelusa ni rayas. Perfecta para ollas, sartenes y limpieza profunda.","breadcrumb":{"@id":"https:\/\/tecnofibras.com\/shop\/producto\/esponja-antigrasa-cocina-s8-greenfiber\/#breadcrumb"},"inLanguage":"es","potentialAction":[{"@type":"ReadAction","target":["https:\/\/tecnofibras.com\/shop\/producto\/esponja-antigrasa-cocina-s8-greenfiber\/"]}]},{"@type":"ImageObject","inLanguage":"es","@id":"https:\/\/tecnofibras.com\/shop\/producto\/esponja-antigrasa-cocina-s8-greenfiber\/#primaryimage","url":"https:\/\/tecnofibras.com\/shop\/wp-content\/uploads\/2026\/04\/esponja-antigrasa-s8-greenfiber.jpg","contentUrl":"https:\/\/tecnofibras.com\/shop\/wp-content\/uploads\/2026\/04\/esponja-antigrasa-s8-greenfiber.jpg","width":1024,"height":1024,"caption":"esponja antigrasa cocina S8 Green Fiber"},{"@type":"BreadcrumbList","@id":"https:\/\/tecnofibras.com\/shop\/producto\/esponja-antigrasa-cocina-s8-greenfiber\/#breadcrumb","itemListElement":[{"@type":"ListItem","position":1,"name":"Portada","item":"https:\/\/tecnofibras.com\/shop\/"},{"@type":"ListItem","position":2,"name":"Tienda","item":"https:\/\/tecnofibras.com\/shop\/"},{"@type":"ListItem","position":3,"name":"Green Fiber HOME S8 | Esponja Antigrasa Cocina Involver Sin Rayar"}]},{"@type":"WebSite","@id":"https:\/\/tecnofibras.com\/shop\/#website","url":"https:\/\/tecnofibras.com\/shop\/","name":"Tecnofibras","description":"","publisher":{"@id":"https:\/\/tecnofibras.com\/shop\/#organization"},"potentialAction":[{"@type":"SearchAction","target":{"@type":"EntryPoint","urlTemplate":"https:\/\/tecnofibras.com\/shop\/?s={search_term_string}"},"query-input":{"@type":"PropertyValueSpecification","valueRequired":true,"valueName":"search_term_string"}}],"inLanguage":"es"},{"@type":"Organization","@id":"https:\/\/tecnofibras.com\/shop\/#organization","name":"\ud83d\udc49 Tecnofibras","url":"https:\/\/tecnofibras.com\/shop\/","logo":{"@type":"ImageObject","inLanguage":"es","@id":"https:\/\/tecnofibras.com\/shop\/#\/schema\/logo\/image\/","url":"https:\/\/tecnofibras.com\/shop\/wp-content\/uploads\/2026\/04\/cropped-logo-tecnofibras.png","contentUrl":"https:\/\/tecnofibras.com\/shop\/wp-content\/uploads\/2026\/04\/cropped-logo-tecnofibras.png","width":318,"height":102,"caption":"\ud83d\udc49 Tecnofibras"},"image":{"@id":"https:\/\/tecnofibras.com\/shop\/#\/schema\/logo\/image\/"},"sameAs":["https:\/\/www.facebook.com\/Tecnofibrasok\/","https:\/\/www.instagram.com\/tecnofibrasok","https:\/\/www.tiktok.com\/@limpieza_green","https:\/\/www.youtube.com\/@tecnofibrasok"]}]}},"_links":{"self":[{"href":"https:\/\/tecnofibras.com\/shop\/wp-json\/wp\/v2\/product\/195","targetHints":{"allow":["GET"]}}],"collection":[{"href":"https:\/\/tecnofibras.com\/shop\/wp-json\/wp\/v2\/product"}],"about":[{"href":"https:\/\/tecnofibras.com\/shop\/wp-json\/wp\/v2\/types\/product"}],"replies":[{"embeddable":true,"href":"https:\/\/tecnofibras.com\/shop\/wp-json\/wp\/v2\/comments?post=195"}],"wp:featuredmedia":[{"embeddable":true,"href":"https:\/\/tecnofibras.com\/shop\/wp-json\/wp\/v2\/media\/196"}],"wp:attachment":[{"href":"https:\/\/tecnofibras.com\/shop\/wp-json\/wp\/v2\/media?parent=195"}],"wp:term":[{"taxonomy":"product_brand","embeddable":true,"href":"https:\/\/tecnofibras.com\/shop\/wp-json\/wp\/v2\/product_brand?post=195"},{"taxonomy":"product_cat","embeddable":true,"href":"https:\/\/tecnofibras.com\/shop\/wp-json\/wp\/v2\/product_cat?post=195"},{"taxonomy":"product_tag","embeddable":true,"href":"https:\/\/tecnofibras.com\/shop\/wp-json\/wp\/v2\/product_tag?post=195"}],"curies":[{"name":"wp","href":"https:\/\/api.w.org\/{rel}","templated":true}]}}