{"id":187,"date":"2026-04-09T11:14:03","date_gmt":"2026-04-09T11:14:03","guid":{"rendered":"https:\/\/tecnofibras.com\/shop\/?post_type=product&#038;p=187"},"modified":"2026-04-16T11:27:39","modified_gmt":"2026-04-16T11:27:39","slug":"manopla-limpieza-antigrasa-s10-greenfiber","status":"publish","type":"product","link":"https:\/\/tecnofibras.com\/shop\/producto\/manopla-limpieza-antigrasa-s10-greenfiber\/","title":{"rendered":"Green Fiber HOME S10 | Manopla de Limpieza Antigrasa Microfibra Involver"},"content":{"rendered":"<p data-start=\"537\" data-end=\"580\">\ud83d\udca5 <strong data-start=\"540\" data-end=\"580\">LIMPIEZA PROFUNDA CON M\u00c1XIMO CONTROL<\/strong><\/p>\n<p data-start=\"582\" data-end=\"708\">La manopla de microfibra S10 Green Fiber est\u00e1 dise\u00f1ada para eliminar suciedad dif\u00edcil y grasa con mayor precisi\u00f3n y comodidad.<\/p>\n<hr data-start=\"710\" data-end=\"713\" \/>\n<p data-start=\"715\" data-end=\"752\">\ud83e\udde4 <strong data-start=\"718\" data-end=\"752\">Dise\u00f1o tipo manopla ergon\u00f3mica<\/strong><\/p>\n<p data-start=\"754\" data-end=\"861\">\u2714 Se adapta perfectamente a la mano<br data-start=\"789\" data-end=\"792\" \/>\u2714 Mayor control al limpiar<br data-start=\"818\" data-end=\"821\" \/>\u2714 Facilita el acceso a zonas dif\u00edciles<\/p>\n<hr data-start=\"863\" data-end=\"866\" \/>\n<p data-start=\"868\" data-end=\"901\">\ud83d\udd25 <strong data-start=\"871\" data-end=\"901\">Alta capacidad de limpieza<\/strong><\/p>\n<ul data-start=\"903\" data-end=\"996\">\n<li data-section-id=\"1i6wide\" data-start=\"903\" data-end=\"940\">Elimina grasa y suciedad adherida<\/li>\n<li data-section-id=\"1xwfxth\" data-start=\"941\" data-end=\"973\">Ideal para limpieza profunda<\/li>\n<li data-section-id=\"ck3vfq\" data-start=\"974\" data-end=\"996\">Reduce el esfuerzo<\/li>\n<\/ul>\n<hr data-start=\"998\" data-end=\"1001\" \/>\n<p data-start=\"1003\" data-end=\"1038\">\ud83c\udfe0 <strong data-start=\"1006\" data-end=\"1038\">Uso en distintas superficies<\/strong><\/p>\n<ul data-start=\"1040\" data-end=\"1087\">\n<li data-section-id=\"1h6z1j5\" data-start=\"1040\" data-end=\"1050\">Cocina<\/li>\n<li data-section-id=\"1vlof3p\" data-start=\"1051\" data-end=\"1059\">Ba\u00f1o<\/li>\n<li data-section-id=\"g6134p\" data-start=\"1060\" data-end=\"1087\">Superficies resistentes<\/li>\n<\/ul>\n<hr data-start=\"1089\" data-end=\"1092\" \/>\n<p data-start=\"1094\" data-end=\"1111\">\u26a0\ufe0f <strong data-start=\"1097\" data-end=\"1111\">Importante<\/strong><\/p>\n<p data-start=\"1113\" data-end=\"1124\">No usar en:<\/p>\n<ul data-start=\"1125\" data-end=\"1196\">\n<li data-section-id=\"1vb46ei\" data-start=\"1125\" data-end=\"1150\">Superficies delicadas<\/li>\n<li data-section-id=\"e0j3je\" data-start=\"1151\" data-end=\"1175\">Lacadas o brillantes<\/li>\n<li data-section-id=\"16p112d\" data-start=\"1176\" data-end=\"1196\">Acero inoxidable<\/li>\n<\/ul>\n<hr data-start=\"1198\" data-end=\"1201\" \/>\n<p data-start=\"1203\" data-end=\"1223\">\ud83d\udca7 <strong data-start=\"1206\" data-end=\"1223\">Uso en h\u00famedo<\/strong><\/p>\n<p data-start=\"1225\" data-end=\"1280\">Solo necesit\u00e1s agua para lograr una limpieza eficiente.<\/p>\n<hr data-start=\"1282\" data-end=\"1285\" \/>\n<p data-start=\"1287\" data-end=\"1316\">\ud83c\udf31 <strong data-start=\"1290\" data-end=\"1316\">Sin productos qu\u00edmicos<\/strong><\/p>\n<p data-start=\"1318\" data-end=\"1369\">\u2714 Limpieza m\u00e1s segura<br data-start=\"1339\" data-end=\"1342\" \/>\u2714 Menor impacto ambiental<\/p>\n<hr data-start=\"1371\" data-end=\"1374\" \/>\n<p data-start=\"1376\" data-end=\"1406\">\ud83d\udcaa <strong data-start=\"1379\" data-end=\"1406\">Durabilidad garantizada<\/strong><\/p>\n<p data-start=\"1408\" data-end=\"1493\">\u2714 Resistente al uso intensivo<br data-start=\"1437\" data-end=\"1440\" \/>\u2714 Mantiene su eficacia<br data-start=\"1462\" data-end=\"1465\" \/>\u2714 Ideal para uso frecuente<\/p>\n<hr data-start=\"1495\" data-end=\"1498\" \/>\n<p data-start=\"1500\" data-end=\"1522\">\ud83d\udccf <strong data-start=\"1503\" data-end=\"1522\">Caracter\u00edsticas<\/strong><\/p>\n<ul data-start=\"1524\" data-end=\"1636\">\n<li data-section-id=\"j2qk75\" data-start=\"1524\" data-end=\"1546\">Tama\u00f1o: 23 x 21 cm<\/li>\n<li data-section-id=\"skl0bz\" data-start=\"1547\" data-end=\"1563\">Color: Verde<\/li>\n<li data-section-id=\"u03td2\" data-start=\"1564\" data-end=\"1606\">Material: 80% poli\u00e9ster, 20% poliamida<\/li>\n<li data-section-id=\"kgnax\" data-start=\"1607\" data-end=\"1636\">Relleno: 100% poliuretano<\/li>\n<\/ul>\n<hr data-start=\"1638\" data-end=\"1641\" \/>\n<p data-start=\"1643\" data-end=\"1723\">\ud83d\udc49 Ideal para quienes necesitan una herramienta efectiva para limpieza profunda.<\/p>\n<hr data-start=\"1725\" data-end=\"1728\" \/>\n<div class=\"ast-oembed-container \" style=\"height: 100%;\"><iframe loading=\"lazy\" title=\"Green Fiber HOME S10 Involver Manopla\" width=\"500\" height=\"281\" src=\"https:\/\/www.youtube.com\/embed\/ITL8701Ilxg?feature=oembed\" frameborder=\"0\" allow=\"accelerometer; autoplay; clipboard-write; encrypted-media; gyroscope; picture-in-picture; web-share\" referrerpolicy=\"strict-origin-when-cross-origin\" allowfullscreen><\/iframe><\/div>\n<p data-start=\"1768\" data-end=\"1873\">Esta manopla de limpieza antigrasa es ideal para eliminar suciedad dif\u00edcil en cocina y ba\u00f1o sin esfuerzo.<\/p>\n<p data-start=\"1875\" data-end=\"1980\">Si busc\u00e1s una manopla de microfibra para limpieza profunda, la S10 es una excelente opci\u00f3n para el hogar.<\/p>\n","protected":false},"excerpt":{"rendered":"<p data-start=\"316\" data-end=\"500\">Manopla de limpieza S10 Green Fiber ideal para eliminar grasa y suciedad dif\u00edcil. Dise\u00f1o ergon\u00f3mico, uso h\u00famedo y alta eficacia sin qu\u00edmicos. Perfecta para limpieza profunda del hogar.<\/p>\n","protected":false},"featured_media":188,"comment_status":"open","ping_status":"closed","template":"","meta":{"site-sidebar-layout":"default","site-content-layout":"","ast-site-content-layout":"default","site-content-style":"default","site-sidebar-style":"default","ast-global-header-display":"","ast-banner-title-visibility":"","ast-main-header-display":"","ast-hfb-above-header-display":"","ast-hfb-below-header-display":"","ast-hfb-mobile-header-display":"","site-post-title":"","ast-breadcrumbs-content":"","ast-featured-img":"","footer-sml-layout":"","ast-disable-related-posts":"","theme-transparent-header-meta":"default","adv-header-id-meta":"","stick-header-meta":"","header-above-stick-meta":"","header-main-stick-meta":"","header-below-stick-meta":"","astra-migrate-meta-layouts":"set","ast-page-background-enabled":"default","ast-page-background-meta":{"desktop":{"background-color":"var(--ast-global-color-5)","background-image":"","background-repeat":"repeat","background-position":"center center","background-size":"auto","background-attachment":"scroll","background-type":"","background-media":"","overlay-type":"","overlay-color":"","overlay-opacity":"","overlay-gradient":""},"tablet":{"background-color":"","background-image":"","background-repeat":"repeat","background-position":"center center","background-size":"auto","background-attachment":"scroll","background-type":"","background-media":"","overlay-type":"","overlay-color":"","overlay-opacity":"","overlay-gradient":""},"mobile":{"background-color":"","background-image":"","background-repeat":"repeat","background-position":"center center","background-size":"auto","background-attachment":"scroll","background-type":"","background-media":"","overlay-type":"","overlay-color":"","overlay-opacity":"","overlay-gradient":""}},"ast-content-background-meta":{"desktop":{"background-color":"var(--ast-global-color-4)","background-image":"","background-repeat":"repeat","background-position":"center center","background-size":"auto","background-attachment":"scroll","background-type":"","background-media":"","overlay-type":"","overlay-color":"","overlay-opacity":"","overlay-gradient":""},"tablet":{"background-color":"var(--ast-global-color-4)","background-image":"","background-repeat":"repeat","background-position":"center center","background-size":"auto","background-attachment":"scroll","background-type":"","background-media":"","overlay-type":"","overlay-color":"","overlay-opacity":"","overlay-gradient":""},"mobile":{"background-color":"var(--ast-global-color-4)","background-image":"","background-repeat":"repeat","background-position":"center center","background-size":"auto","background-attachment":"scroll","background-type":"","background-media":"","overlay-type":"","overlay-color":"","overlay-opacity":"","overlay-gradient":""}}},"product_brand":[22],"product_cat":[18],"product_tag":[],"class_list":{"0":"post-187","1":"product","2":"type-product","3":"status-publish","4":"has-post-thumbnail","6":"product_brand-green-fiber","7":"product_cat-hogar","8":"desktop-align-left","9":"tablet-align-left","10":"mobile-align-left","12":"first","13":"instock","14":"shipping-taxable","15":"product-type-external"},"yoast_head":"<!-- This site is optimized with the Yoast SEO plugin v27.3 - https:\/\/yoast.com\/product\/yoast-seo-wordpress\/ -->\n<title>Manopla Limpieza Antigrasa S10 Greenfiber | Limpieza Profunda<\/title>\n<meta name=\"description\" content=\"Manopla de limpieza S10 Greenfiber ideal para eliminar grasa y suciedad dif\u00edcil. Ergon\u00f3mica, resistente y sin qu\u00edmicos. Perfecta para cocina y ba\u00f1o.\" \/>\n<meta name=\"robots\" content=\"index, follow, max-snippet:-1, max-image-preview:large, max-video-preview:-1\" \/>\n<link rel=\"canonical\" href=\"https:\/\/tecnofibras.com\/shop\/producto\/manopla-limpieza-antigrasa-s10-greenfiber\/\" \/>\n<meta property=\"og:locale\" content=\"es_ES\" \/>\n<meta property=\"og:type\" content=\"article\" \/>\n<meta property=\"og:title\" content=\"Manopla Limpieza Antigrasa S10 Greenfiber | Limpieza Profunda\" \/>\n<meta property=\"og:description\" content=\"Manopla de limpieza S10 Greenfiber ideal para eliminar grasa y suciedad dif\u00edcil. Ergon\u00f3mica, resistente y sin qu\u00edmicos. Perfecta para cocina y ba\u00f1o.\" \/>\n<meta property=\"og:url\" content=\"https:\/\/tecnofibras.com\/shop\/producto\/manopla-limpieza-antigrasa-s10-greenfiber\/\" \/>\n<meta property=\"og:site_name\" content=\"Art\u00edculos de limpieza ecol\u00f3gicos con microfibra sin qu\u00edmicos | Tecnofibras\" \/>\n<meta property=\"article:publisher\" content=\"https:\/\/www.facebook.com\/Tecnofibrasok\/\" \/>\n<meta property=\"article:modified_time\" content=\"2026-04-16T11:27:39+00:00\" \/>\n<meta property=\"og:image\" content=\"https:\/\/tecnofibras.com\/shop\/wp-content\/uploads\/2026\/04\/manopla-limpieza-s10-greenfiber.jpg\" \/>\n\t<meta property=\"og:image:width\" content=\"1024\" \/>\n\t<meta property=\"og:image:height\" content=\"1024\" \/>\n\t<meta property=\"og:image:type\" content=\"image\/jpeg\" \/>\n<meta name=\"twitter:card\" content=\"summary_large_image\" \/>\n<meta name=\"twitter:label1\" content=\"Tiempo de lectura\" \/>\n\t<meta name=\"twitter:data1\" content=\"2 minutos\" \/>\n<script type=\"application\/ld+json\" class=\"yoast-schema-graph\">{\"@context\":\"https:\\\/\\\/schema.org\",\"@graph\":[{\"@type\":\"WebPage\",\"@id\":\"https:\\\/\\\/tecnofibras.com\\\/shop\\\/producto\\\/manopla-limpieza-antigrasa-s10-greenfiber\\\/\",\"url\":\"https:\\\/\\\/tecnofibras.com\\\/shop\\\/producto\\\/manopla-limpieza-antigrasa-s10-greenfiber\\\/\",\"name\":\"Manopla Limpieza Antigrasa S10 Greenfiber | Limpieza Profunda\",\"isPartOf\":{\"@id\":\"https:\\\/\\\/tecnofibras.com\\\/shop\\\/#website\"},\"primaryImageOfPage\":{\"@id\":\"https:\\\/\\\/tecnofibras.com\\\/shop\\\/producto\\\/manopla-limpieza-antigrasa-s10-greenfiber\\\/#primaryimage\"},\"image\":{\"@id\":\"https:\\\/\\\/tecnofibras.com\\\/shop\\\/producto\\\/manopla-limpieza-antigrasa-s10-greenfiber\\\/#primaryimage\"},\"thumbnailUrl\":\"https:\\\/\\\/tecnofibras.com\\\/shop\\\/wp-content\\\/uploads\\\/2026\\\/04\\\/manopla-limpieza-s10-greenfiber.jpg\",\"datePublished\":\"2026-04-09T11:14:03+00:00\",\"dateModified\":\"2026-04-16T11:27:39+00:00\",\"description\":\"Manopla de limpieza S10 Greenfiber ideal para eliminar grasa y suciedad dif\u00edcil. Ergon\u00f3mica, resistente y sin qu\u00edmicos. Perfecta para cocina y ba\u00f1o.\",\"breadcrumb\":{\"@id\":\"https:\\\/\\\/tecnofibras.com\\\/shop\\\/producto\\\/manopla-limpieza-antigrasa-s10-greenfiber\\\/#breadcrumb\"},\"inLanguage\":\"es\",\"potentialAction\":[{\"@type\":\"ReadAction\",\"target\":[\"https:\\\/\\\/tecnofibras.com\\\/shop\\\/producto\\\/manopla-limpieza-antigrasa-s10-greenfiber\\\/\"]}]},{\"@type\":\"ImageObject\",\"inLanguage\":\"es\",\"@id\":\"https:\\\/\\\/tecnofibras.com\\\/shop\\\/producto\\\/manopla-limpieza-antigrasa-s10-greenfiber\\\/#primaryimage\",\"url\":\"https:\\\/\\\/tecnofibras.com\\\/shop\\\/wp-content\\\/uploads\\\/2026\\\/04\\\/manopla-limpieza-s10-greenfiber.jpg\",\"contentUrl\":\"https:\\\/\\\/tecnofibras.com\\\/shop\\\/wp-content\\\/uploads\\\/2026\\\/04\\\/manopla-limpieza-s10-greenfiber.jpg\",\"width\":1024,\"height\":1024,\"caption\":\"manopla limpieza microfibra S10 antigrasa\"},{\"@type\":\"BreadcrumbList\",\"@id\":\"https:\\\/\\\/tecnofibras.com\\\/shop\\\/producto\\\/manopla-limpieza-antigrasa-s10-greenfiber\\\/#breadcrumb\",\"itemListElement\":[{\"@type\":\"ListItem\",\"position\":1,\"name\":\"Portada\",\"item\":\"https:\\\/\\\/tecnofibras.com\\\/shop\\\/\"},{\"@type\":\"ListItem\",\"position\":2,\"name\":\"Tienda\",\"item\":\"https:\\\/\\\/tecnofibras.com\\\/shop\\\/\"},{\"@type\":\"ListItem\",\"position\":3,\"name\":\"Green Fiber HOME S10 | Manopla de Limpieza Antigrasa Microfibra Involver\"}]},{\"@type\":\"WebSite\",\"@id\":\"https:\\\/\\\/tecnofibras.com\\\/shop\\\/#website\",\"url\":\"https:\\\/\\\/tecnofibras.com\\\/shop\\\/\",\"name\":\"Tecnofibras\",\"description\":\"\",\"publisher\":{\"@id\":\"https:\\\/\\\/tecnofibras.com\\\/shop\\\/#organization\"},\"potentialAction\":[{\"@type\":\"SearchAction\",\"target\":{\"@type\":\"EntryPoint\",\"urlTemplate\":\"https:\\\/\\\/tecnofibras.com\\\/shop\\\/?s={search_term_string}\"},\"query-input\":{\"@type\":\"PropertyValueSpecification\",\"valueRequired\":true,\"valueName\":\"search_term_string\"}}],\"inLanguage\":\"es\"},{\"@type\":\"Organization\",\"@id\":\"https:\\\/\\\/tecnofibras.com\\\/shop\\\/#organization\",\"name\":\"\ud83d\udc49 Tecnofibras\",\"url\":\"https:\\\/\\\/tecnofibras.com\\\/shop\\\/\",\"logo\":{\"@type\":\"ImageObject\",\"inLanguage\":\"es\",\"@id\":\"https:\\\/\\\/tecnofibras.com\\\/shop\\\/#\\\/schema\\\/logo\\\/image\\\/\",\"url\":\"https:\\\/\\\/tecnofibras.com\\\/shop\\\/wp-content\\\/uploads\\\/2026\\\/04\\\/cropped-logo-tecnofibras.png\",\"contentUrl\":\"https:\\\/\\\/tecnofibras.com\\\/shop\\\/wp-content\\\/uploads\\\/2026\\\/04\\\/cropped-logo-tecnofibras.png\",\"width\":318,\"height\":102,\"caption\":\"\ud83d\udc49 Tecnofibras\"},\"image\":{\"@id\":\"https:\\\/\\\/tecnofibras.com\\\/shop\\\/#\\\/schema\\\/logo\\\/image\\\/\"},\"sameAs\":[\"https:\\\/\\\/www.facebook.com\\\/Tecnofibrasok\\\/\",\"https:\\\/\\\/www.instagram.com\\\/tecnofibrasok\",\"https:\\\/\\\/www.tiktok.com\\\/@limpieza_green\",\"https:\\\/\\\/www.youtube.com\\\/@tecnofibrasok\"]}]}<\/script>\n<!-- \/ Yoast SEO plugin. -->","yoast_head_json":{"title":"Manopla Limpieza Antigrasa S10 Greenfiber | Limpieza Profunda","description":"Manopla de limpieza S10 Greenfiber ideal para eliminar grasa y suciedad dif\u00edcil. Ergon\u00f3mica, resistente y sin qu\u00edmicos. Perfecta para cocina y ba\u00f1o.","robots":{"index":"index","follow":"follow","max-snippet":"max-snippet:-1","max-image-preview":"max-image-preview:large","max-video-preview":"max-video-preview:-1"},"canonical":"https:\/\/tecnofibras.com\/shop\/producto\/manopla-limpieza-antigrasa-s10-greenfiber\/","og_locale":"es_ES","og_type":"article","og_title":"Manopla Limpieza Antigrasa S10 Greenfiber | Limpieza Profunda","og_description":"Manopla de limpieza S10 Greenfiber ideal para eliminar grasa y suciedad dif\u00edcil. Ergon\u00f3mica, resistente y sin qu\u00edmicos. Perfecta para cocina y ba\u00f1o.","og_url":"https:\/\/tecnofibras.com\/shop\/producto\/manopla-limpieza-antigrasa-s10-greenfiber\/","og_site_name":"Art\u00edculos de limpieza ecol\u00f3gicos con microfibra sin qu\u00edmicos | Tecnofibras","article_publisher":"https:\/\/www.facebook.com\/Tecnofibrasok\/","article_modified_time":"2026-04-16T11:27:39+00:00","og_image":[{"width":1024,"height":1024,"url":"https:\/\/tecnofibras.com\/shop\/wp-content\/uploads\/2026\/04\/manopla-limpieza-s10-greenfiber.jpg","type":"image\/jpeg"}],"twitter_card":"summary_large_image","twitter_misc":{"Tiempo de lectura":"2 minutos"},"schema":{"@context":"https:\/\/schema.org","@graph":[{"@type":"WebPage","@id":"https:\/\/tecnofibras.com\/shop\/producto\/manopla-limpieza-antigrasa-s10-greenfiber\/","url":"https:\/\/tecnofibras.com\/shop\/producto\/manopla-limpieza-antigrasa-s10-greenfiber\/","name":"Manopla Limpieza Antigrasa S10 Greenfiber | Limpieza Profunda","isPartOf":{"@id":"https:\/\/tecnofibras.com\/shop\/#website"},"primaryImageOfPage":{"@id":"https:\/\/tecnofibras.com\/shop\/producto\/manopla-limpieza-antigrasa-s10-greenfiber\/#primaryimage"},"image":{"@id":"https:\/\/tecnofibras.com\/shop\/producto\/manopla-limpieza-antigrasa-s10-greenfiber\/#primaryimage"},"thumbnailUrl":"https:\/\/tecnofibras.com\/shop\/wp-content\/uploads\/2026\/04\/manopla-limpieza-s10-greenfiber.jpg","datePublished":"2026-04-09T11:14:03+00:00","dateModified":"2026-04-16T11:27:39+00:00","description":"Manopla de limpieza S10 Greenfiber ideal para eliminar grasa y suciedad dif\u00edcil. Ergon\u00f3mica, resistente y sin qu\u00edmicos. Perfecta para cocina y ba\u00f1o.","breadcrumb":{"@id":"https:\/\/tecnofibras.com\/shop\/producto\/manopla-limpieza-antigrasa-s10-greenfiber\/#breadcrumb"},"inLanguage":"es","potentialAction":[{"@type":"ReadAction","target":["https:\/\/tecnofibras.com\/shop\/producto\/manopla-limpieza-antigrasa-s10-greenfiber\/"]}]},{"@type":"ImageObject","inLanguage":"es","@id":"https:\/\/tecnofibras.com\/shop\/producto\/manopla-limpieza-antigrasa-s10-greenfiber\/#primaryimage","url":"https:\/\/tecnofibras.com\/shop\/wp-content\/uploads\/2026\/04\/manopla-limpieza-s10-greenfiber.jpg","contentUrl":"https:\/\/tecnofibras.com\/shop\/wp-content\/uploads\/2026\/04\/manopla-limpieza-s10-greenfiber.jpg","width":1024,"height":1024,"caption":"manopla limpieza microfibra S10 antigrasa"},{"@type":"BreadcrumbList","@id":"https:\/\/tecnofibras.com\/shop\/producto\/manopla-limpieza-antigrasa-s10-greenfiber\/#breadcrumb","itemListElement":[{"@type":"ListItem","position":1,"name":"Portada","item":"https:\/\/tecnofibras.com\/shop\/"},{"@type":"ListItem","position":2,"name":"Tienda","item":"https:\/\/tecnofibras.com\/shop\/"},{"@type":"ListItem","position":3,"name":"Green Fiber HOME S10 | Manopla de Limpieza Antigrasa Microfibra Involver"}]},{"@type":"WebSite","@id":"https:\/\/tecnofibras.com\/shop\/#website","url":"https:\/\/tecnofibras.com\/shop\/","name":"Tecnofibras","description":"","publisher":{"@id":"https:\/\/tecnofibras.com\/shop\/#organization"},"potentialAction":[{"@type":"SearchAction","target":{"@type":"EntryPoint","urlTemplate":"https:\/\/tecnofibras.com\/shop\/?s={search_term_string}"},"query-input":{"@type":"PropertyValueSpecification","valueRequired":true,"valueName":"search_term_string"}}],"inLanguage":"es"},{"@type":"Organization","@id":"https:\/\/tecnofibras.com\/shop\/#organization","name":"\ud83d\udc49 Tecnofibras","url":"https:\/\/tecnofibras.com\/shop\/","logo":{"@type":"ImageObject","inLanguage":"es","@id":"https:\/\/tecnofibras.com\/shop\/#\/schema\/logo\/image\/","url":"https:\/\/tecnofibras.com\/shop\/wp-content\/uploads\/2026\/04\/cropped-logo-tecnofibras.png","contentUrl":"https:\/\/tecnofibras.com\/shop\/wp-content\/uploads\/2026\/04\/cropped-logo-tecnofibras.png","width":318,"height":102,"caption":"\ud83d\udc49 Tecnofibras"},"image":{"@id":"https:\/\/tecnofibras.com\/shop\/#\/schema\/logo\/image\/"},"sameAs":["https:\/\/www.facebook.com\/Tecnofibrasok\/","https:\/\/www.instagram.com\/tecnofibrasok","https:\/\/www.tiktok.com\/@limpieza_green","https:\/\/www.youtube.com\/@tecnofibrasok"]}]}},"_links":{"self":[{"href":"https:\/\/tecnofibras.com\/shop\/wp-json\/wp\/v2\/product\/187","targetHints":{"allow":["GET"]}}],"collection":[{"href":"https:\/\/tecnofibras.com\/shop\/wp-json\/wp\/v2\/product"}],"about":[{"href":"https:\/\/tecnofibras.com\/shop\/wp-json\/wp\/v2\/types\/product"}],"replies":[{"embeddable":true,"href":"https:\/\/tecnofibras.com\/shop\/wp-json\/wp\/v2\/comments?post=187"}],"wp:featuredmedia":[{"embeddable":true,"href":"https:\/\/tecnofibras.com\/shop\/wp-json\/wp\/v2\/media\/188"}],"wp:attachment":[{"href":"https:\/\/tecnofibras.com\/shop\/wp-json\/wp\/v2\/media?parent=187"}],"wp:term":[{"taxonomy":"product_brand","embeddable":true,"href":"https:\/\/tecnofibras.com\/shop\/wp-json\/wp\/v2\/product_brand?post=187"},{"taxonomy":"product_cat","embeddable":true,"href":"https:\/\/tecnofibras.com\/shop\/wp-json\/wp\/v2\/product_cat?post=187"},{"taxonomy":"product_tag","embeddable":true,"href":"https:\/\/tecnofibras.com\/shop\/wp-json\/wp\/v2\/product_tag?post=187"}],"curies":[{"name":"wp","href":"https:\/\/api.w.org\/{rel}","templated":true}]}}