{"id":184,"date":"2026-04-09T10:58:34","date_gmt":"2026-04-09T10:58:34","guid":{"rendered":"https:\/\/tecnofibras.com\/shop\/?post_type=product&#038;p=184"},"modified":"2026-04-24T02:46:31","modified_gmt":"2026-04-24T02:46:31","slug":"pano-microfibra-gafas-p3-greenfiber","status":"publish","type":"product","link":"https:\/\/tecnofibras.com\/shop\/producto\/pano-microfibra-gafas-p3-greenfiber\/","title":{"rendered":"Green Fiber HOME P3 | Pa\u00f1o Microfibra para Gafas Sin Rayas ni Pelusa"},"content":{"rendered":"<p data-start=\"531\" data-end=\"562\">\ud83d\udc53 <strong data-start=\"534\" data-end=\"562\">VISI\u00d3N CLARA EN SEGUNDOS<\/strong><\/p>\n<p data-start=\"564\" data-end=\"681\">El pa\u00f1o de microfibra P3 Green Fiber est\u00e1 dise\u00f1ado para limpiar gafas de forma r\u00e1pida, segura y sin da\u00f1ar las lentes.<\/p>\n<hr data-start=\"683\" data-end=\"686\" \/>\n<p data-start=\"688\" data-end=\"719\">\u2728 <strong data-start=\"690\" data-end=\"719\">Limpieza suave y efectiva<\/strong><\/p>\n<p data-start=\"721\" data-end=\"800\">\u2714 Elimina huellas dactilares<br data-start=\"749\" data-end=\"752\" \/>\u2714 Quita polvo y suciedad<br data-start=\"776\" data-end=\"779\" \/>\u2714 Pulido sin marcas<\/p>\n<hr data-start=\"802\" data-end=\"805\" \/>\n<p data-start=\"807\" data-end=\"841\">\ud83d\udc8e <strong data-start=\"810\" data-end=\"841\">Cuidado total de las lentes<\/strong><\/p>\n<ul data-start=\"843\" data-end=\"893\">\n<li data-section-id=\"xcehuq\" data-start=\"843\" data-end=\"854\">No raya<\/li>\n<li data-section-id=\"aq833x\" data-start=\"855\" data-end=\"873\">No deja pelusa<\/li>\n<li data-section-id=\"10nd8c8\" data-start=\"874\" data-end=\"893\">No deja manchas<\/li>\n<\/ul>\n<p data-start=\"895\" data-end=\"923\">Ideal para lentes delicadas.<\/p>\n<hr data-start=\"925\" data-end=\"928\" \/>\n<p data-start=\"930\" data-end=\"958\">\ud83e\uddfc <strong data-start=\"933\" data-end=\"958\">Uso simple y pr\u00e1ctico<\/strong><\/p>\n<p data-start=\"960\" data-end=\"1016\">Se utiliza en seco, sin necesidad de productos qu\u00edmicos.<\/p>\n<hr data-start=\"1018\" data-end=\"1021\" \/>\n<p data-start=\"1023\" data-end=\"1038\">\ud83d\udcf1 <strong data-start=\"1026\" data-end=\"1038\">Multiuso<\/strong><\/p>\n<p data-start=\"1040\" data-end=\"1064\">Tambi\u00e9n pod\u00e9s usarlo en:<\/p>\n<ul data-start=\"1066\" data-end=\"1128\">\n<li data-section-id=\"1lsy27l\" data-start=\"1066\" data-end=\"1090\">Pantallas de celular<\/li>\n<li data-section-id=\"k0t2a9\" data-start=\"1091\" data-end=\"1102\">Tablets<\/li>\n<li data-section-id=\"1lju92a\" data-start=\"1103\" data-end=\"1116\">Notebooks<\/li>\n<li data-section-id=\"1m9gkqu\" data-start=\"1117\" data-end=\"1128\">C\u00e1maras<\/li>\n<\/ul>\n<hr data-start=\"1130\" data-end=\"1133\" \/>\n<p data-start=\"1135\" data-end=\"1166\">\u2699\ufe0f <strong data-start=\"1138\" data-end=\"1166\">Tecnolog\u00eda de microfibra<\/strong><\/p>\n<p data-start=\"1168\" data-end=\"1213\">Fabricado con microfilamentos ultrafinos que:<\/p>\n<ul data-start=\"1215\" data-end=\"1282\">\n<li data-section-id=\"1guztai\" data-start=\"1215\" data-end=\"1245\">Atrapan suciedad sin da\u00f1ar<\/li>\n<li data-section-id=\"mmk4a1\" data-start=\"1246\" data-end=\"1282\">Mejoran el pulido de superficies<\/li>\n<\/ul>\n<hr data-start=\"1284\" data-end=\"1287\" \/>\n<p data-start=\"1289\" data-end=\"1319\">\ud83d\udcaa <strong data-start=\"1292\" data-end=\"1319\">Duradero y reutilizable<\/strong><\/p>\n<p data-start=\"1321\" data-end=\"1398\">\u2714 Resiste m\u00faltiples usos<br data-start=\"1345\" data-end=\"1348\" \/>\u2714 Mantiene su eficacia<br data-start=\"1370\" data-end=\"1373\" \/>\u2714 Ideal para uso diario<\/p>\n<hr data-start=\"1400\" data-end=\"1403\" \/>\n<p data-start=\"1405\" data-end=\"1427\">\ud83d\udccf <strong data-start=\"1408\" data-end=\"1427\">Caracter\u00edsticas<\/strong><\/p>\n<ul data-start=\"1429\" data-end=\"1496\">\n<li data-section-id=\"clobhf\" data-start=\"1429\" data-end=\"1451\">Tama\u00f1o: 15 x 15 cm<\/li>\n<li data-section-id=\"h4ngqo\" data-start=\"1452\" data-end=\"1467\">Color: Gris<\/li>\n<li data-section-id=\"fifhda\" data-start=\"1468\" data-end=\"1496\">Material: 100% poli\u00e9ster<\/li>\n<\/ul>\n<hr data-start=\"1498\" data-end=\"1501\" \/>\n<p data-start=\"1503\" data-end=\"1577\">\ud83d\udc49 Ideal para mantener tus gafas y pantallas siempre limpias y sin marcas.<\/p>\n<hr data-start=\"1579\" data-end=\"1582\" \/>\n<div class=\"ast-oembed-container \" style=\"height: 100%;\"><iframe loading=\"lazy\" title=\"Green Fiber HOME P3 Fiber para gafas\" width=\"500\" height=\"281\" src=\"https:\/\/www.youtube.com\/embed\/aXIAQ_d6YJA?feature=oembed\" frameborder=\"0\" allow=\"accelerometer; autoplay; clipboard-write; encrypted-media; gyroscope; picture-in-picture; web-share\" referrerpolicy=\"strict-origin-when-cross-origin\" allowfullscreen><\/iframe><\/div>\n<p data-start=\"1622\" data-end=\"1726\">Este pa\u00f1o de microfibra para gafas es ideal para limpiar lentes sin rayar y eliminar huellas f\u00e1cilmente.<\/p>\n<p data-start=\"1728\" data-end=\"1835\">Si busc\u00e1s un limpiador de lentes pr\u00e1ctico y reutilizable, el P3 es una excelente opci\u00f3n para el uso diario.<\/p>\n","protected":false},"excerpt":{"rendered":"<p data-start=\"318\" data-end=\"494\">Pa\u00f1o de microfibra P3 Green Fiber ideal para limpiar gafas sin rayar. Elimina huellas y suciedad sin dejar pelusa ni marcas. Uso en seco, perfecto para lentes de lectura y sol.<\/p>\n","protected":false},"featured_media":185,"comment_status":"open","ping_status":"closed","template":"","meta":{"site-sidebar-layout":"default","site-content-layout":"","ast-site-content-layout":"default","site-content-style":"default","site-sidebar-style":"default","ast-global-header-display":"","ast-banner-title-visibility":"","ast-main-header-display":"","ast-hfb-above-header-display":"","ast-hfb-below-header-display":"","ast-hfb-mobile-header-display":"","site-post-title":"","ast-breadcrumbs-content":"","ast-featured-img":"","footer-sml-layout":"","ast-disable-related-posts":"","theme-transparent-header-meta":"default","adv-header-id-meta":"","stick-header-meta":"","header-above-stick-meta":"","header-main-stick-meta":"","header-below-stick-meta":"","astra-migrate-meta-layouts":"set","ast-page-background-enabled":"default","ast-page-background-meta":{"desktop":{"background-color":"var(--ast-global-color-5)","background-image":"","background-repeat":"repeat","background-position":"center center","background-size":"auto","background-attachment":"scroll","background-type":"","background-media":"","overlay-type":"","overlay-color":"","overlay-opacity":"","overlay-gradient":""},"tablet":{"background-color":"","background-image":"","background-repeat":"repeat","background-position":"center center","background-size":"auto","background-attachment":"scroll","background-type":"","background-media":"","overlay-type":"","overlay-color":"","overlay-opacity":"","overlay-gradient":""},"mobile":{"background-color":"","background-image":"","background-repeat":"repeat","background-position":"center center","background-size":"auto","background-attachment":"scroll","background-type":"","background-media":"","overlay-type":"","overlay-color":"","overlay-opacity":"","overlay-gradient":""}},"ast-content-background-meta":{"desktop":{"background-color":"var(--ast-global-color-4)","background-image":"","background-repeat":"repeat","background-position":"center center","background-size":"auto","background-attachment":"scroll","background-type":"","background-media":"","overlay-type":"","overlay-color":"","overlay-opacity":"","overlay-gradient":""},"tablet":{"background-color":"var(--ast-global-color-4)","background-image":"","background-repeat":"repeat","background-position":"center center","background-size":"auto","background-attachment":"scroll","background-type":"","background-media":"","overlay-type":"","overlay-color":"","overlay-opacity":"","overlay-gradient":""},"mobile":{"background-color":"var(--ast-global-color-4)","background-image":"","background-repeat":"repeat","background-position":"center center","background-size":"auto","background-attachment":"scroll","background-type":"","background-media":"","overlay-type":"","overlay-color":"","overlay-opacity":"","overlay-gradient":""}}},"product_brand":[22],"product_cat":[18,27],"product_tag":[],"class_list":{"0":"post-184","1":"product","2":"type-product","3":"status-publish","4":"has-post-thumbnail","6":"product_brand-green-fiber","7":"product_cat-hogar","8":"product_cat-vidrios","9":"desktop-align-left","10":"tablet-align-left","11":"mobile-align-left","13":"first","14":"instock","15":"shipping-taxable","16":"product-type-external"},"yoast_head":"<!-- This site is optimized with the Yoast SEO plugin v27.3 - https:\/\/yoast.com\/product\/yoast-seo-wordpress\/ -->\n<title>Pa\u00f1o Microfibra Gafas P3 Greenfiber | Limpia Lentes Sin Rayas<\/title>\n<meta name=\"description\" content=\"Limpi\u00e1 tus gafas con el pa\u00f1o de microfibra P3 Greenfiber. Elimina huellas, no raya y no deja pelusa. Ideal para lentes y pantallas.\" \/>\n<meta name=\"robots\" content=\"index, follow, max-snippet:-1, max-image-preview:large, max-video-preview:-1\" \/>\n<link rel=\"canonical\" href=\"https:\/\/tecnofibras.com\/shop\/producto\/pano-microfibra-gafas-p3-greenfiber\/\" \/>\n<meta property=\"og:locale\" content=\"es_ES\" \/>\n<meta property=\"og:type\" content=\"article\" \/>\n<meta property=\"og:title\" content=\"Pa\u00f1o Microfibra Gafas P3 Greenfiber | Limpia Lentes Sin Rayas\" \/>\n<meta property=\"og:description\" content=\"Limpi\u00e1 tus gafas con el pa\u00f1o de microfibra P3 Greenfiber. Elimina huellas, no raya y no deja pelusa. Ideal para lentes y pantallas.\" \/>\n<meta property=\"og:url\" content=\"https:\/\/tecnofibras.com\/shop\/producto\/pano-microfibra-gafas-p3-greenfiber\/\" \/>\n<meta property=\"og:site_name\" content=\"Art\u00edculos de limpieza ecol\u00f3gicos con microfibra sin qu\u00edmicos | Tecnofibras\" \/>\n<meta property=\"article:publisher\" content=\"https:\/\/www.facebook.com\/Tecnofibrasok\/\" \/>\n<meta property=\"article:modified_time\" content=\"2026-04-24T02:46:31+00:00\" \/>\n<meta property=\"og:image\" content=\"https:\/\/tecnofibras.com\/shop\/wp-content\/uploads\/2026\/04\/pano-microfibra-gafas-p3-greenfiber.jpg\" \/>\n\t<meta property=\"og:image:width\" content=\"1024\" \/>\n\t<meta property=\"og:image:height\" content=\"1024\" \/>\n\t<meta property=\"og:image:type\" content=\"image\/jpeg\" \/>\n<meta name=\"twitter:card\" content=\"summary_large_image\" \/>\n<meta name=\"twitter:label1\" content=\"Tiempo de lectura\" \/>\n\t<meta name=\"twitter:data1\" content=\"2 minutos\" \/>\n<script type=\"application\/ld+json\" class=\"yoast-schema-graph\">{\"@context\":\"https:\\\/\\\/schema.org\",\"@graph\":[{\"@type\":\"WebPage\",\"@id\":\"https:\\\/\\\/tecnofibras.com\\\/shop\\\/producto\\\/pano-microfibra-gafas-p3-greenfiber\\\/\",\"url\":\"https:\\\/\\\/tecnofibras.com\\\/shop\\\/producto\\\/pano-microfibra-gafas-p3-greenfiber\\\/\",\"name\":\"Pa\u00f1o Microfibra Gafas P3 Greenfiber | Limpia Lentes Sin Rayas\",\"isPartOf\":{\"@id\":\"https:\\\/\\\/tecnofibras.com\\\/shop\\\/#website\"},\"primaryImageOfPage\":{\"@id\":\"https:\\\/\\\/tecnofibras.com\\\/shop\\\/producto\\\/pano-microfibra-gafas-p3-greenfiber\\\/#primaryimage\"},\"image\":{\"@id\":\"https:\\\/\\\/tecnofibras.com\\\/shop\\\/producto\\\/pano-microfibra-gafas-p3-greenfiber\\\/#primaryimage\"},\"thumbnailUrl\":\"https:\\\/\\\/tecnofibras.com\\\/shop\\\/wp-content\\\/uploads\\\/2026\\\/04\\\/pano-microfibra-gafas-p3-greenfiber.jpg\",\"datePublished\":\"2026-04-09T10:58:34+00:00\",\"dateModified\":\"2026-04-24T02:46:31+00:00\",\"description\":\"Limpi\u00e1 tus gafas con el pa\u00f1o de microfibra P3 Greenfiber. Elimina huellas, no raya y no deja pelusa. Ideal para lentes y pantallas.\",\"breadcrumb\":{\"@id\":\"https:\\\/\\\/tecnofibras.com\\\/shop\\\/producto\\\/pano-microfibra-gafas-p3-greenfiber\\\/#breadcrumb\"},\"inLanguage\":\"es\",\"potentialAction\":[{\"@type\":\"ReadAction\",\"target\":[\"https:\\\/\\\/tecnofibras.com\\\/shop\\\/producto\\\/pano-microfibra-gafas-p3-greenfiber\\\/\"]}]},{\"@type\":\"ImageObject\",\"inLanguage\":\"es\",\"@id\":\"https:\\\/\\\/tecnofibras.com\\\/shop\\\/producto\\\/pano-microfibra-gafas-p3-greenfiber\\\/#primaryimage\",\"url\":\"https:\\\/\\\/tecnofibras.com\\\/shop\\\/wp-content\\\/uploads\\\/2026\\\/04\\\/pano-microfibra-gafas-p3-greenfiber.jpg\",\"contentUrl\":\"https:\\\/\\\/tecnofibras.com\\\/shop\\\/wp-content\\\/uploads\\\/2026\\\/04\\\/pano-microfibra-gafas-p3-greenfiber.jpg\",\"width\":1024,\"height\":1024,\"caption\":\"pa\u00f1o microfibra para gafas P3 sin rayas\"},{\"@type\":\"BreadcrumbList\",\"@id\":\"https:\\\/\\\/tecnofibras.com\\\/shop\\\/producto\\\/pano-microfibra-gafas-p3-greenfiber\\\/#breadcrumb\",\"itemListElement\":[{\"@type\":\"ListItem\",\"position\":1,\"name\":\"Portada\",\"item\":\"https:\\\/\\\/tecnofibras.com\\\/shop\\\/\"},{\"@type\":\"ListItem\",\"position\":2,\"name\":\"Tienda\",\"item\":\"https:\\\/\\\/tecnofibras.com\\\/shop\\\/\"},{\"@type\":\"ListItem\",\"position\":3,\"name\":\"Green Fiber HOME P3 | Pa\u00f1o Microfibra para Gafas Sin Rayas ni Pelusa\"}]},{\"@type\":\"WebSite\",\"@id\":\"https:\\\/\\\/tecnofibras.com\\\/shop\\\/#website\",\"url\":\"https:\\\/\\\/tecnofibras.com\\\/shop\\\/\",\"name\":\"Tecnofibras\",\"description\":\"\",\"publisher\":{\"@id\":\"https:\\\/\\\/tecnofibras.com\\\/shop\\\/#organization\"},\"potentialAction\":[{\"@type\":\"SearchAction\",\"target\":{\"@type\":\"EntryPoint\",\"urlTemplate\":\"https:\\\/\\\/tecnofibras.com\\\/shop\\\/?s={search_term_string}\"},\"query-input\":{\"@type\":\"PropertyValueSpecification\",\"valueRequired\":true,\"valueName\":\"search_term_string\"}}],\"inLanguage\":\"es\"},{\"@type\":\"Organization\",\"@id\":\"https:\\\/\\\/tecnofibras.com\\\/shop\\\/#organization\",\"name\":\"\ud83d\udc49 Tecnofibras\",\"url\":\"https:\\\/\\\/tecnofibras.com\\\/shop\\\/\",\"logo\":{\"@type\":\"ImageObject\",\"inLanguage\":\"es\",\"@id\":\"https:\\\/\\\/tecnofibras.com\\\/shop\\\/#\\\/schema\\\/logo\\\/image\\\/\",\"url\":\"https:\\\/\\\/tecnofibras.com\\\/shop\\\/wp-content\\\/uploads\\\/2026\\\/04\\\/cropped-logo-tecnofibras.png\",\"contentUrl\":\"https:\\\/\\\/tecnofibras.com\\\/shop\\\/wp-content\\\/uploads\\\/2026\\\/04\\\/cropped-logo-tecnofibras.png\",\"width\":318,\"height\":102,\"caption\":\"\ud83d\udc49 Tecnofibras\"},\"image\":{\"@id\":\"https:\\\/\\\/tecnofibras.com\\\/shop\\\/#\\\/schema\\\/logo\\\/image\\\/\"},\"sameAs\":[\"https:\\\/\\\/www.facebook.com\\\/Tecnofibrasok\\\/\",\"https:\\\/\\\/www.instagram.com\\\/tecnofibrasok\",\"https:\\\/\\\/www.tiktok.com\\\/@limpieza_green\",\"https:\\\/\\\/www.youtube.com\\\/@tecnofibrasok\"]}]}<\/script>\n<!-- \/ Yoast SEO plugin. -->","yoast_head_json":{"title":"Pa\u00f1o Microfibra Gafas P3 Greenfiber | Limpia Lentes Sin Rayas","description":"Limpi\u00e1 tus gafas con el pa\u00f1o de microfibra P3 Greenfiber. Elimina huellas, no raya y no deja pelusa. Ideal para lentes y pantallas.","robots":{"index":"index","follow":"follow","max-snippet":"max-snippet:-1","max-image-preview":"max-image-preview:large","max-video-preview":"max-video-preview:-1"},"canonical":"https:\/\/tecnofibras.com\/shop\/producto\/pano-microfibra-gafas-p3-greenfiber\/","og_locale":"es_ES","og_type":"article","og_title":"Pa\u00f1o Microfibra Gafas P3 Greenfiber | Limpia Lentes Sin Rayas","og_description":"Limpi\u00e1 tus gafas con el pa\u00f1o de microfibra P3 Greenfiber. Elimina huellas, no raya y no deja pelusa. Ideal para lentes y pantallas.","og_url":"https:\/\/tecnofibras.com\/shop\/producto\/pano-microfibra-gafas-p3-greenfiber\/","og_site_name":"Art\u00edculos de limpieza ecol\u00f3gicos con microfibra sin qu\u00edmicos | Tecnofibras","article_publisher":"https:\/\/www.facebook.com\/Tecnofibrasok\/","article_modified_time":"2026-04-24T02:46:31+00:00","og_image":[{"width":1024,"height":1024,"url":"https:\/\/tecnofibras.com\/shop\/wp-content\/uploads\/2026\/04\/pano-microfibra-gafas-p3-greenfiber.jpg","type":"image\/jpeg"}],"twitter_card":"summary_large_image","twitter_misc":{"Tiempo de lectura":"2 minutos"},"schema":{"@context":"https:\/\/schema.org","@graph":[{"@type":"WebPage","@id":"https:\/\/tecnofibras.com\/shop\/producto\/pano-microfibra-gafas-p3-greenfiber\/","url":"https:\/\/tecnofibras.com\/shop\/producto\/pano-microfibra-gafas-p3-greenfiber\/","name":"Pa\u00f1o Microfibra Gafas P3 Greenfiber | Limpia Lentes Sin Rayas","isPartOf":{"@id":"https:\/\/tecnofibras.com\/shop\/#website"},"primaryImageOfPage":{"@id":"https:\/\/tecnofibras.com\/shop\/producto\/pano-microfibra-gafas-p3-greenfiber\/#primaryimage"},"image":{"@id":"https:\/\/tecnofibras.com\/shop\/producto\/pano-microfibra-gafas-p3-greenfiber\/#primaryimage"},"thumbnailUrl":"https:\/\/tecnofibras.com\/shop\/wp-content\/uploads\/2026\/04\/pano-microfibra-gafas-p3-greenfiber.jpg","datePublished":"2026-04-09T10:58:34+00:00","dateModified":"2026-04-24T02:46:31+00:00","description":"Limpi\u00e1 tus gafas con el pa\u00f1o de microfibra P3 Greenfiber. Elimina huellas, no raya y no deja pelusa. Ideal para lentes y pantallas.","breadcrumb":{"@id":"https:\/\/tecnofibras.com\/shop\/producto\/pano-microfibra-gafas-p3-greenfiber\/#breadcrumb"},"inLanguage":"es","potentialAction":[{"@type":"ReadAction","target":["https:\/\/tecnofibras.com\/shop\/producto\/pano-microfibra-gafas-p3-greenfiber\/"]}]},{"@type":"ImageObject","inLanguage":"es","@id":"https:\/\/tecnofibras.com\/shop\/producto\/pano-microfibra-gafas-p3-greenfiber\/#primaryimage","url":"https:\/\/tecnofibras.com\/shop\/wp-content\/uploads\/2026\/04\/pano-microfibra-gafas-p3-greenfiber.jpg","contentUrl":"https:\/\/tecnofibras.com\/shop\/wp-content\/uploads\/2026\/04\/pano-microfibra-gafas-p3-greenfiber.jpg","width":1024,"height":1024,"caption":"pa\u00f1o microfibra para gafas P3 sin rayas"},{"@type":"BreadcrumbList","@id":"https:\/\/tecnofibras.com\/shop\/producto\/pano-microfibra-gafas-p3-greenfiber\/#breadcrumb","itemListElement":[{"@type":"ListItem","position":1,"name":"Portada","item":"https:\/\/tecnofibras.com\/shop\/"},{"@type":"ListItem","position":2,"name":"Tienda","item":"https:\/\/tecnofibras.com\/shop\/"},{"@type":"ListItem","position":3,"name":"Green Fiber HOME P3 | Pa\u00f1o Microfibra para Gafas Sin Rayas ni Pelusa"}]},{"@type":"WebSite","@id":"https:\/\/tecnofibras.com\/shop\/#website","url":"https:\/\/tecnofibras.com\/shop\/","name":"Tecnofibras","description":"","publisher":{"@id":"https:\/\/tecnofibras.com\/shop\/#organization"},"potentialAction":[{"@type":"SearchAction","target":{"@type":"EntryPoint","urlTemplate":"https:\/\/tecnofibras.com\/shop\/?s={search_term_string}"},"query-input":{"@type":"PropertyValueSpecification","valueRequired":true,"valueName":"search_term_string"}}],"inLanguage":"es"},{"@type":"Organization","@id":"https:\/\/tecnofibras.com\/shop\/#organization","name":"\ud83d\udc49 Tecnofibras","url":"https:\/\/tecnofibras.com\/shop\/","logo":{"@type":"ImageObject","inLanguage":"es","@id":"https:\/\/tecnofibras.com\/shop\/#\/schema\/logo\/image\/","url":"https:\/\/tecnofibras.com\/shop\/wp-content\/uploads\/2026\/04\/cropped-logo-tecnofibras.png","contentUrl":"https:\/\/tecnofibras.com\/shop\/wp-content\/uploads\/2026\/04\/cropped-logo-tecnofibras.png","width":318,"height":102,"caption":"\ud83d\udc49 Tecnofibras"},"image":{"@id":"https:\/\/tecnofibras.com\/shop\/#\/schema\/logo\/image\/"},"sameAs":["https:\/\/www.facebook.com\/Tecnofibrasok\/","https:\/\/www.instagram.com\/tecnofibrasok","https:\/\/www.tiktok.com\/@limpieza_green","https:\/\/www.youtube.com\/@tecnofibrasok"]}]}},"_links":{"self":[{"href":"https:\/\/tecnofibras.com\/shop\/wp-json\/wp\/v2\/product\/184","targetHints":{"allow":["GET"]}}],"collection":[{"href":"https:\/\/tecnofibras.com\/shop\/wp-json\/wp\/v2\/product"}],"about":[{"href":"https:\/\/tecnofibras.com\/shop\/wp-json\/wp\/v2\/types\/product"}],"replies":[{"embeddable":true,"href":"https:\/\/tecnofibras.com\/shop\/wp-json\/wp\/v2\/comments?post=184"}],"wp:featuredmedia":[{"embeddable":true,"href":"https:\/\/tecnofibras.com\/shop\/wp-json\/wp\/v2\/media\/185"}],"wp:attachment":[{"href":"https:\/\/tecnofibras.com\/shop\/wp-json\/wp\/v2\/media?parent=184"}],"wp:term":[{"taxonomy":"product_brand","embeddable":true,"href":"https:\/\/tecnofibras.com\/shop\/wp-json\/wp\/v2\/product_brand?post=184"},{"taxonomy":"product_cat","embeddable":true,"href":"https:\/\/tecnofibras.com\/shop\/wp-json\/wp\/v2\/product_cat?post=184"},{"taxonomy":"product_tag","embeddable":true,"href":"https:\/\/tecnofibras.com\/shop\/wp-json\/wp\/v2\/product_tag?post=184"}],"curies":[{"name":"wp","href":"https:\/\/api.w.org\/{rel}","templated":true}]}}