{"id":180,"date":"2026-04-09T10:46:03","date_gmt":"2026-04-09T10:46:03","guid":{"rendered":"https:\/\/tecnofibras.com\/shop\/?post_type=product&#038;p=180"},"modified":"2026-04-16T11:31:32","modified_gmt":"2026-04-16T11:31:32","slug":"esponja-facial-exfoliante-microfibra-care3-greenfiber","status":"publish","type":"product","link":"https:\/\/tecnofibras.com\/shop\/producto\/esponja-facial-exfoliante-microfibra-care3-greenfiber\/","title":{"rendered":"Green Fiber CARE 3 | Esponja Facial Exfoliante Microfibra Peeling Sponge"},"content":{"rendered":"<p data-start=\"538\" data-end=\"578\">\ud83d\udca5 <strong data-start=\"541\" data-end=\"578\">LIMPIEZA PROFUNDA Y PIEL RENOVADA<\/strong><\/p>\n<p data-start=\"580\" data-end=\"739\">La esponja exfoliante CARE 3 Green Fiber est\u00e1 dise\u00f1ada para limpiar el rostro en profundidad, eliminando impurezas y c\u00e9lulas muertas de forma suave y efectiva.<\/p>\n<hr data-start=\"741\" data-end=\"744\" \/>\n<p data-start=\"746\" data-end=\"775\">\u2728 <strong data-start=\"748\" data-end=\"775\">Efecto peeling + masaje<\/strong><\/p>\n<p data-start=\"777\" data-end=\"882\">\u2714 Exfolia la piel suavemente<br data-start=\"805\" data-end=\"808\" \/>\u2714 Elimina c\u00e9lulas queratinizadas<br data-start=\"840\" data-end=\"843\" \/>\u2714 Proporciona micromasaje estimulante<\/p>\n<hr data-start=\"884\" data-end=\"887\" \/>\n<p data-start=\"889\" data-end=\"923\">\ud83c\udf3f <strong data-start=\"892\" data-end=\"923\">Piel m\u00e1s limpia y saludable<\/strong><\/p>\n<ul data-start=\"925\" data-end=\"1028\">\n<li data-section-id=\"1ogvada\" data-start=\"925\" data-end=\"958\">Ayuda a reducir puntos negros<\/li>\n<li data-section-id=\"18vuu4\" data-start=\"959\" data-end=\"991\">Mejora la textura de la piel<\/li>\n<li data-section-id=\"10vdony\" data-start=\"992\" data-end=\"1028\">Deja un acabado suave y uniforme<\/li>\n<\/ul>\n<hr data-start=\"1030\" data-end=\"1033\" \/>\n<p data-start=\"1035\" data-end=\"1062\">\ud83d\udca7 <strong data-start=\"1038\" data-end=\"1062\">Uso simple y natural<\/strong><\/p>\n<p data-start=\"1064\" data-end=\"1140\">Se utiliza solo con agua, sin necesidad de productos cosm\u00e9ticos adicionales.<\/p>\n<hr data-start=\"1142\" data-end=\"1145\" \/>\n<p data-start=\"1147\" data-end=\"1181\">\ud83c\udf31 <strong data-start=\"1150\" data-end=\"1181\">Apta para todo tipo de piel<\/strong><\/p>\n<p data-start=\"1183\" data-end=\"1243\">\u2714 Piel sensible<br data-start=\"1198\" data-end=\"1201\" \/>\u2714 Uso diario<br data-start=\"1213\" data-end=\"1216\" \/>\u2714 Cuidado facial completo<\/p>\n<hr data-start=\"1245\" data-end=\"1248\" \/>\n<p data-start=\"1250\" data-end=\"1274\">\u2699\ufe0f <strong data-start=\"1253\" data-end=\"1274\">Tecnolog\u00eda UpPoly<\/strong><\/p>\n<p data-start=\"1276\" data-end=\"1300\">Microfibra avanzada que:<\/p>\n<ul data-start=\"1302\" data-end=\"1381\">\n<li data-section-id=\"15s8nu\" data-start=\"1302\" data-end=\"1326\">Limpia profundamente<\/li>\n<li data-section-id=\"bduzkh\" data-start=\"1327\" data-end=\"1346\">Respeta la piel<\/li>\n<li data-section-id=\"t6tmmo\" data-start=\"1347\" data-end=\"1381\">Mejora la regeneraci\u00f3n natural<\/li>\n<\/ul>\n<hr data-start=\"1383\" data-end=\"1386\" \/>\n<p data-start=\"1388\" data-end=\"1418\">\ud83d\udcaa <strong data-start=\"1391\" data-end=\"1418\">Duradera y reutilizable<\/strong><\/p>\n<p data-start=\"1420\" data-end=\"1527\">\u2714 Resistente al uso frecuente<br data-start=\"1449\" data-end=\"1452\" \/>\u2714 Mantiene su eficacia<br data-start=\"1474\" data-end=\"1477\" \/>\u2714 Alternativa ecol\u00f3gica a productos descartables<\/p>\n<hr data-start=\"1529\" data-end=\"1532\" \/>\n<p data-start=\"1534\" data-end=\"1556\">\ud83d\udccf <strong data-start=\"1537\" data-end=\"1556\">Caracter\u00edsticas<\/strong><\/p>\n<ul data-start=\"1558\" data-end=\"1649\">\n<li data-section-id=\"wr95zo\" data-start=\"1558\" data-end=\"1580\">Tama\u00f1o: 8 x 4.5 cm<\/li>\n<li data-section-id=\"1x9xvrw\" data-start=\"1581\" data-end=\"1597\">Color: Coral<\/li>\n<li data-section-id=\"1waw157\" data-start=\"1598\" data-end=\"1649\">Material: 71% ray\u00f3n, 25% poliamida, 4% elastano<\/li>\n<\/ul>\n<hr data-start=\"1651\" data-end=\"1654\" \/>\n<p data-start=\"1656\" data-end=\"1747\">\ud83d\udc49 Ideal para quienes buscan una rutina de limpieza facial simple, efectiva y sin qu\u00edmicos.<\/p>\n<hr data-start=\"1749\" data-end=\"1752\" \/>\n<div class=\"ast-oembed-container \" style=\"height: 100%;\"><iframe loading=\"lazy\" title=\"Green Fiber CARE 3 Peeling sponge\" width=\"500\" height=\"281\" src=\"https:\/\/www.youtube.com\/embed\/V9Ey3YHQuGU?feature=oembed\" frameborder=\"0\" allow=\"accelerometer; autoplay; clipboard-write; encrypted-media; gyroscope; picture-in-picture; web-share\" referrerpolicy=\"strict-origin-when-cross-origin\" allowfullscreen><\/iframe><\/div>\n<p data-start=\"1792\" data-end=\"1915\">Esta esponja exfoliante facial es ideal para limpiar la piel en profundidad y eliminar c\u00e9lulas muertas sin da\u00f1ar el rostro.<\/p>\n<p data-start=\"1917\" data-end=\"2041\">Si busc\u00e1s una esponja facial para puntos negros y limpieza diaria sin productos qu\u00edmicos, la CARE 3 es una excelente opci\u00f3n.<\/p>\n","protected":false},"excerpt":{"rendered":"<p>Esponja facial exfoliante Green Fiber CARE 3 ideal para limpieza profunda del rostro. Elimina c\u00e9lulas muertas, puntos negros y deja la piel suave sin necesidad de productos qu\u00edmicos.<\/p>\n","protected":false},"featured_media":182,"comment_status":"open","ping_status":"closed","template":"","meta":{"site-sidebar-layout":"default","site-content-layout":"","ast-site-content-layout":"default","site-content-style":"default","site-sidebar-style":"default","ast-global-header-display":"","ast-banner-title-visibility":"","ast-main-header-display":"","ast-hfb-above-header-display":"","ast-hfb-below-header-display":"","ast-hfb-mobile-header-display":"","site-post-title":"","ast-breadcrumbs-content":"","ast-featured-img":"","footer-sml-layout":"","ast-disable-related-posts":"","theme-transparent-header-meta":"default","adv-header-id-meta":"","stick-header-meta":"","header-above-stick-meta":"","header-main-stick-meta":"","header-below-stick-meta":"","astra-migrate-meta-layouts":"set","ast-page-background-enabled":"default","ast-page-background-meta":{"desktop":{"background-color":"var(--ast-global-color-5)","background-image":"","background-repeat":"repeat","background-position":"center center","background-size":"auto","background-attachment":"scroll","background-type":"","background-media":"","overlay-type":"","overlay-color":"","overlay-opacity":"","overlay-gradient":""},"tablet":{"background-color":"","background-image":"","background-repeat":"repeat","background-position":"center center","background-size":"auto","background-attachment":"scroll","background-type":"","background-media":"","overlay-type":"","overlay-color":"","overlay-opacity":"","overlay-gradient":""},"mobile":{"background-color":"","background-image":"","background-repeat":"repeat","background-position":"center center","background-size":"auto","background-attachment":"scroll","background-type":"","background-media":"","overlay-type":"","overlay-color":"","overlay-opacity":"","overlay-gradient":""}},"ast-content-background-meta":{"desktop":{"background-color":"var(--ast-global-color-4)","background-image":"","background-repeat":"repeat","background-position":"center center","background-size":"auto","background-attachment":"scroll","background-type":"","background-media":"","overlay-type":"","overlay-color":"","overlay-opacity":"","overlay-gradient":""},"tablet":{"background-color":"var(--ast-global-color-4)","background-image":"","background-repeat":"repeat","background-position":"center center","background-size":"auto","background-attachment":"scroll","background-type":"","background-media":"","overlay-type":"","overlay-color":"","overlay-opacity":"","overlay-gradient":""},"mobile":{"background-color":"var(--ast-global-color-4)","background-image":"","background-repeat":"repeat","background-position":"center center","background-size":"auto","background-attachment":"scroll","background-type":"","background-media":"","overlay-type":"","overlay-color":"","overlay-opacity":"","overlay-gradient":""}}},"product_brand":[22],"product_cat":[21],"product_tag":[],"class_list":{"0":"post-180","1":"product","2":"type-product","3":"status-publish","4":"has-post-thumbnail","6":"product_brand-green-fiber","7":"product_cat-belleza","8":"desktop-align-left","9":"tablet-align-left","10":"mobile-align-left","12":"first","13":"instock","14":"shipping-taxable","15":"product-type-external"},"yoast_head":"<!-- This site is optimized with the Yoast SEO plugin v27.3 - https:\/\/yoast.com\/product\/yoast-seo-wordpress\/ -->\n<title>Esponja Facial Exfoliante CARE 3 Greenfiber | Limpieza Profunda<\/title>\n<meta name=\"description\" content=\"Esponja facial exfoliante CARE 3 Greenfiber. Limpia en profundidad, elimina puntos negros y deja la piel suave sin qu\u00edmicos. Ideal para uso diario.\" \/>\n<meta name=\"robots\" content=\"index, follow, max-snippet:-1, max-image-preview:large, max-video-preview:-1\" \/>\n<link rel=\"canonical\" href=\"https:\/\/tecnofibras.com\/shop\/producto\/esponja-facial-exfoliante-microfibra-care3-greenfiber\/\" \/>\n<meta property=\"og:locale\" content=\"es_ES\" \/>\n<meta property=\"og:type\" content=\"article\" \/>\n<meta property=\"og:title\" content=\"Esponja Facial Exfoliante CARE 3 Greenfiber | Limpieza Profunda\" \/>\n<meta property=\"og:description\" content=\"Esponja facial exfoliante CARE 3 Greenfiber. Limpia en profundidad, elimina puntos negros y deja la piel suave sin qu\u00edmicos. Ideal para uso diario.\" \/>\n<meta property=\"og:url\" content=\"https:\/\/tecnofibras.com\/shop\/producto\/esponja-facial-exfoliante-microfibra-care3-greenfiber\/\" \/>\n<meta property=\"og:site_name\" content=\"Art\u00edculos de limpieza ecol\u00f3gicos con microfibra sin qu\u00edmicos | Tecnofibras\" \/>\n<meta property=\"article:publisher\" content=\"https:\/\/www.facebook.com\/Tecnofibrasok\/\" \/>\n<meta property=\"article:modified_time\" content=\"2026-04-16T11:31:32+00:00\" \/>\n<meta property=\"og:image\" content=\"https:\/\/tecnofibras.com\/shop\/wp-content\/uploads\/2026\/04\/esponja-facial-exfoliante-care3-greenfiber.jpg\" \/>\n\t<meta property=\"og:image:width\" content=\"1024\" \/>\n\t<meta property=\"og:image:height\" content=\"1024\" \/>\n\t<meta property=\"og:image:type\" content=\"image\/jpeg\" \/>\n<meta name=\"twitter:card\" content=\"summary_large_image\" \/>\n<meta name=\"twitter:label1\" content=\"Tiempo de lectura\" \/>\n\t<meta name=\"twitter:data1\" content=\"2 minutos\" \/>\n<script type=\"application\/ld+json\" class=\"yoast-schema-graph\">{\"@context\":\"https:\\\/\\\/schema.org\",\"@graph\":[{\"@type\":\"WebPage\",\"@id\":\"https:\\\/\\\/tecnofibras.com\\\/shop\\\/producto\\\/esponja-facial-exfoliante-microfibra-care3-greenfiber\\\/\",\"url\":\"https:\\\/\\\/tecnofibras.com\\\/shop\\\/producto\\\/esponja-facial-exfoliante-microfibra-care3-greenfiber\\\/\",\"name\":\"Esponja Facial Exfoliante CARE 3 Greenfiber | Limpieza Profunda\",\"isPartOf\":{\"@id\":\"https:\\\/\\\/tecnofibras.com\\\/shop\\\/#website\"},\"primaryImageOfPage\":{\"@id\":\"https:\\\/\\\/tecnofibras.com\\\/shop\\\/producto\\\/esponja-facial-exfoliante-microfibra-care3-greenfiber\\\/#primaryimage\"},\"image\":{\"@id\":\"https:\\\/\\\/tecnofibras.com\\\/shop\\\/producto\\\/esponja-facial-exfoliante-microfibra-care3-greenfiber\\\/#primaryimage\"},\"thumbnailUrl\":\"https:\\\/\\\/tecnofibras.com\\\/shop\\\/wp-content\\\/uploads\\\/2026\\\/04\\\/esponja-facial-exfoliante-care3-greenfiber.jpg\",\"datePublished\":\"2026-04-09T10:46:03+00:00\",\"dateModified\":\"2026-04-16T11:31:32+00:00\",\"description\":\"Esponja facial exfoliante CARE 3 Greenfiber. Limpia en profundidad, elimina puntos negros y deja la piel suave sin qu\u00edmicos. Ideal para uso diario.\",\"breadcrumb\":{\"@id\":\"https:\\\/\\\/tecnofibras.com\\\/shop\\\/producto\\\/esponja-facial-exfoliante-microfibra-care3-greenfiber\\\/#breadcrumb\"},\"inLanguage\":\"es\",\"potentialAction\":[{\"@type\":\"ReadAction\",\"target\":[\"https:\\\/\\\/tecnofibras.com\\\/shop\\\/producto\\\/esponja-facial-exfoliante-microfibra-care3-greenfiber\\\/\"]}]},{\"@type\":\"ImageObject\",\"inLanguage\":\"es\",\"@id\":\"https:\\\/\\\/tecnofibras.com\\\/shop\\\/producto\\\/esponja-facial-exfoliante-microfibra-care3-greenfiber\\\/#primaryimage\",\"url\":\"https:\\\/\\\/tecnofibras.com\\\/shop\\\/wp-content\\\/uploads\\\/2026\\\/04\\\/esponja-facial-exfoliante-care3-greenfiber.jpg\",\"contentUrl\":\"https:\\\/\\\/tecnofibras.com\\\/shop\\\/wp-content\\\/uploads\\\/2026\\\/04\\\/esponja-facial-exfoliante-care3-greenfiber.jpg\",\"width\":1024,\"height\":1024,\"caption\":\"esponja facial exfoliante microfibra CARE 3\"},{\"@type\":\"BreadcrumbList\",\"@id\":\"https:\\\/\\\/tecnofibras.com\\\/shop\\\/producto\\\/esponja-facial-exfoliante-microfibra-care3-greenfiber\\\/#breadcrumb\",\"itemListElement\":[{\"@type\":\"ListItem\",\"position\":1,\"name\":\"Portada\",\"item\":\"https:\\\/\\\/tecnofibras.com\\\/shop\\\/\"},{\"@type\":\"ListItem\",\"position\":2,\"name\":\"Tienda\",\"item\":\"https:\\\/\\\/tecnofibras.com\\\/shop\\\/\"},{\"@type\":\"ListItem\",\"position\":3,\"name\":\"Green Fiber CARE 3 | Esponja Facial Exfoliante Microfibra Peeling Sponge\"}]},{\"@type\":\"WebSite\",\"@id\":\"https:\\\/\\\/tecnofibras.com\\\/shop\\\/#website\",\"url\":\"https:\\\/\\\/tecnofibras.com\\\/shop\\\/\",\"name\":\"Tecnofibras\",\"description\":\"\",\"publisher\":{\"@id\":\"https:\\\/\\\/tecnofibras.com\\\/shop\\\/#organization\"},\"potentialAction\":[{\"@type\":\"SearchAction\",\"target\":{\"@type\":\"EntryPoint\",\"urlTemplate\":\"https:\\\/\\\/tecnofibras.com\\\/shop\\\/?s={search_term_string}\"},\"query-input\":{\"@type\":\"PropertyValueSpecification\",\"valueRequired\":true,\"valueName\":\"search_term_string\"}}],\"inLanguage\":\"es\"},{\"@type\":\"Organization\",\"@id\":\"https:\\\/\\\/tecnofibras.com\\\/shop\\\/#organization\",\"name\":\"\ud83d\udc49 Tecnofibras\",\"url\":\"https:\\\/\\\/tecnofibras.com\\\/shop\\\/\",\"logo\":{\"@type\":\"ImageObject\",\"inLanguage\":\"es\",\"@id\":\"https:\\\/\\\/tecnofibras.com\\\/shop\\\/#\\\/schema\\\/logo\\\/image\\\/\",\"url\":\"https:\\\/\\\/tecnofibras.com\\\/shop\\\/wp-content\\\/uploads\\\/2026\\\/04\\\/cropped-logo-tecnofibras.png\",\"contentUrl\":\"https:\\\/\\\/tecnofibras.com\\\/shop\\\/wp-content\\\/uploads\\\/2026\\\/04\\\/cropped-logo-tecnofibras.png\",\"width\":318,\"height\":102,\"caption\":\"\ud83d\udc49 Tecnofibras\"},\"image\":{\"@id\":\"https:\\\/\\\/tecnofibras.com\\\/shop\\\/#\\\/schema\\\/logo\\\/image\\\/\"},\"sameAs\":[\"https:\\\/\\\/www.facebook.com\\\/Tecnofibrasok\\\/\",\"https:\\\/\\\/www.instagram.com\\\/tecnofibrasok\",\"https:\\\/\\\/www.tiktok.com\\\/@limpieza_green\",\"https:\\\/\\\/www.youtube.com\\\/@tecnofibrasok\"]}]}<\/script>\n<!-- \/ Yoast SEO plugin. -->","yoast_head_json":{"title":"Esponja Facial Exfoliante CARE 3 Greenfiber | Limpieza Profunda","description":"Esponja facial exfoliante CARE 3 Greenfiber. Limpia en profundidad, elimina puntos negros y deja la piel suave sin qu\u00edmicos. Ideal para uso diario.","robots":{"index":"index","follow":"follow","max-snippet":"max-snippet:-1","max-image-preview":"max-image-preview:large","max-video-preview":"max-video-preview:-1"},"canonical":"https:\/\/tecnofibras.com\/shop\/producto\/esponja-facial-exfoliante-microfibra-care3-greenfiber\/","og_locale":"es_ES","og_type":"article","og_title":"Esponja Facial Exfoliante CARE 3 Greenfiber | Limpieza Profunda","og_description":"Esponja facial exfoliante CARE 3 Greenfiber. Limpia en profundidad, elimina puntos negros y deja la piel suave sin qu\u00edmicos. Ideal para uso diario.","og_url":"https:\/\/tecnofibras.com\/shop\/producto\/esponja-facial-exfoliante-microfibra-care3-greenfiber\/","og_site_name":"Art\u00edculos de limpieza ecol\u00f3gicos con microfibra sin qu\u00edmicos | Tecnofibras","article_publisher":"https:\/\/www.facebook.com\/Tecnofibrasok\/","article_modified_time":"2026-04-16T11:31:32+00:00","og_image":[{"width":1024,"height":1024,"url":"https:\/\/tecnofibras.com\/shop\/wp-content\/uploads\/2026\/04\/esponja-facial-exfoliante-care3-greenfiber.jpg","type":"image\/jpeg"}],"twitter_card":"summary_large_image","twitter_misc":{"Tiempo de lectura":"2 minutos"},"schema":{"@context":"https:\/\/schema.org","@graph":[{"@type":"WebPage","@id":"https:\/\/tecnofibras.com\/shop\/producto\/esponja-facial-exfoliante-microfibra-care3-greenfiber\/","url":"https:\/\/tecnofibras.com\/shop\/producto\/esponja-facial-exfoliante-microfibra-care3-greenfiber\/","name":"Esponja Facial Exfoliante CARE 3 Greenfiber | Limpieza Profunda","isPartOf":{"@id":"https:\/\/tecnofibras.com\/shop\/#website"},"primaryImageOfPage":{"@id":"https:\/\/tecnofibras.com\/shop\/producto\/esponja-facial-exfoliante-microfibra-care3-greenfiber\/#primaryimage"},"image":{"@id":"https:\/\/tecnofibras.com\/shop\/producto\/esponja-facial-exfoliante-microfibra-care3-greenfiber\/#primaryimage"},"thumbnailUrl":"https:\/\/tecnofibras.com\/shop\/wp-content\/uploads\/2026\/04\/esponja-facial-exfoliante-care3-greenfiber.jpg","datePublished":"2026-04-09T10:46:03+00:00","dateModified":"2026-04-16T11:31:32+00:00","description":"Esponja facial exfoliante CARE 3 Greenfiber. Limpia en profundidad, elimina puntos negros y deja la piel suave sin qu\u00edmicos. Ideal para uso diario.","breadcrumb":{"@id":"https:\/\/tecnofibras.com\/shop\/producto\/esponja-facial-exfoliante-microfibra-care3-greenfiber\/#breadcrumb"},"inLanguage":"es","potentialAction":[{"@type":"ReadAction","target":["https:\/\/tecnofibras.com\/shop\/producto\/esponja-facial-exfoliante-microfibra-care3-greenfiber\/"]}]},{"@type":"ImageObject","inLanguage":"es","@id":"https:\/\/tecnofibras.com\/shop\/producto\/esponja-facial-exfoliante-microfibra-care3-greenfiber\/#primaryimage","url":"https:\/\/tecnofibras.com\/shop\/wp-content\/uploads\/2026\/04\/esponja-facial-exfoliante-care3-greenfiber.jpg","contentUrl":"https:\/\/tecnofibras.com\/shop\/wp-content\/uploads\/2026\/04\/esponja-facial-exfoliante-care3-greenfiber.jpg","width":1024,"height":1024,"caption":"esponja facial exfoliante microfibra CARE 3"},{"@type":"BreadcrumbList","@id":"https:\/\/tecnofibras.com\/shop\/producto\/esponja-facial-exfoliante-microfibra-care3-greenfiber\/#breadcrumb","itemListElement":[{"@type":"ListItem","position":1,"name":"Portada","item":"https:\/\/tecnofibras.com\/shop\/"},{"@type":"ListItem","position":2,"name":"Tienda","item":"https:\/\/tecnofibras.com\/shop\/"},{"@type":"ListItem","position":3,"name":"Green Fiber CARE 3 | Esponja Facial Exfoliante Microfibra Peeling Sponge"}]},{"@type":"WebSite","@id":"https:\/\/tecnofibras.com\/shop\/#website","url":"https:\/\/tecnofibras.com\/shop\/","name":"Tecnofibras","description":"","publisher":{"@id":"https:\/\/tecnofibras.com\/shop\/#organization"},"potentialAction":[{"@type":"SearchAction","target":{"@type":"EntryPoint","urlTemplate":"https:\/\/tecnofibras.com\/shop\/?s={search_term_string}"},"query-input":{"@type":"PropertyValueSpecification","valueRequired":true,"valueName":"search_term_string"}}],"inLanguage":"es"},{"@type":"Organization","@id":"https:\/\/tecnofibras.com\/shop\/#organization","name":"\ud83d\udc49 Tecnofibras","url":"https:\/\/tecnofibras.com\/shop\/","logo":{"@type":"ImageObject","inLanguage":"es","@id":"https:\/\/tecnofibras.com\/shop\/#\/schema\/logo\/image\/","url":"https:\/\/tecnofibras.com\/shop\/wp-content\/uploads\/2026\/04\/cropped-logo-tecnofibras.png","contentUrl":"https:\/\/tecnofibras.com\/shop\/wp-content\/uploads\/2026\/04\/cropped-logo-tecnofibras.png","width":318,"height":102,"caption":"\ud83d\udc49 Tecnofibras"},"image":{"@id":"https:\/\/tecnofibras.com\/shop\/#\/schema\/logo\/image\/"},"sameAs":["https:\/\/www.facebook.com\/Tecnofibrasok\/","https:\/\/www.instagram.com\/tecnofibrasok","https:\/\/www.tiktok.com\/@limpieza_green","https:\/\/www.youtube.com\/@tecnofibrasok"]}]}},"_links":{"self":[{"href":"https:\/\/tecnofibras.com\/shop\/wp-json\/wp\/v2\/product\/180","targetHints":{"allow":["GET"]}}],"collection":[{"href":"https:\/\/tecnofibras.com\/shop\/wp-json\/wp\/v2\/product"}],"about":[{"href":"https:\/\/tecnofibras.com\/shop\/wp-json\/wp\/v2\/types\/product"}],"replies":[{"embeddable":true,"href":"https:\/\/tecnofibras.com\/shop\/wp-json\/wp\/v2\/comments?post=180"}],"wp:featuredmedia":[{"embeddable":true,"href":"https:\/\/tecnofibras.com\/shop\/wp-json\/wp\/v2\/media\/182"}],"wp:attachment":[{"href":"https:\/\/tecnofibras.com\/shop\/wp-json\/wp\/v2\/media?parent=180"}],"wp:term":[{"taxonomy":"product_brand","embeddable":true,"href":"https:\/\/tecnofibras.com\/shop\/wp-json\/wp\/v2\/product_brand?post=180"},{"taxonomy":"product_cat","embeddable":true,"href":"https:\/\/tecnofibras.com\/shop\/wp-json\/wp\/v2\/product_cat?post=180"},{"taxonomy":"product_tag","embeddable":true,"href":"https:\/\/tecnofibras.com\/shop\/wp-json\/wp\/v2\/product_tag?post=180"}],"curies":[{"name":"wp","href":"https:\/\/api.w.org\/{rel}","templated":true}]}}