{"id":177,"date":"2026-04-09T10:19:47","date_gmt":"2026-04-09T10:19:47","guid":{"rendered":"https:\/\/tecnofibras.com\/shop\/?post_type=product&#038;p=177"},"modified":"2026-04-16T11:33:28","modified_gmt":"2026-04-16T11:33:28","slug":"toalla-microfibra-waffle-grande-care11-greenfiber","status":"publish","type":"product","link":"https:\/\/tecnofibras.com\/shop\/producto\/toalla-microfibra-waffle-grande-care11-greenfiber\/","title":{"rendered":"Green Fiber CARE 11 | Toalla de Microfibra Waffle Grande Secado R\u00e1pido Lechoso"},"content":{"rendered":"<p data-start=\"535\" data-end=\"568\">\ud83d\udca5 <strong data-start=\"538\" data-end=\"568\">UNA TOALLA, M\u00daLTIPLES USOS<\/strong><\/p>\n<p data-start=\"570\" data-end=\"731\">La toalla waffle CARE 11 Green Fiber combina elegancia, practicidad y alto rendimiento en un formato grande ideal para el uso diario o actividades fuera de casa.<\/p>\n<hr data-start=\"733\" data-end=\"736\" \/>\n<p data-start=\"738\" data-end=\"776\">\ud83d\udec1 <strong data-start=\"741\" data-end=\"776\">Vers\u00e1til para cualquier ocasi\u00f3n<\/strong><\/p>\n<p data-start=\"778\" data-end=\"845\">\u2714 Ba\u00f1o y ducha<br data-start=\"792\" data-end=\"795\" \/>\u2714 Playa o pileta<br data-start=\"811\" data-end=\"814\" \/>\u2714 Gimnasio o sauna<br data-start=\"832\" data-end=\"835\" \/>\u2714 Viajes<\/p>\n<p data-start=\"847\" data-end=\"908\">Su tama\u00f1o permite usarla incluso como colchoneta en la playa.<\/p>\n<hr data-start=\"910\" data-end=\"913\" \/>\n<p data-start=\"915\" data-end=\"953\">\u2728 <strong data-start=\"917\" data-end=\"953\">Textura waffle con efecto masaje<\/strong><\/p>\n<p data-start=\"955\" data-end=\"977\">Su dise\u00f1o tipo waffle:<\/p>\n<ul data-start=\"979\" data-end=\"1087\">\n<li data-section-id=\"2gvj7q\" data-start=\"979\" data-end=\"1015\">Proporciona un suave micromasaje<\/li>\n<li data-section-id=\"wpzbxd\" data-start=\"1016\" data-end=\"1039\">Mejora la absorci\u00f3n<\/li>\n<li data-section-id=\"38z0bw\" data-start=\"1040\" data-end=\"1087\">Brinda una sensaci\u00f3n confortable en la piel<\/li>\n<\/ul>\n<hr data-start=\"1089\" data-end=\"1092\" \/>\n<p data-start=\"1094\" data-end=\"1128\">\ud83d\udca7 <strong data-start=\"1097\" data-end=\"1128\">Alta capacidad de absorci\u00f3n<\/strong><\/p>\n<p data-start=\"1130\" data-end=\"1212\">Absorbe gran cantidad de agua r\u00e1pidamente, dejando la piel seca en pocos segundos.<\/p>\n<hr data-start=\"1214\" data-end=\"1217\" \/>\n<p data-start=\"1219\" data-end=\"1248\">\u26a1 <strong data-start=\"1221\" data-end=\"1248\">Secado r\u00e1pido y liviana<\/strong><\/p>\n<p data-start=\"1250\" data-end=\"1347\">\u2714 Se seca m\u00e1s r\u00e1pido que una toalla tradicional<br data-start=\"1297\" data-end=\"1300\" \/>\u2714 F\u00e1cil de transportar<br data-start=\"1322\" data-end=\"1325\" \/>\u2714 No retiene humedad<\/p>\n<hr data-start=\"1349\" data-end=\"1352\" \/>\n<p data-start=\"1354\" data-end=\"1378\">\ud83c\udf31 <strong data-start=\"1357\" data-end=\"1378\">Tecnolog\u00eda UpPoly<\/strong><\/p>\n<p data-start=\"1380\" data-end=\"1418\">Fabricada con microfibra avanzada que:<\/p>\n<ul data-start=\"1420\" data-end=\"1503\">\n<li data-section-id=\"16h08m0\" data-start=\"1420\" data-end=\"1444\">Aumenta la absorci\u00f3n<\/li>\n<li data-section-id=\"o10h2u\" data-start=\"1445\" data-end=\"1470\">Mejora la durabilidad<\/li>\n<li data-section-id=\"1gpsfgi\" data-start=\"1471\" data-end=\"1503\">Mantiene suavidad con el uso<\/li>\n<\/ul>\n<hr data-start=\"1505\" data-end=\"1508\" \/>\n<p data-start=\"1510\" data-end=\"1538\">\ud83d\udcaa <strong data-start=\"1513\" data-end=\"1538\">Duradera y resistente<\/strong><\/p>\n<p data-start=\"1540\" data-end=\"1631\">\u2714 Soporta lavados frecuentes<br data-start=\"1568\" data-end=\"1571\" \/>\u2714 Mantiene su forma y textura<br data-start=\"1600\" data-end=\"1603\" \/>\u2714 Ideal para uso intensivo<\/p>\n<hr data-start=\"1633\" data-end=\"1636\" \/>\n<p data-start=\"1638\" data-end=\"1660\">\ud83d\udccf <strong data-start=\"1641\" data-end=\"1660\">Caracter\u00edsticas<\/strong><\/p>\n<ul data-start=\"1662\" data-end=\"1747\">\n<li data-section-id=\"1kj8iu7\" data-start=\"1662\" data-end=\"1685\">Tama\u00f1o: 80 x 150 cm<\/li>\n<li data-section-id=\"1hx66u6\" data-start=\"1686\" data-end=\"1704\">Color: Lechoso<\/li>\n<li data-section-id=\"u03td2\" data-start=\"1705\" data-end=\"1747\">Material: 80% poli\u00e9ster, 20% poliamida<\/li>\n<\/ul>\n<hr data-start=\"1749\" data-end=\"1752\" \/>\n<p data-start=\"1754\" data-end=\"1830\">\ud83d\udc49 Ideal para quienes buscan una toalla pr\u00e1ctica, elegante y multifuncional.<\/p>\n<hr data-start=\"1832\" data-end=\"1835\" \/>\n<div class=\"ast-oembed-container \" style=\"height: 100%;\"><iframe loading=\"lazy\" title=\"\u00a1Novedad! Toallas en tejido de nido de abeja y toallas de rizo Green Fiber CARE\" width=\"500\" height=\"281\" src=\"https:\/\/www.youtube.com\/embed\/5eA0au50rig?feature=oembed\" frameborder=\"0\" allow=\"accelerometer; autoplay; clipboard-write; encrypted-media; gyroscope; picture-in-picture; web-share\" referrerpolicy=\"strict-origin-when-cross-origin\" allowfullscreen><\/iframe><\/div>\n<p data-start=\"1875\" data-end=\"2005\">Esta toalla de microfibra waffle es ideal para quienes buscan secado r\u00e1pido, alta absorci\u00f3n y comodidad en el uso diario o viajes.<\/p>\n<p data-start=\"2007\" data-end=\"2106\">Si necesit\u00e1s una toalla grande, liviana y f\u00e1cil de transportar, la CARE 11 es una excelente opci\u00f3n.<\/p>\n","protected":false},"excerpt":{"rendered":"<p>Toalla de microfibra waffle Green Fiber CARE 11 tama\u00f1o grande. S\u00faper absorbente, liviana y de secado r\u00e1pido. Ideal para ba\u00f1o, playa, gimnasio o uso diario.<\/p>\n","protected":false},"featured_media":178,"comment_status":"open","ping_status":"closed","template":"","meta":{"site-sidebar-layout":"default","site-content-layout":"","ast-site-content-layout":"default","site-content-style":"default","site-sidebar-style":"default","ast-global-header-display":"","ast-banner-title-visibility":"","ast-main-header-display":"","ast-hfb-above-header-display":"","ast-hfb-below-header-display":"","ast-hfb-mobile-header-display":"","site-post-title":"","ast-breadcrumbs-content":"","ast-featured-img":"","footer-sml-layout":"","ast-disable-related-posts":"","theme-transparent-header-meta":"default","adv-header-id-meta":"","stick-header-meta":"","header-above-stick-meta":"","header-main-stick-meta":"","header-below-stick-meta":"","astra-migrate-meta-layouts":"set","ast-page-background-enabled":"default","ast-page-background-meta":{"desktop":{"background-color":"var(--ast-global-color-5)","background-image":"","background-repeat":"repeat","background-position":"center center","background-size":"auto","background-attachment":"scroll","background-type":"","background-media":"","overlay-type":"","overlay-color":"","overlay-opacity":"","overlay-gradient":""},"tablet":{"background-color":"","background-image":"","background-repeat":"repeat","background-position":"center center","background-size":"auto","background-attachment":"scroll","background-type":"","background-media":"","overlay-type":"","overlay-color":"","overlay-opacity":"","overlay-gradient":""},"mobile":{"background-color":"","background-image":"","background-repeat":"repeat","background-position":"center center","background-size":"auto","background-attachment":"scroll","background-type":"","background-media":"","overlay-type":"","overlay-color":"","overlay-opacity":"","overlay-gradient":""}},"ast-content-background-meta":{"desktop":{"background-color":"var(--ast-global-color-4)","background-image":"","background-repeat":"repeat","background-position":"center center","background-size":"auto","background-attachment":"scroll","background-type":"","background-media":"","overlay-type":"","overlay-color":"","overlay-opacity":"","overlay-gradient":""},"tablet":{"background-color":"var(--ast-global-color-4)","background-image":"","background-repeat":"repeat","background-position":"center center","background-size":"auto","background-attachment":"scroll","background-type":"","background-media":"","overlay-type":"","overlay-color":"","overlay-opacity":"","overlay-gradient":""},"mobile":{"background-color":"var(--ast-global-color-4)","background-image":"","background-repeat":"repeat","background-position":"center center","background-size":"auto","background-attachment":"scroll","background-type":"","background-media":"","overlay-type":"","overlay-color":"","overlay-opacity":"","overlay-gradient":""}}},"product_brand":[22],"product_cat":[21],"product_tag":[],"class_list":{"0":"post-177","1":"product","2":"type-product","3":"status-publish","4":"has-post-thumbnail","6":"product_brand-green-fiber","7":"product_cat-belleza","8":"desktop-align-left","9":"tablet-align-left","10":"mobile-align-left","12":"first","13":"instock","14":"shipping-taxable","15":"product-type-external"},"yoast_head":"<!-- This site is optimized with the Yoast SEO plugin v27.3 - https:\/\/yoast.com\/product\/yoast-seo-wordpress\/ -->\n<title>Toalla Microfibra Waffle Grande CARE 11 Greenfiber | Secado R\u00e1pido<\/title>\n<meta name=\"description\" content=\"Toalla waffle de microfibra CARE 11 Greenfiber. Grande, liviana, s\u00faper absorbente y de secado r\u00e1pido. Ideal para ba\u00f1o, playa o viajes.\" \/>\n<meta name=\"robots\" content=\"index, follow, max-snippet:-1, max-image-preview:large, max-video-preview:-1\" \/>\n<link rel=\"canonical\" href=\"https:\/\/tecnofibras.com\/shop\/producto\/toalla-microfibra-waffle-grande-care11-greenfiber\/\" \/>\n<meta property=\"og:locale\" content=\"es_ES\" \/>\n<meta property=\"og:type\" content=\"article\" \/>\n<meta property=\"og:title\" content=\"Toalla Microfibra Waffle Grande CARE 11 Greenfiber | Secado R\u00e1pido\" \/>\n<meta property=\"og:description\" content=\"Toalla waffle de microfibra CARE 11 Greenfiber. Grande, liviana, s\u00faper absorbente y de secado r\u00e1pido. Ideal para ba\u00f1o, playa o viajes.\" \/>\n<meta property=\"og:url\" content=\"https:\/\/tecnofibras.com\/shop\/producto\/toalla-microfibra-waffle-grande-care11-greenfiber\/\" \/>\n<meta property=\"og:site_name\" content=\"Art\u00edculos de limpieza ecol\u00f3gicos con microfibra sin qu\u00edmicos | Tecnofibras\" \/>\n<meta property=\"article:publisher\" content=\"https:\/\/www.facebook.com\/Tecnofibrasok\/\" \/>\n<meta property=\"article:modified_time\" content=\"2026-04-16T11:33:28+00:00\" \/>\n<meta property=\"og:image\" content=\"https:\/\/tecnofibras.com\/shop\/wp-content\/uploads\/2026\/04\/toalla-waffle-care11-greenfiber-grande.jpg\" \/>\n\t<meta property=\"og:image:width\" content=\"1024\" \/>\n\t<meta property=\"og:image:height\" content=\"1024\" \/>\n\t<meta property=\"og:image:type\" content=\"image\/jpeg\" \/>\n<meta name=\"twitter:card\" content=\"summary_large_image\" \/>\n<meta name=\"twitter:label1\" content=\"Tiempo de lectura\" \/>\n\t<meta name=\"twitter:data1\" content=\"2 minutos\" \/>\n<script type=\"application\/ld+json\" class=\"yoast-schema-graph\">{\"@context\":\"https:\\\/\\\/schema.org\",\"@graph\":[{\"@type\":\"WebPage\",\"@id\":\"https:\\\/\\\/tecnofibras.com\\\/shop\\\/producto\\\/toalla-microfibra-waffle-grande-care11-greenfiber\\\/\",\"url\":\"https:\\\/\\\/tecnofibras.com\\\/shop\\\/producto\\\/toalla-microfibra-waffle-grande-care11-greenfiber\\\/\",\"name\":\"Toalla Microfibra Waffle Grande CARE 11 Greenfiber | Secado R\u00e1pido\",\"isPartOf\":{\"@id\":\"https:\\\/\\\/tecnofibras.com\\\/shop\\\/#website\"},\"primaryImageOfPage\":{\"@id\":\"https:\\\/\\\/tecnofibras.com\\\/shop\\\/producto\\\/toalla-microfibra-waffle-grande-care11-greenfiber\\\/#primaryimage\"},\"image\":{\"@id\":\"https:\\\/\\\/tecnofibras.com\\\/shop\\\/producto\\\/toalla-microfibra-waffle-grande-care11-greenfiber\\\/#primaryimage\"},\"thumbnailUrl\":\"https:\\\/\\\/tecnofibras.com\\\/shop\\\/wp-content\\\/uploads\\\/2026\\\/04\\\/toalla-waffle-care11-greenfiber-grande.jpg\",\"datePublished\":\"2026-04-09T10:19:47+00:00\",\"dateModified\":\"2026-04-16T11:33:28+00:00\",\"description\":\"Toalla waffle de microfibra CARE 11 Greenfiber. Grande, liviana, s\u00faper absorbente y de secado r\u00e1pido. Ideal para ba\u00f1o, playa o viajes.\",\"breadcrumb\":{\"@id\":\"https:\\\/\\\/tecnofibras.com\\\/shop\\\/producto\\\/toalla-microfibra-waffle-grande-care11-greenfiber\\\/#breadcrumb\"},\"inLanguage\":\"es\",\"potentialAction\":[{\"@type\":\"ReadAction\",\"target\":[\"https:\\\/\\\/tecnofibras.com\\\/shop\\\/producto\\\/toalla-microfibra-waffle-grande-care11-greenfiber\\\/\"]}]},{\"@type\":\"ImageObject\",\"inLanguage\":\"es\",\"@id\":\"https:\\\/\\\/tecnofibras.com\\\/shop\\\/producto\\\/toalla-microfibra-waffle-grande-care11-greenfiber\\\/#primaryimage\",\"url\":\"https:\\\/\\\/tecnofibras.com\\\/shop\\\/wp-content\\\/uploads\\\/2026\\\/04\\\/toalla-waffle-care11-greenfiber-grande.jpg\",\"contentUrl\":\"https:\\\/\\\/tecnofibras.com\\\/shop\\\/wp-content\\\/uploads\\\/2026\\\/04\\\/toalla-waffle-care11-greenfiber-grande.jpg\",\"width\":1024,\"height\":1024,\"caption\":\"toalla waffle microfibra grande CARE 11 Green Fiber\"},{\"@type\":\"BreadcrumbList\",\"@id\":\"https:\\\/\\\/tecnofibras.com\\\/shop\\\/producto\\\/toalla-microfibra-waffle-grande-care11-greenfiber\\\/#breadcrumb\",\"itemListElement\":[{\"@type\":\"ListItem\",\"position\":1,\"name\":\"Portada\",\"item\":\"https:\\\/\\\/tecnofibras.com\\\/shop\\\/\"},{\"@type\":\"ListItem\",\"position\":2,\"name\":\"Tienda\",\"item\":\"https:\\\/\\\/tecnofibras.com\\\/shop\\\/\"},{\"@type\":\"ListItem\",\"position\":3,\"name\":\"Green Fiber CARE 11 | Toalla de Microfibra Waffle Grande Secado R\u00e1pido Lechoso\"}]},{\"@type\":\"WebSite\",\"@id\":\"https:\\\/\\\/tecnofibras.com\\\/shop\\\/#website\",\"url\":\"https:\\\/\\\/tecnofibras.com\\\/shop\\\/\",\"name\":\"Tecnofibras\",\"description\":\"\",\"publisher\":{\"@id\":\"https:\\\/\\\/tecnofibras.com\\\/shop\\\/#organization\"},\"potentialAction\":[{\"@type\":\"SearchAction\",\"target\":{\"@type\":\"EntryPoint\",\"urlTemplate\":\"https:\\\/\\\/tecnofibras.com\\\/shop\\\/?s={search_term_string}\"},\"query-input\":{\"@type\":\"PropertyValueSpecification\",\"valueRequired\":true,\"valueName\":\"search_term_string\"}}],\"inLanguage\":\"es\"},{\"@type\":\"Organization\",\"@id\":\"https:\\\/\\\/tecnofibras.com\\\/shop\\\/#organization\",\"name\":\"\ud83d\udc49 Tecnofibras\",\"url\":\"https:\\\/\\\/tecnofibras.com\\\/shop\\\/\",\"logo\":{\"@type\":\"ImageObject\",\"inLanguage\":\"es\",\"@id\":\"https:\\\/\\\/tecnofibras.com\\\/shop\\\/#\\\/schema\\\/logo\\\/image\\\/\",\"url\":\"https:\\\/\\\/tecnofibras.com\\\/shop\\\/wp-content\\\/uploads\\\/2026\\\/04\\\/cropped-logo-tecnofibras.png\",\"contentUrl\":\"https:\\\/\\\/tecnofibras.com\\\/shop\\\/wp-content\\\/uploads\\\/2026\\\/04\\\/cropped-logo-tecnofibras.png\",\"width\":318,\"height\":102,\"caption\":\"\ud83d\udc49 Tecnofibras\"},\"image\":{\"@id\":\"https:\\\/\\\/tecnofibras.com\\\/shop\\\/#\\\/schema\\\/logo\\\/image\\\/\"},\"sameAs\":[\"https:\\\/\\\/www.facebook.com\\\/Tecnofibrasok\\\/\",\"https:\\\/\\\/www.instagram.com\\\/tecnofibrasok\",\"https:\\\/\\\/www.tiktok.com\\\/@limpieza_green\",\"https:\\\/\\\/www.youtube.com\\\/@tecnofibrasok\"]}]}<\/script>\n<!-- \/ Yoast SEO plugin. -->","yoast_head_json":{"title":"Toalla Microfibra Waffle Grande CARE 11 Greenfiber | Secado R\u00e1pido","description":"Toalla waffle de microfibra CARE 11 Greenfiber. Grande, liviana, s\u00faper absorbente y de secado r\u00e1pido. Ideal para ba\u00f1o, playa o viajes.","robots":{"index":"index","follow":"follow","max-snippet":"max-snippet:-1","max-image-preview":"max-image-preview:large","max-video-preview":"max-video-preview:-1"},"canonical":"https:\/\/tecnofibras.com\/shop\/producto\/toalla-microfibra-waffle-grande-care11-greenfiber\/","og_locale":"es_ES","og_type":"article","og_title":"Toalla Microfibra Waffle Grande CARE 11 Greenfiber | Secado R\u00e1pido","og_description":"Toalla waffle de microfibra CARE 11 Greenfiber. Grande, liviana, s\u00faper absorbente y de secado r\u00e1pido. Ideal para ba\u00f1o, playa o viajes.","og_url":"https:\/\/tecnofibras.com\/shop\/producto\/toalla-microfibra-waffle-grande-care11-greenfiber\/","og_site_name":"Art\u00edculos de limpieza ecol\u00f3gicos con microfibra sin qu\u00edmicos | Tecnofibras","article_publisher":"https:\/\/www.facebook.com\/Tecnofibrasok\/","article_modified_time":"2026-04-16T11:33:28+00:00","og_image":[{"width":1024,"height":1024,"url":"https:\/\/tecnofibras.com\/shop\/wp-content\/uploads\/2026\/04\/toalla-waffle-care11-greenfiber-grande.jpg","type":"image\/jpeg"}],"twitter_card":"summary_large_image","twitter_misc":{"Tiempo de lectura":"2 minutos"},"schema":{"@context":"https:\/\/schema.org","@graph":[{"@type":"WebPage","@id":"https:\/\/tecnofibras.com\/shop\/producto\/toalla-microfibra-waffle-grande-care11-greenfiber\/","url":"https:\/\/tecnofibras.com\/shop\/producto\/toalla-microfibra-waffle-grande-care11-greenfiber\/","name":"Toalla Microfibra Waffle Grande CARE 11 Greenfiber | Secado R\u00e1pido","isPartOf":{"@id":"https:\/\/tecnofibras.com\/shop\/#website"},"primaryImageOfPage":{"@id":"https:\/\/tecnofibras.com\/shop\/producto\/toalla-microfibra-waffle-grande-care11-greenfiber\/#primaryimage"},"image":{"@id":"https:\/\/tecnofibras.com\/shop\/producto\/toalla-microfibra-waffle-grande-care11-greenfiber\/#primaryimage"},"thumbnailUrl":"https:\/\/tecnofibras.com\/shop\/wp-content\/uploads\/2026\/04\/toalla-waffle-care11-greenfiber-grande.jpg","datePublished":"2026-04-09T10:19:47+00:00","dateModified":"2026-04-16T11:33:28+00:00","description":"Toalla waffle de microfibra CARE 11 Greenfiber. Grande, liviana, s\u00faper absorbente y de secado r\u00e1pido. Ideal para ba\u00f1o, playa o viajes.","breadcrumb":{"@id":"https:\/\/tecnofibras.com\/shop\/producto\/toalla-microfibra-waffle-grande-care11-greenfiber\/#breadcrumb"},"inLanguage":"es","potentialAction":[{"@type":"ReadAction","target":["https:\/\/tecnofibras.com\/shop\/producto\/toalla-microfibra-waffle-grande-care11-greenfiber\/"]}]},{"@type":"ImageObject","inLanguage":"es","@id":"https:\/\/tecnofibras.com\/shop\/producto\/toalla-microfibra-waffle-grande-care11-greenfiber\/#primaryimage","url":"https:\/\/tecnofibras.com\/shop\/wp-content\/uploads\/2026\/04\/toalla-waffle-care11-greenfiber-grande.jpg","contentUrl":"https:\/\/tecnofibras.com\/shop\/wp-content\/uploads\/2026\/04\/toalla-waffle-care11-greenfiber-grande.jpg","width":1024,"height":1024,"caption":"toalla waffle microfibra grande CARE 11 Green Fiber"},{"@type":"BreadcrumbList","@id":"https:\/\/tecnofibras.com\/shop\/producto\/toalla-microfibra-waffle-grande-care11-greenfiber\/#breadcrumb","itemListElement":[{"@type":"ListItem","position":1,"name":"Portada","item":"https:\/\/tecnofibras.com\/shop\/"},{"@type":"ListItem","position":2,"name":"Tienda","item":"https:\/\/tecnofibras.com\/shop\/"},{"@type":"ListItem","position":3,"name":"Green Fiber CARE 11 | Toalla de Microfibra Waffle Grande Secado R\u00e1pido Lechoso"}]},{"@type":"WebSite","@id":"https:\/\/tecnofibras.com\/shop\/#website","url":"https:\/\/tecnofibras.com\/shop\/","name":"Tecnofibras","description":"","publisher":{"@id":"https:\/\/tecnofibras.com\/shop\/#organization"},"potentialAction":[{"@type":"SearchAction","target":{"@type":"EntryPoint","urlTemplate":"https:\/\/tecnofibras.com\/shop\/?s={search_term_string}"},"query-input":{"@type":"PropertyValueSpecification","valueRequired":true,"valueName":"search_term_string"}}],"inLanguage":"es"},{"@type":"Organization","@id":"https:\/\/tecnofibras.com\/shop\/#organization","name":"\ud83d\udc49 Tecnofibras","url":"https:\/\/tecnofibras.com\/shop\/","logo":{"@type":"ImageObject","inLanguage":"es","@id":"https:\/\/tecnofibras.com\/shop\/#\/schema\/logo\/image\/","url":"https:\/\/tecnofibras.com\/shop\/wp-content\/uploads\/2026\/04\/cropped-logo-tecnofibras.png","contentUrl":"https:\/\/tecnofibras.com\/shop\/wp-content\/uploads\/2026\/04\/cropped-logo-tecnofibras.png","width":318,"height":102,"caption":"\ud83d\udc49 Tecnofibras"},"image":{"@id":"https:\/\/tecnofibras.com\/shop\/#\/schema\/logo\/image\/"},"sameAs":["https:\/\/www.facebook.com\/Tecnofibrasok\/","https:\/\/www.instagram.com\/tecnofibrasok","https:\/\/www.tiktok.com\/@limpieza_green","https:\/\/www.youtube.com\/@tecnofibrasok"]}]}},"_links":{"self":[{"href":"https:\/\/tecnofibras.com\/shop\/wp-json\/wp\/v2\/product\/177","targetHints":{"allow":["GET"]}}],"collection":[{"href":"https:\/\/tecnofibras.com\/shop\/wp-json\/wp\/v2\/product"}],"about":[{"href":"https:\/\/tecnofibras.com\/shop\/wp-json\/wp\/v2\/types\/product"}],"replies":[{"embeddable":true,"href":"https:\/\/tecnofibras.com\/shop\/wp-json\/wp\/v2\/comments?post=177"}],"wp:featuredmedia":[{"embeddable":true,"href":"https:\/\/tecnofibras.com\/shop\/wp-json\/wp\/v2\/media\/178"}],"wp:attachment":[{"href":"https:\/\/tecnofibras.com\/shop\/wp-json\/wp\/v2\/media?parent=177"}],"wp:term":[{"taxonomy":"product_brand","embeddable":true,"href":"https:\/\/tecnofibras.com\/shop\/wp-json\/wp\/v2\/product_brand?post=177"},{"taxonomy":"product_cat","embeddable":true,"href":"https:\/\/tecnofibras.com\/shop\/wp-json\/wp\/v2\/product_cat?post=177"},{"taxonomy":"product_tag","embeddable":true,"href":"https:\/\/tecnofibras.com\/shop\/wp-json\/wp\/v2\/product_tag?post=177"}],"curies":[{"name":"wp","href":"https:\/\/api.w.org\/{rel}","templated":true}]}}