{"id":173,"date":"2026-04-08T11:54:15","date_gmt":"2026-04-08T11:54:15","guid":{"rendered":"https:\/\/tecnofibras.com\/shop\/?post_type=product&#038;p=173"},"modified":"2026-04-16T11:35:26","modified_gmt":"2026-04-16T11:35:26","slug":"toalla-microfibra-huespedes-care12-greenfiber","status":"publish","type":"product","link":"https:\/\/tecnofibras.com\/shop\/producto\/toalla-microfibra-huespedes-care12-greenfiber\/","title":{"rendered":"Green Fiber CARE 12 | Toalla de Microfibra para Hu\u00e9spedes S\u00faper Absorbente Coral"},"content":{"rendered":"<p data-start=\"550\" data-end=\"589\">\ud83d\udca5 <strong data-start=\"553\" data-end=\"589\">SUAVIDAD Y ABSORCI\u00d3N EN CADA USO<\/strong><\/p>\n<p data-start=\"591\" data-end=\"714\">La toalla de microfibra CARE 12 Green Fiber es perfecta para brindar confort y practicidad en el ba\u00f1o o para tus invitados.<\/p>\n<hr data-start=\"716\" data-end=\"719\" \/>\n<p data-start=\"721\" data-end=\"761\">\ud83d\udec1 <strong data-start=\"724\" data-end=\"761\">Ideal para uso diario o hu\u00e9spedes<\/strong><\/p>\n<p data-start=\"763\" data-end=\"811\">\u2714 Ba\u00f1o<br data-start=\"769\" data-end=\"772\" \/>\u2714 Tocador<br data-start=\"781\" data-end=\"784\" \/>\u2714 Habitaci\u00f3n de invitados<\/p>\n<p data-start=\"813\" data-end=\"888\">Su tama\u00f1o compacto la hace pr\u00e1ctica y f\u00e1cil de ubicar en cualquier espacio.<\/p>\n<hr data-start=\"890\" data-end=\"893\" \/>\n<p data-start=\"895\" data-end=\"929\">\u2728 <strong data-start=\"897\" data-end=\"929\">M\u00e1xima suavidad para la piel<\/strong><\/p>\n<p data-start=\"931\" data-end=\"1024\">Dise\u00f1ada para pieles sensibles, su textura suave permite un secado delicado sin irritaciones.<\/p>\n<hr data-start=\"1026\" data-end=\"1029\" \/>\n<p data-start=\"1031\" data-end=\"1065\">\ud83d\udca7 <strong data-start=\"1034\" data-end=\"1065\">Alta capacidad de absorci\u00f3n<\/strong><\/p>\n<p data-start=\"1067\" data-end=\"1138\">Absorbe la humedad r\u00e1pidamente, dejando la piel seca en pocos segundos.<\/p>\n<hr data-start=\"1140\" data-end=\"1143\" \/>\n<p data-start=\"1145\" data-end=\"1164\">\u26a1 <strong data-start=\"1147\" data-end=\"1164\">Secado r\u00e1pido<\/strong><\/p>\n<p data-start=\"1166\" data-end=\"1251\">Gracias a su tecnolog\u00eda de microfibra, se seca m\u00e1s r\u00e1pido que una toalla tradicional.<\/p>\n<hr data-start=\"1253\" data-end=\"1256\" \/>\n<p data-start=\"1258\" data-end=\"1282\">\ud83c\udf31 <strong data-start=\"1261\" data-end=\"1282\">Tecnolog\u00eda UpPoly<\/strong><\/p>\n<p data-start=\"1284\" data-end=\"1322\">Fabricada con microfibra avanzada que:<\/p>\n<ul data-start=\"1324\" data-end=\"1419\">\n<li data-section-id=\"7lr2xn\" data-start=\"1324\" data-end=\"1357\">Absorbe gran cantidad de agua<\/li>\n<li data-section-id=\"12dd3fo\" data-start=\"1358\" data-end=\"1393\">Mantiene su suavidad con el uso<\/li>\n<li data-section-id=\"o10h2u\" data-start=\"1394\" data-end=\"1419\">Mejora la durabilidad<\/li>\n<\/ul>\n<hr data-start=\"1421\" data-end=\"1424\" \/>\n<p data-start=\"1426\" data-end=\"1452\">\ud83d\udcaa <strong data-start=\"1429\" data-end=\"1452\">Duradera y pr\u00e1ctica<\/strong><\/p>\n<p data-start=\"1454\" data-end=\"1539\">\u2714 Resiste m\u00faltiples lavados<br data-start=\"1481\" data-end=\"1484\" \/>\u2714 Mantiene su forma y color<br data-start=\"1511\" data-end=\"1514\" \/>\u2714 Ideal para uso diario<\/p>\n<hr data-start=\"1541\" data-end=\"1544\" \/>\n<p data-start=\"1546\" data-end=\"1568\">\ud83d\udccf <strong data-start=\"1549\" data-end=\"1568\">Caracter\u00edsticas<\/strong><\/p>\n<ul data-start=\"1570\" data-end=\"1652\">\n<li data-section-id=\"1sb7nvn\" data-start=\"1570\" data-end=\"1592\">Tama\u00f1o: 33 x 33 cm<\/li>\n<li data-section-id=\"1x9xvrw\" data-start=\"1593\" data-end=\"1609\">Color: Coral<\/li>\n<li data-section-id=\"u03td2\" data-start=\"1610\" data-end=\"1652\">Material: 80% poli\u00e9ster, 20% poliamida<\/li>\n<\/ul>\n<hr data-start=\"1654\" data-end=\"1657\" \/>\n<p data-start=\"1659\" data-end=\"1743\">\ud83d\udc49 Ideal para quienes buscan comodidad, absorci\u00f3n y un toque decorativo en el hogar.<\/p>\n<hr data-start=\"1745\" data-end=\"1748\" \/>\n<div class=\"ast-oembed-container \" style=\"height: 100%;\"><iframe loading=\"lazy\" title=\"\u00a1Novedad! Toallas en tejido de nido de abeja y toallas de rizo Green Fiber CARE\" width=\"500\" height=\"281\" src=\"https:\/\/www.youtube.com\/embed\/5eA0au50rig?feature=oembed\" frameborder=\"0\" allow=\"accelerometer; autoplay; clipboard-write; encrypted-media; gyroscope; picture-in-picture; web-share\" referrerpolicy=\"strict-origin-when-cross-origin\" allowfullscreen><\/iframe><\/div>\n<p data-start=\"1788\" data-end=\"1901\">Esta toalla de microfibra para ba\u00f1o es ideal para quienes buscan una opci\u00f3n suave, absorbente y de secado r\u00e1pido.<\/p>\n<p data-start=\"1903\" data-end=\"2000\">Si necesit\u00e1s una toalla para hu\u00e9spedes pr\u00e1ctica y elegante, la CARE 12 es una excelente elecci\u00f3n.<\/p>\n","protected":false},"excerpt":{"rendered":"<p>Toalla de microfibra Green Fiber CARE 12 ideal para hu\u00e9spedes. S\u00faper absorbente, suave con la piel y de secado r\u00e1pido. Compacta, elegante y perfecta para ba\u00f1o o visitas.<\/p>\n","protected":false},"featured_media":174,"comment_status":"open","ping_status":"closed","template":"","meta":{"site-sidebar-layout":"default","site-content-layout":"","ast-site-content-layout":"default","site-content-style":"default","site-sidebar-style":"default","ast-global-header-display":"","ast-banner-title-visibility":"","ast-main-header-display":"","ast-hfb-above-header-display":"","ast-hfb-below-header-display":"","ast-hfb-mobile-header-display":"","site-post-title":"","ast-breadcrumbs-content":"","ast-featured-img":"","footer-sml-layout":"","ast-disable-related-posts":"","theme-transparent-header-meta":"default","adv-header-id-meta":"","stick-header-meta":"","header-above-stick-meta":"","header-main-stick-meta":"","header-below-stick-meta":"","astra-migrate-meta-layouts":"set","ast-page-background-enabled":"default","ast-page-background-meta":{"desktop":{"background-color":"var(--ast-global-color-5)","background-image":"","background-repeat":"repeat","background-position":"center center","background-size":"auto","background-attachment":"scroll","background-type":"","background-media":"","overlay-type":"","overlay-color":"","overlay-opacity":"","overlay-gradient":""},"tablet":{"background-color":"","background-image":"","background-repeat":"repeat","background-position":"center center","background-size":"auto","background-attachment":"scroll","background-type":"","background-media":"","overlay-type":"","overlay-color":"","overlay-opacity":"","overlay-gradient":""},"mobile":{"background-color":"","background-image":"","background-repeat":"repeat","background-position":"center center","background-size":"auto","background-attachment":"scroll","background-type":"","background-media":"","overlay-type":"","overlay-color":"","overlay-opacity":"","overlay-gradient":""}},"ast-content-background-meta":{"desktop":{"background-color":"var(--ast-global-color-4)","background-image":"","background-repeat":"repeat","background-position":"center center","background-size":"auto","background-attachment":"scroll","background-type":"","background-media":"","overlay-type":"","overlay-color":"","overlay-opacity":"","overlay-gradient":""},"tablet":{"background-color":"var(--ast-global-color-4)","background-image":"","background-repeat":"repeat","background-position":"center center","background-size":"auto","background-attachment":"scroll","background-type":"","background-media":"","overlay-type":"","overlay-color":"","overlay-opacity":"","overlay-gradient":""},"mobile":{"background-color":"var(--ast-global-color-4)","background-image":"","background-repeat":"repeat","background-position":"center center","background-size":"auto","background-attachment":"scroll","background-type":"","background-media":"","overlay-type":"","overlay-color":"","overlay-opacity":"","overlay-gradient":""}}},"product_brand":[22],"product_cat":[21],"product_tag":[],"class_list":{"0":"post-173","1":"product","2":"type-product","3":"status-publish","4":"has-post-thumbnail","6":"product_brand-green-fiber","7":"product_cat-belleza","8":"desktop-align-left","9":"tablet-align-left","10":"mobile-align-left","12":"first","13":"outofstock","14":"shipping-taxable","15":"product-type-simple"},"yoast_head":"<!-- This site is optimized with the Yoast SEO plugin v27.3 - https:\/\/yoast.com\/product\/yoast-seo-wordpress\/ -->\n<title>Toalla Microfibra Hu\u00e9spedes CARE 12 Greenfiber | Suave y Absorbente<\/title>\n<meta name=\"description\" content=\"Toalla de microfibra CARE 12 Greenfiber ideal para hu\u00e9spedes. Suave, absorbente y de secado r\u00e1pido. Perfecta para ba\u00f1o y uso diario.\" \/>\n<meta name=\"robots\" content=\"index, follow, max-snippet:-1, max-image-preview:large, max-video-preview:-1\" \/>\n<link rel=\"canonical\" href=\"https:\/\/tecnofibras.com\/shop\/producto\/toalla-microfibra-huespedes-care12-greenfiber\/\" \/>\n<meta property=\"og:locale\" content=\"es_ES\" \/>\n<meta property=\"og:type\" content=\"article\" \/>\n<meta property=\"og:title\" content=\"Toalla Microfibra Hu\u00e9spedes CARE 12 Greenfiber | Suave y Absorbente\" \/>\n<meta property=\"og:description\" content=\"Toalla de microfibra CARE 12 Greenfiber ideal para hu\u00e9spedes. Suave, absorbente y de secado r\u00e1pido. Perfecta para ba\u00f1o y uso diario.\" \/>\n<meta property=\"og:url\" content=\"https:\/\/tecnofibras.com\/shop\/producto\/toalla-microfibra-huespedes-care12-greenfiber\/\" \/>\n<meta property=\"og:site_name\" content=\"Art\u00edculos de limpieza ecol\u00f3gicos con microfibra sin qu\u00edmicos | Tecnofibras\" \/>\n<meta property=\"article:publisher\" content=\"https:\/\/www.facebook.com\/Tecnofibrasok\/\" \/>\n<meta property=\"article:modified_time\" content=\"2026-04-16T11:35:26+00:00\" \/>\n<meta property=\"og:image\" content=\"https:\/\/tecnofibras.com\/shop\/wp-content\/uploads\/2026\/04\/toalla-microfibra-care12-greenfiber-coral.jpg\" \/>\n\t<meta property=\"og:image:width\" content=\"1024\" \/>\n\t<meta property=\"og:image:height\" content=\"1024\" \/>\n\t<meta property=\"og:image:type\" content=\"image\/jpeg\" \/>\n<meta name=\"twitter:card\" content=\"summary_large_image\" \/>\n<meta name=\"twitter:label1\" content=\"Tiempo de lectura\" \/>\n\t<meta name=\"twitter:data1\" content=\"2 minutos\" \/>\n<script type=\"application\/ld+json\" class=\"yoast-schema-graph\">{\"@context\":\"https:\\\/\\\/schema.org\",\"@graph\":[{\"@type\":\"WebPage\",\"@id\":\"https:\\\/\\\/tecnofibras.com\\\/shop\\\/producto\\\/toalla-microfibra-huespedes-care12-greenfiber\\\/\",\"url\":\"https:\\\/\\\/tecnofibras.com\\\/shop\\\/producto\\\/toalla-microfibra-huespedes-care12-greenfiber\\\/\",\"name\":\"Toalla Microfibra Hu\u00e9spedes CARE 12 Greenfiber | Suave y Absorbente\",\"isPartOf\":{\"@id\":\"https:\\\/\\\/tecnofibras.com\\\/shop\\\/#website\"},\"primaryImageOfPage\":{\"@id\":\"https:\\\/\\\/tecnofibras.com\\\/shop\\\/producto\\\/toalla-microfibra-huespedes-care12-greenfiber\\\/#primaryimage\"},\"image\":{\"@id\":\"https:\\\/\\\/tecnofibras.com\\\/shop\\\/producto\\\/toalla-microfibra-huespedes-care12-greenfiber\\\/#primaryimage\"},\"thumbnailUrl\":\"https:\\\/\\\/tecnofibras.com\\\/shop\\\/wp-content\\\/uploads\\\/2026\\\/04\\\/toalla-microfibra-care12-greenfiber-coral.jpg\",\"datePublished\":\"2026-04-08T11:54:15+00:00\",\"dateModified\":\"2026-04-16T11:35:26+00:00\",\"description\":\"Toalla de microfibra CARE 12 Greenfiber ideal para hu\u00e9spedes. Suave, absorbente y de secado r\u00e1pido. Perfecta para ba\u00f1o y uso diario.\",\"breadcrumb\":{\"@id\":\"https:\\\/\\\/tecnofibras.com\\\/shop\\\/producto\\\/toalla-microfibra-huespedes-care12-greenfiber\\\/#breadcrumb\"},\"inLanguage\":\"es\",\"potentialAction\":[{\"@type\":\"ReadAction\",\"target\":[\"https:\\\/\\\/tecnofibras.com\\\/shop\\\/producto\\\/toalla-microfibra-huespedes-care12-greenfiber\\\/\"]}]},{\"@type\":\"ImageObject\",\"inLanguage\":\"es\",\"@id\":\"https:\\\/\\\/tecnofibras.com\\\/shop\\\/producto\\\/toalla-microfibra-huespedes-care12-greenfiber\\\/#primaryimage\",\"url\":\"https:\\\/\\\/tecnofibras.com\\\/shop\\\/wp-content\\\/uploads\\\/2026\\\/04\\\/toalla-microfibra-care12-greenfiber-coral.jpg\",\"contentUrl\":\"https:\\\/\\\/tecnofibras.com\\\/shop\\\/wp-content\\\/uploads\\\/2026\\\/04\\\/toalla-microfibra-care12-greenfiber-coral.jpg\",\"width\":1024,\"height\":1024,\"caption\":\"toalla microfibra CARE 12 Green Fiber coral\"},{\"@type\":\"BreadcrumbList\",\"@id\":\"https:\\\/\\\/tecnofibras.com\\\/shop\\\/producto\\\/toalla-microfibra-huespedes-care12-greenfiber\\\/#breadcrumb\",\"itemListElement\":[{\"@type\":\"ListItem\",\"position\":1,\"name\":\"Portada\",\"item\":\"https:\\\/\\\/tecnofibras.com\\\/shop\\\/\"},{\"@type\":\"ListItem\",\"position\":2,\"name\":\"Tienda\",\"item\":\"https:\\\/\\\/tecnofibras.com\\\/shop\\\/\"},{\"@type\":\"ListItem\",\"position\":3,\"name\":\"Green Fiber CARE 12 | Toalla de Microfibra para Hu\u00e9spedes S\u00faper Absorbente Coral\"}]},{\"@type\":\"WebSite\",\"@id\":\"https:\\\/\\\/tecnofibras.com\\\/shop\\\/#website\",\"url\":\"https:\\\/\\\/tecnofibras.com\\\/shop\\\/\",\"name\":\"Tecnofibras\",\"description\":\"\",\"publisher\":{\"@id\":\"https:\\\/\\\/tecnofibras.com\\\/shop\\\/#organization\"},\"potentialAction\":[{\"@type\":\"SearchAction\",\"target\":{\"@type\":\"EntryPoint\",\"urlTemplate\":\"https:\\\/\\\/tecnofibras.com\\\/shop\\\/?s={search_term_string}\"},\"query-input\":{\"@type\":\"PropertyValueSpecification\",\"valueRequired\":true,\"valueName\":\"search_term_string\"}}],\"inLanguage\":\"es\"},{\"@type\":\"Organization\",\"@id\":\"https:\\\/\\\/tecnofibras.com\\\/shop\\\/#organization\",\"name\":\"\ud83d\udc49 Tecnofibras\",\"url\":\"https:\\\/\\\/tecnofibras.com\\\/shop\\\/\",\"logo\":{\"@type\":\"ImageObject\",\"inLanguage\":\"es\",\"@id\":\"https:\\\/\\\/tecnofibras.com\\\/shop\\\/#\\\/schema\\\/logo\\\/image\\\/\",\"url\":\"https:\\\/\\\/tecnofibras.com\\\/shop\\\/wp-content\\\/uploads\\\/2026\\\/04\\\/cropped-logo-tecnofibras.png\",\"contentUrl\":\"https:\\\/\\\/tecnofibras.com\\\/shop\\\/wp-content\\\/uploads\\\/2026\\\/04\\\/cropped-logo-tecnofibras.png\",\"width\":318,\"height\":102,\"caption\":\"\ud83d\udc49 Tecnofibras\"},\"image\":{\"@id\":\"https:\\\/\\\/tecnofibras.com\\\/shop\\\/#\\\/schema\\\/logo\\\/image\\\/\"},\"sameAs\":[\"https:\\\/\\\/www.facebook.com\\\/Tecnofibrasok\\\/\",\"https:\\\/\\\/www.instagram.com\\\/tecnofibrasok\",\"https:\\\/\\\/www.tiktok.com\\\/@limpieza_green\",\"https:\\\/\\\/www.youtube.com\\\/@tecnofibrasok\"]}]}<\/script>\n<!-- \/ Yoast SEO plugin. -->","yoast_head_json":{"title":"Toalla Microfibra Hu\u00e9spedes CARE 12 Greenfiber | Suave y Absorbente","description":"Toalla de microfibra CARE 12 Greenfiber ideal para hu\u00e9spedes. Suave, absorbente y de secado r\u00e1pido. Perfecta para ba\u00f1o y uso diario.","robots":{"index":"index","follow":"follow","max-snippet":"max-snippet:-1","max-image-preview":"max-image-preview:large","max-video-preview":"max-video-preview:-1"},"canonical":"https:\/\/tecnofibras.com\/shop\/producto\/toalla-microfibra-huespedes-care12-greenfiber\/","og_locale":"es_ES","og_type":"article","og_title":"Toalla Microfibra Hu\u00e9spedes CARE 12 Greenfiber | Suave y Absorbente","og_description":"Toalla de microfibra CARE 12 Greenfiber ideal para hu\u00e9spedes. Suave, absorbente y de secado r\u00e1pido. Perfecta para ba\u00f1o y uso diario.","og_url":"https:\/\/tecnofibras.com\/shop\/producto\/toalla-microfibra-huespedes-care12-greenfiber\/","og_site_name":"Art\u00edculos de limpieza ecol\u00f3gicos con microfibra sin qu\u00edmicos | Tecnofibras","article_publisher":"https:\/\/www.facebook.com\/Tecnofibrasok\/","article_modified_time":"2026-04-16T11:35:26+00:00","og_image":[{"width":1024,"height":1024,"url":"https:\/\/tecnofibras.com\/shop\/wp-content\/uploads\/2026\/04\/toalla-microfibra-care12-greenfiber-coral.jpg","type":"image\/jpeg"}],"twitter_card":"summary_large_image","twitter_misc":{"Tiempo de lectura":"2 minutos"},"schema":{"@context":"https:\/\/schema.org","@graph":[{"@type":"WebPage","@id":"https:\/\/tecnofibras.com\/shop\/producto\/toalla-microfibra-huespedes-care12-greenfiber\/","url":"https:\/\/tecnofibras.com\/shop\/producto\/toalla-microfibra-huespedes-care12-greenfiber\/","name":"Toalla Microfibra Hu\u00e9spedes CARE 12 Greenfiber | Suave y Absorbente","isPartOf":{"@id":"https:\/\/tecnofibras.com\/shop\/#website"},"primaryImageOfPage":{"@id":"https:\/\/tecnofibras.com\/shop\/producto\/toalla-microfibra-huespedes-care12-greenfiber\/#primaryimage"},"image":{"@id":"https:\/\/tecnofibras.com\/shop\/producto\/toalla-microfibra-huespedes-care12-greenfiber\/#primaryimage"},"thumbnailUrl":"https:\/\/tecnofibras.com\/shop\/wp-content\/uploads\/2026\/04\/toalla-microfibra-care12-greenfiber-coral.jpg","datePublished":"2026-04-08T11:54:15+00:00","dateModified":"2026-04-16T11:35:26+00:00","description":"Toalla de microfibra CARE 12 Greenfiber ideal para hu\u00e9spedes. Suave, absorbente y de secado r\u00e1pido. Perfecta para ba\u00f1o y uso diario.","breadcrumb":{"@id":"https:\/\/tecnofibras.com\/shop\/producto\/toalla-microfibra-huespedes-care12-greenfiber\/#breadcrumb"},"inLanguage":"es","potentialAction":[{"@type":"ReadAction","target":["https:\/\/tecnofibras.com\/shop\/producto\/toalla-microfibra-huespedes-care12-greenfiber\/"]}]},{"@type":"ImageObject","inLanguage":"es","@id":"https:\/\/tecnofibras.com\/shop\/producto\/toalla-microfibra-huespedes-care12-greenfiber\/#primaryimage","url":"https:\/\/tecnofibras.com\/shop\/wp-content\/uploads\/2026\/04\/toalla-microfibra-care12-greenfiber-coral.jpg","contentUrl":"https:\/\/tecnofibras.com\/shop\/wp-content\/uploads\/2026\/04\/toalla-microfibra-care12-greenfiber-coral.jpg","width":1024,"height":1024,"caption":"toalla microfibra CARE 12 Green Fiber coral"},{"@type":"BreadcrumbList","@id":"https:\/\/tecnofibras.com\/shop\/producto\/toalla-microfibra-huespedes-care12-greenfiber\/#breadcrumb","itemListElement":[{"@type":"ListItem","position":1,"name":"Portada","item":"https:\/\/tecnofibras.com\/shop\/"},{"@type":"ListItem","position":2,"name":"Tienda","item":"https:\/\/tecnofibras.com\/shop\/"},{"@type":"ListItem","position":3,"name":"Green Fiber CARE 12 | Toalla de Microfibra para Hu\u00e9spedes S\u00faper Absorbente Coral"}]},{"@type":"WebSite","@id":"https:\/\/tecnofibras.com\/shop\/#website","url":"https:\/\/tecnofibras.com\/shop\/","name":"Tecnofibras","description":"","publisher":{"@id":"https:\/\/tecnofibras.com\/shop\/#organization"},"potentialAction":[{"@type":"SearchAction","target":{"@type":"EntryPoint","urlTemplate":"https:\/\/tecnofibras.com\/shop\/?s={search_term_string}"},"query-input":{"@type":"PropertyValueSpecification","valueRequired":true,"valueName":"search_term_string"}}],"inLanguage":"es"},{"@type":"Organization","@id":"https:\/\/tecnofibras.com\/shop\/#organization","name":"\ud83d\udc49 Tecnofibras","url":"https:\/\/tecnofibras.com\/shop\/","logo":{"@type":"ImageObject","inLanguage":"es","@id":"https:\/\/tecnofibras.com\/shop\/#\/schema\/logo\/image\/","url":"https:\/\/tecnofibras.com\/shop\/wp-content\/uploads\/2026\/04\/cropped-logo-tecnofibras.png","contentUrl":"https:\/\/tecnofibras.com\/shop\/wp-content\/uploads\/2026\/04\/cropped-logo-tecnofibras.png","width":318,"height":102,"caption":"\ud83d\udc49 Tecnofibras"},"image":{"@id":"https:\/\/tecnofibras.com\/shop\/#\/schema\/logo\/image\/"},"sameAs":["https:\/\/www.facebook.com\/Tecnofibrasok\/","https:\/\/www.instagram.com\/tecnofibrasok","https:\/\/www.tiktok.com\/@limpieza_green","https:\/\/www.youtube.com\/@tecnofibrasok"]}]}},"_links":{"self":[{"href":"https:\/\/tecnofibras.com\/shop\/wp-json\/wp\/v2\/product\/173","targetHints":{"allow":["GET"]}}],"collection":[{"href":"https:\/\/tecnofibras.com\/shop\/wp-json\/wp\/v2\/product"}],"about":[{"href":"https:\/\/tecnofibras.com\/shop\/wp-json\/wp\/v2\/types\/product"}],"replies":[{"embeddable":true,"href":"https:\/\/tecnofibras.com\/shop\/wp-json\/wp\/v2\/comments?post=173"}],"wp:featuredmedia":[{"embeddable":true,"href":"https:\/\/tecnofibras.com\/shop\/wp-json\/wp\/v2\/media\/174"}],"wp:attachment":[{"href":"https:\/\/tecnofibras.com\/shop\/wp-json\/wp\/v2\/media?parent=173"}],"wp:term":[{"taxonomy":"product_brand","embeddable":true,"href":"https:\/\/tecnofibras.com\/shop\/wp-json\/wp\/v2\/product_brand?post=173"},{"taxonomy":"product_cat","embeddable":true,"href":"https:\/\/tecnofibras.com\/shop\/wp-json\/wp\/v2\/product_cat?post=173"},{"taxonomy":"product_tag","embeddable":true,"href":"https:\/\/tecnofibras.com\/shop\/wp-json\/wp\/v2\/product_tag?post=173"}],"curies":[{"name":"wp","href":"https:\/\/api.w.org\/{rel}","templated":true}]}}