{"id":169,"date":"2026-04-08T11:27:54","date_gmt":"2026-04-08T11:27:54","guid":{"rendered":"https:\/\/tecnofibras.com\/shop\/?post_type=product&#038;p=169"},"modified":"2026-04-16T11:38:08","modified_gmt":"2026-04-16T11:38:08","slug":"pano-microfibra-acanalado-s3-greenfiber","status":"publish","type":"product","link":"https:\/\/tecnofibras.com\/shop\/producto\/pano-microfibra-acanalado-s3-greenfiber\/","title":{"rendered":"Green Fiber HOME S3 | Pa\u00f1o Microfibra Acanalado Antigrasa Sin Rayar"},"content":{"rendered":"<p data-start=\"572\" data-end=\"617\">\ud83d\udca5 <strong data-start=\"575\" data-end=\"617\">ELIMIN\u00c1 SUCIEDAD SIN RAYAR SUPERFICIES<\/strong><\/p>\n<p data-start=\"619\" data-end=\"760\">El pa\u00f1o de microfibra acanalado S3 Green Fiber est\u00e1 dise\u00f1ado para limpiar grasa, polvo y suciedad adherida <strong data-start=\"726\" data-end=\"759\">de forma efectiva y sin da\u00f1ar<\/strong>.<\/p>\n<hr data-start=\"762\" data-end=\"765\" \/>\n<p data-start=\"767\" data-end=\"811\">\ud83e\uddfd <strong data-start=\"770\" data-end=\"811\">Textura acanalada de alto rendimiento<\/strong><\/p>\n<p data-start=\"813\" data-end=\"843\">Su dise\u00f1o con relieve permite:<\/p>\n<p data-start=\"845\" data-end=\"936\">\u2714 Remover suciedad incrustada<br data-start=\"874\" data-end=\"877\" \/>\u2714 Limpiar grasa sin esfuerzo<br data-start=\"905\" data-end=\"908\" \/>\u2714 Llegar a zonas dif\u00edciles<\/p>\n<hr data-start=\"938\" data-end=\"941\" \/>\n<p data-start=\"943\" data-end=\"982\">\ud83d\udd25 <strong data-start=\"946\" data-end=\"982\">Ideal para m\u00faltiples superficies<\/strong><\/p>\n<ul data-start=\"984\" data-end=\"1082\">\n<li data-section-id=\"16p112d\" data-start=\"984\" data-end=\"1004\">Acero inoxidable<\/li>\n<li data-section-id=\"1om45lq\" data-start=\"1005\" data-end=\"1029\">Superficies cromadas<\/li>\n<li data-section-id=\"tdhnz1\" data-start=\"1030\" data-end=\"1050\">Cocina y muebles<\/li>\n<li data-section-id=\"dldqn9\" data-start=\"1051\" data-end=\"1082\">Mesadas y electrodom\u00e9sticos<\/li>\n<\/ul>\n<hr data-start=\"1084\" data-end=\"1087\" \/>\n<p data-start=\"1089\" data-end=\"1114\">\u2728 <strong data-start=\"1091\" data-end=\"1114\">Limpieza sin marcas<\/strong><\/p>\n<p data-start=\"1116\" data-end=\"1166\">\u2714 No raya<br data-start=\"1125\" data-end=\"1128\" \/>\u2714 No deja pelusa<br data-start=\"1144\" data-end=\"1147\" \/>\u2714 No deja manchas<\/p>\n<hr data-start=\"1168\" data-end=\"1171\" \/>\n<p data-start=\"1173\" data-end=\"1200\">\ud83d\udca7 <strong data-start=\"1176\" data-end=\"1200\">Uso en seco o h\u00famedo<\/strong><\/p>\n<ul data-start=\"1202\" data-end=\"1280\">\n<li data-section-id=\"14qll4k\" data-start=\"1202\" data-end=\"1241\">En h\u00famedo: elimina suciedad y grasa<\/li>\n<li data-section-id=\"124hclc\" data-start=\"1242\" data-end=\"1280\">En seco: atrapa polvo como un im\u00e1n<\/li>\n<\/ul>\n<hr data-start=\"1282\" data-end=\"1285\" \/>\n<p data-start=\"1287\" data-end=\"1306\">\ud83c\udf31 <strong data-start=\"1290\" data-end=\"1306\">Sin qu\u00edmicos<\/strong><\/p>\n<p data-start=\"1308\" data-end=\"1377\">Permite limpiar solo con agua, cuidando tu salud y el medio ambiente.<\/p>\n<hr data-start=\"1379\" data-end=\"1382\" \/>\n<p data-start=\"1384\" data-end=\"1414\">\ud83d\udcaa <strong data-start=\"1387\" data-end=\"1414\">Duradero y reutilizable<\/strong><\/p>\n<p data-start=\"1416\" data-end=\"1501\">\u2714 Resiste m\u00faltiples lavados<br data-start=\"1443\" data-end=\"1446\" \/>\u2714 Mantiene su forma<br data-start=\"1465\" data-end=\"1468\" \/>\u2714 Hasta 2 a\u00f1os de uso dom\u00e9stico<\/p>\n<hr data-start=\"1503\" data-end=\"1506\" \/>\n<p data-start=\"1508\" data-end=\"1530\">\ud83d\udccf <strong data-start=\"1511\" data-end=\"1530\">Caracter\u00edsticas<\/strong><\/p>\n<ul data-start=\"1532\" data-end=\"1614\">\n<li data-section-id=\"pmng5f\" data-start=\"1532\" data-end=\"1554\">Tama\u00f1o: 30 x 30 cm<\/li>\n<li data-section-id=\"skl0bz\" data-start=\"1555\" data-end=\"1571\">Color: Verde<\/li>\n<li data-section-id=\"u03td2\" data-start=\"1572\" data-end=\"1614\">Material: 80% poli\u00e9ster, 20% poliamida<\/li>\n<\/ul>\n<hr data-start=\"1616\" data-end=\"1619\" \/>\n<p data-start=\"1621\" data-end=\"1645\">\u2699\ufe0f <strong data-start=\"1624\" data-end=\"1645\">Tecnolog\u00eda UpPoly<\/strong><\/p>\n<p data-start=\"1647\" data-end=\"1671\">Microfibra avanzada que:<\/p>\n<ul data-start=\"1673\" data-end=\"1740\">\n<li data-section-id=\"y4d3rb\" data-start=\"1673\" data-end=\"1703\">Absorbe suciedad y humedad<\/li>\n<li data-section-id=\"1me9ud1\" data-start=\"1704\" data-end=\"1740\">Mejora la eficiencia de limpieza<\/li>\n<\/ul>\n<hr data-start=\"1742\" data-end=\"1745\" \/>\n<p data-start=\"1747\" data-end=\"1814\">\ud83d\udc49 Ideal para limpieza diaria con mayor eficacia que un pa\u00f1o com\u00fan.<\/p>\n<hr data-start=\"1816\" data-end=\"1819\" \/>\n<div class=\"ast-oembed-container \" style=\"height: 100%;\"><iframe loading=\"lazy\" title=\"Green Fiber HOME S3 Fiber de tela acanalada\" width=\"500\" height=\"281\" src=\"https:\/\/www.youtube.com\/embed\/plwxVPal_zM?feature=oembed\" frameborder=\"0\" allow=\"accelerometer; autoplay; clipboard-write; encrypted-media; gyroscope; picture-in-picture; web-share\" referrerpolicy=\"strict-origin-when-cross-origin\" allowfullscreen><\/iframe><\/div>\n<p data-start=\"1860\" data-end=\"1964\">Este pa\u00f1o de microfibra acanalado es ideal para limpiar grasa en cocina sin rayar superficies delicadas.<\/p>\n<p data-start=\"1966\" data-end=\"2063\">Si busc\u00e1s un pa\u00f1o antigrasa pr\u00e1ctico y reutilizable, el S3 es una excelente opci\u00f3n para el hogar.<\/p>\n","protected":false},"excerpt":{"rendered":"<p data-start=\"356\" data-end=\"535\">Pa\u00f1o de microfibra acanalado S3 Green Fiber ideal para eliminar grasa y suciedad sin rayar. Apto para superficies met\u00e1licas, cromadas y cocina. Uso en seco o h\u00famedo, sin qu\u00edmicos.<\/p>\n","protected":false},"featured_media":170,"comment_status":"open","ping_status":"closed","template":"","meta":{"site-sidebar-layout":"default","site-content-layout":"","ast-site-content-layout":"default","site-content-style":"default","site-sidebar-style":"default","ast-global-header-display":"","ast-banner-title-visibility":"","ast-main-header-display":"","ast-hfb-above-header-display":"","ast-hfb-below-header-display":"","ast-hfb-mobile-header-display":"","site-post-title":"","ast-breadcrumbs-content":"","ast-featured-img":"","footer-sml-layout":"","ast-disable-related-posts":"","theme-transparent-header-meta":"default","adv-header-id-meta":"","stick-header-meta":"","header-above-stick-meta":"","header-main-stick-meta":"","header-below-stick-meta":"","astra-migrate-meta-layouts":"set","ast-page-background-enabled":"default","ast-page-background-meta":{"desktop":{"background-color":"var(--ast-global-color-5)","background-image":"","background-repeat":"repeat","background-position":"center center","background-size":"auto","background-attachment":"scroll","background-type":"","background-media":"","overlay-type":"","overlay-color":"","overlay-opacity":"","overlay-gradient":""},"tablet":{"background-color":"","background-image":"","background-repeat":"repeat","background-position":"center center","background-size":"auto","background-attachment":"scroll","background-type":"","background-media":"","overlay-type":"","overlay-color":"","overlay-opacity":"","overlay-gradient":""},"mobile":{"background-color":"","background-image":"","background-repeat":"repeat","background-position":"center center","background-size":"auto","background-attachment":"scroll","background-type":"","background-media":"","overlay-type":"","overlay-color":"","overlay-opacity":"","overlay-gradient":""}},"ast-content-background-meta":{"desktop":{"background-color":"var(--ast-global-color-4)","background-image":"","background-repeat":"repeat","background-position":"center center","background-size":"auto","background-attachment":"scroll","background-type":"","background-media":"","overlay-type":"","overlay-color":"","overlay-opacity":"","overlay-gradient":""},"tablet":{"background-color":"var(--ast-global-color-4)","background-image":"","background-repeat":"repeat","background-position":"center center","background-size":"auto","background-attachment":"scroll","background-type":"","background-media":"","overlay-type":"","overlay-color":"","overlay-opacity":"","overlay-gradient":""},"mobile":{"background-color":"var(--ast-global-color-4)","background-image":"","background-repeat":"repeat","background-position":"center center","background-size":"auto","background-attachment":"scroll","background-type":"","background-media":"","overlay-type":"","overlay-color":"","overlay-opacity":"","overlay-gradient":""}}},"product_brand":[22],"product_cat":[18],"product_tag":[],"class_list":{"0":"post-169","1":"product","2":"type-product","3":"status-publish","4":"has-post-thumbnail","6":"product_brand-green-fiber","7":"product_cat-hogar","8":"desktop-align-left","9":"tablet-align-left","10":"mobile-align-left","12":"first","13":"outofstock","14":"shipping-taxable","15":"product-type-simple"},"yoast_head":"<!-- This site is optimized with the Yoast SEO plugin v27.3 - https:\/\/yoast.com\/product\/yoast-seo-wordpress\/ -->\n<title>Pa\u00f1o Microfibra Acanalado S3 Greenfiber | Antigrasa Sin Rayar<\/title>\n<meta name=\"description\" content=\"Elimin\u00e1 grasa y suciedad con el pa\u00f1o microfibra acanalado S3 Greenfiber. No raya, no deja pelusa y funciona sin qu\u00edmicos. Ideal para cocina y superficies delicadas.\" \/>\n<meta name=\"robots\" content=\"index, follow, max-snippet:-1, max-image-preview:large, max-video-preview:-1\" \/>\n<link rel=\"canonical\" href=\"https:\/\/tecnofibras.com\/shop\/producto\/pano-microfibra-acanalado-s3-greenfiber\/\" \/>\n<meta property=\"og:locale\" content=\"es_ES\" \/>\n<meta property=\"og:type\" content=\"article\" \/>\n<meta property=\"og:title\" content=\"Pa\u00f1o Microfibra Acanalado S3 Greenfiber | Antigrasa Sin Rayar\" \/>\n<meta property=\"og:description\" content=\"Elimin\u00e1 grasa y suciedad con el pa\u00f1o microfibra acanalado S3 Greenfiber. No raya, no deja pelusa y funciona sin qu\u00edmicos. Ideal para cocina y superficies delicadas.\" \/>\n<meta property=\"og:url\" content=\"https:\/\/tecnofibras.com\/shop\/producto\/pano-microfibra-acanalado-s3-greenfiber\/\" \/>\n<meta property=\"og:site_name\" content=\"Art\u00edculos de limpieza ecol\u00f3gicos con microfibra sin qu\u00edmicos | Tecnofibras\" \/>\n<meta property=\"article:publisher\" content=\"https:\/\/www.facebook.com\/Tecnofibrasok\/\" \/>\n<meta property=\"article:modified_time\" content=\"2026-04-16T11:38:08+00:00\" \/>\n<meta property=\"og:image\" content=\"https:\/\/tecnofibras.com\/shop\/wp-content\/uploads\/2026\/04\/pano-microfibra-acanalado-s3-greenfiber.jpg\" \/>\n\t<meta property=\"og:image:width\" content=\"1024\" \/>\n\t<meta property=\"og:image:height\" content=\"1024\" \/>\n\t<meta property=\"og:image:type\" content=\"image\/jpeg\" \/>\n<meta name=\"twitter:card\" content=\"summary_large_image\" \/>\n<meta name=\"twitter:label1\" content=\"Tiempo de lectura\" \/>\n\t<meta name=\"twitter:data1\" content=\"2 minutos\" \/>\n<script type=\"application\/ld+json\" class=\"yoast-schema-graph\">{\"@context\":\"https:\\\/\\\/schema.org\",\"@graph\":[{\"@type\":\"WebPage\",\"@id\":\"https:\\\/\\\/tecnofibras.com\\\/shop\\\/producto\\\/pano-microfibra-acanalado-s3-greenfiber\\\/\",\"url\":\"https:\\\/\\\/tecnofibras.com\\\/shop\\\/producto\\\/pano-microfibra-acanalado-s3-greenfiber\\\/\",\"name\":\"Pa\u00f1o Microfibra Acanalado S3 Greenfiber | Antigrasa Sin Rayar\",\"isPartOf\":{\"@id\":\"https:\\\/\\\/tecnofibras.com\\\/shop\\\/#website\"},\"primaryImageOfPage\":{\"@id\":\"https:\\\/\\\/tecnofibras.com\\\/shop\\\/producto\\\/pano-microfibra-acanalado-s3-greenfiber\\\/#primaryimage\"},\"image\":{\"@id\":\"https:\\\/\\\/tecnofibras.com\\\/shop\\\/producto\\\/pano-microfibra-acanalado-s3-greenfiber\\\/#primaryimage\"},\"thumbnailUrl\":\"https:\\\/\\\/tecnofibras.com\\\/shop\\\/wp-content\\\/uploads\\\/2026\\\/04\\\/pano-microfibra-acanalado-s3-greenfiber.jpg\",\"datePublished\":\"2026-04-08T11:27:54+00:00\",\"dateModified\":\"2026-04-16T11:38:08+00:00\",\"description\":\"Elimin\u00e1 grasa y suciedad con el pa\u00f1o microfibra acanalado S3 Greenfiber. No raya, no deja pelusa y funciona sin qu\u00edmicos. Ideal para cocina y superficies delicadas.\",\"breadcrumb\":{\"@id\":\"https:\\\/\\\/tecnofibras.com\\\/shop\\\/producto\\\/pano-microfibra-acanalado-s3-greenfiber\\\/#breadcrumb\"},\"inLanguage\":\"es\",\"potentialAction\":[{\"@type\":\"ReadAction\",\"target\":[\"https:\\\/\\\/tecnofibras.com\\\/shop\\\/producto\\\/pano-microfibra-acanalado-s3-greenfiber\\\/\"]}]},{\"@type\":\"ImageObject\",\"inLanguage\":\"es\",\"@id\":\"https:\\\/\\\/tecnofibras.com\\\/shop\\\/producto\\\/pano-microfibra-acanalado-s3-greenfiber\\\/#primaryimage\",\"url\":\"https:\\\/\\\/tecnofibras.com\\\/shop\\\/wp-content\\\/uploads\\\/2026\\\/04\\\/pano-microfibra-acanalado-s3-greenfiber.jpg\",\"contentUrl\":\"https:\\\/\\\/tecnofibras.com\\\/shop\\\/wp-content\\\/uploads\\\/2026\\\/04\\\/pano-microfibra-acanalado-s3-greenfiber.jpg\",\"width\":1024,\"height\":1024,\"caption\":\"pa\u00f1o microfibra acanalado S3 Green Fiber antigrasa\"},{\"@type\":\"BreadcrumbList\",\"@id\":\"https:\\\/\\\/tecnofibras.com\\\/shop\\\/producto\\\/pano-microfibra-acanalado-s3-greenfiber\\\/#breadcrumb\",\"itemListElement\":[{\"@type\":\"ListItem\",\"position\":1,\"name\":\"Portada\",\"item\":\"https:\\\/\\\/tecnofibras.com\\\/shop\\\/\"},{\"@type\":\"ListItem\",\"position\":2,\"name\":\"Tienda\",\"item\":\"https:\\\/\\\/tecnofibras.com\\\/shop\\\/\"},{\"@type\":\"ListItem\",\"position\":3,\"name\":\"Green Fiber HOME S3 | Pa\u00f1o Microfibra Acanalado Antigrasa Sin Rayar\"}]},{\"@type\":\"WebSite\",\"@id\":\"https:\\\/\\\/tecnofibras.com\\\/shop\\\/#website\",\"url\":\"https:\\\/\\\/tecnofibras.com\\\/shop\\\/\",\"name\":\"Tecnofibras\",\"description\":\"\",\"publisher\":{\"@id\":\"https:\\\/\\\/tecnofibras.com\\\/shop\\\/#organization\"},\"potentialAction\":[{\"@type\":\"SearchAction\",\"target\":{\"@type\":\"EntryPoint\",\"urlTemplate\":\"https:\\\/\\\/tecnofibras.com\\\/shop\\\/?s={search_term_string}\"},\"query-input\":{\"@type\":\"PropertyValueSpecification\",\"valueRequired\":true,\"valueName\":\"search_term_string\"}}],\"inLanguage\":\"es\"},{\"@type\":\"Organization\",\"@id\":\"https:\\\/\\\/tecnofibras.com\\\/shop\\\/#organization\",\"name\":\"\ud83d\udc49 Tecnofibras\",\"url\":\"https:\\\/\\\/tecnofibras.com\\\/shop\\\/\",\"logo\":{\"@type\":\"ImageObject\",\"inLanguage\":\"es\",\"@id\":\"https:\\\/\\\/tecnofibras.com\\\/shop\\\/#\\\/schema\\\/logo\\\/image\\\/\",\"url\":\"https:\\\/\\\/tecnofibras.com\\\/shop\\\/wp-content\\\/uploads\\\/2026\\\/04\\\/cropped-logo-tecnofibras.png\",\"contentUrl\":\"https:\\\/\\\/tecnofibras.com\\\/shop\\\/wp-content\\\/uploads\\\/2026\\\/04\\\/cropped-logo-tecnofibras.png\",\"width\":318,\"height\":102,\"caption\":\"\ud83d\udc49 Tecnofibras\"},\"image\":{\"@id\":\"https:\\\/\\\/tecnofibras.com\\\/shop\\\/#\\\/schema\\\/logo\\\/image\\\/\"},\"sameAs\":[\"https:\\\/\\\/www.facebook.com\\\/Tecnofibrasok\\\/\",\"https:\\\/\\\/www.instagram.com\\\/tecnofibrasok\",\"https:\\\/\\\/www.tiktok.com\\\/@limpieza_green\",\"https:\\\/\\\/www.youtube.com\\\/@tecnofibrasok\"]}]}<\/script>\n<!-- \/ Yoast SEO plugin. -->","yoast_head_json":{"title":"Pa\u00f1o Microfibra Acanalado S3 Greenfiber | Antigrasa Sin Rayar","description":"Elimin\u00e1 grasa y suciedad con el pa\u00f1o microfibra acanalado S3 Greenfiber. No raya, no deja pelusa y funciona sin qu\u00edmicos. Ideal para cocina y superficies delicadas.","robots":{"index":"index","follow":"follow","max-snippet":"max-snippet:-1","max-image-preview":"max-image-preview:large","max-video-preview":"max-video-preview:-1"},"canonical":"https:\/\/tecnofibras.com\/shop\/producto\/pano-microfibra-acanalado-s3-greenfiber\/","og_locale":"es_ES","og_type":"article","og_title":"Pa\u00f1o Microfibra Acanalado S3 Greenfiber | Antigrasa Sin Rayar","og_description":"Elimin\u00e1 grasa y suciedad con el pa\u00f1o microfibra acanalado S3 Greenfiber. No raya, no deja pelusa y funciona sin qu\u00edmicos. Ideal para cocina y superficies delicadas.","og_url":"https:\/\/tecnofibras.com\/shop\/producto\/pano-microfibra-acanalado-s3-greenfiber\/","og_site_name":"Art\u00edculos de limpieza ecol\u00f3gicos con microfibra sin qu\u00edmicos | Tecnofibras","article_publisher":"https:\/\/www.facebook.com\/Tecnofibrasok\/","article_modified_time":"2026-04-16T11:38:08+00:00","og_image":[{"width":1024,"height":1024,"url":"https:\/\/tecnofibras.com\/shop\/wp-content\/uploads\/2026\/04\/pano-microfibra-acanalado-s3-greenfiber.jpg","type":"image\/jpeg"}],"twitter_card":"summary_large_image","twitter_misc":{"Tiempo de lectura":"2 minutos"},"schema":{"@context":"https:\/\/schema.org","@graph":[{"@type":"WebPage","@id":"https:\/\/tecnofibras.com\/shop\/producto\/pano-microfibra-acanalado-s3-greenfiber\/","url":"https:\/\/tecnofibras.com\/shop\/producto\/pano-microfibra-acanalado-s3-greenfiber\/","name":"Pa\u00f1o Microfibra Acanalado S3 Greenfiber | Antigrasa Sin Rayar","isPartOf":{"@id":"https:\/\/tecnofibras.com\/shop\/#website"},"primaryImageOfPage":{"@id":"https:\/\/tecnofibras.com\/shop\/producto\/pano-microfibra-acanalado-s3-greenfiber\/#primaryimage"},"image":{"@id":"https:\/\/tecnofibras.com\/shop\/producto\/pano-microfibra-acanalado-s3-greenfiber\/#primaryimage"},"thumbnailUrl":"https:\/\/tecnofibras.com\/shop\/wp-content\/uploads\/2026\/04\/pano-microfibra-acanalado-s3-greenfiber.jpg","datePublished":"2026-04-08T11:27:54+00:00","dateModified":"2026-04-16T11:38:08+00:00","description":"Elimin\u00e1 grasa y suciedad con el pa\u00f1o microfibra acanalado S3 Greenfiber. No raya, no deja pelusa y funciona sin qu\u00edmicos. Ideal para cocina y superficies delicadas.","breadcrumb":{"@id":"https:\/\/tecnofibras.com\/shop\/producto\/pano-microfibra-acanalado-s3-greenfiber\/#breadcrumb"},"inLanguage":"es","potentialAction":[{"@type":"ReadAction","target":["https:\/\/tecnofibras.com\/shop\/producto\/pano-microfibra-acanalado-s3-greenfiber\/"]}]},{"@type":"ImageObject","inLanguage":"es","@id":"https:\/\/tecnofibras.com\/shop\/producto\/pano-microfibra-acanalado-s3-greenfiber\/#primaryimage","url":"https:\/\/tecnofibras.com\/shop\/wp-content\/uploads\/2026\/04\/pano-microfibra-acanalado-s3-greenfiber.jpg","contentUrl":"https:\/\/tecnofibras.com\/shop\/wp-content\/uploads\/2026\/04\/pano-microfibra-acanalado-s3-greenfiber.jpg","width":1024,"height":1024,"caption":"pa\u00f1o microfibra acanalado S3 Green Fiber antigrasa"},{"@type":"BreadcrumbList","@id":"https:\/\/tecnofibras.com\/shop\/producto\/pano-microfibra-acanalado-s3-greenfiber\/#breadcrumb","itemListElement":[{"@type":"ListItem","position":1,"name":"Portada","item":"https:\/\/tecnofibras.com\/shop\/"},{"@type":"ListItem","position":2,"name":"Tienda","item":"https:\/\/tecnofibras.com\/shop\/"},{"@type":"ListItem","position":3,"name":"Green Fiber HOME S3 | Pa\u00f1o Microfibra Acanalado Antigrasa Sin Rayar"}]},{"@type":"WebSite","@id":"https:\/\/tecnofibras.com\/shop\/#website","url":"https:\/\/tecnofibras.com\/shop\/","name":"Tecnofibras","description":"","publisher":{"@id":"https:\/\/tecnofibras.com\/shop\/#organization"},"potentialAction":[{"@type":"SearchAction","target":{"@type":"EntryPoint","urlTemplate":"https:\/\/tecnofibras.com\/shop\/?s={search_term_string}"},"query-input":{"@type":"PropertyValueSpecification","valueRequired":true,"valueName":"search_term_string"}}],"inLanguage":"es"},{"@type":"Organization","@id":"https:\/\/tecnofibras.com\/shop\/#organization","name":"\ud83d\udc49 Tecnofibras","url":"https:\/\/tecnofibras.com\/shop\/","logo":{"@type":"ImageObject","inLanguage":"es","@id":"https:\/\/tecnofibras.com\/shop\/#\/schema\/logo\/image\/","url":"https:\/\/tecnofibras.com\/shop\/wp-content\/uploads\/2026\/04\/cropped-logo-tecnofibras.png","contentUrl":"https:\/\/tecnofibras.com\/shop\/wp-content\/uploads\/2026\/04\/cropped-logo-tecnofibras.png","width":318,"height":102,"caption":"\ud83d\udc49 Tecnofibras"},"image":{"@id":"https:\/\/tecnofibras.com\/shop\/#\/schema\/logo\/image\/"},"sameAs":["https:\/\/www.facebook.com\/Tecnofibrasok\/","https:\/\/www.instagram.com\/tecnofibrasok","https:\/\/www.tiktok.com\/@limpieza_green","https:\/\/www.youtube.com\/@tecnofibrasok"]}]}},"_links":{"self":[{"href":"https:\/\/tecnofibras.com\/shop\/wp-json\/wp\/v2\/product\/169","targetHints":{"allow":["GET"]}}],"collection":[{"href":"https:\/\/tecnofibras.com\/shop\/wp-json\/wp\/v2\/product"}],"about":[{"href":"https:\/\/tecnofibras.com\/shop\/wp-json\/wp\/v2\/types\/product"}],"replies":[{"embeddable":true,"href":"https:\/\/tecnofibras.com\/shop\/wp-json\/wp\/v2\/comments?post=169"}],"wp:featuredmedia":[{"embeddable":true,"href":"https:\/\/tecnofibras.com\/shop\/wp-json\/wp\/v2\/media\/170"}],"wp:attachment":[{"href":"https:\/\/tecnofibras.com\/shop\/wp-json\/wp\/v2\/media?parent=169"}],"wp:term":[{"taxonomy":"product_brand","embeddable":true,"href":"https:\/\/tecnofibras.com\/shop\/wp-json\/wp\/v2\/product_brand?post=169"},{"taxonomy":"product_cat","embeddable":true,"href":"https:\/\/tecnofibras.com\/shop\/wp-json\/wp\/v2\/product_cat?post=169"},{"taxonomy":"product_tag","embeddable":true,"href":"https:\/\/tecnofibras.com\/shop\/wp-json\/wp\/v2\/product_tag?post=169"}],"curies":[{"name":"wp","href":"https:\/\/api.w.org\/{rel}","templated":true}]}}