{"id":137,"date":"2026-04-04T01:07:41","date_gmt":"2026-04-04T01:07:41","guid":{"rendered":"https:\/\/tecnofibras.com\/shop\/?post_type=product&#038;p=137"},"modified":"2026-04-16T11:50:53","modified_gmt":"2026-04-16T11:50:53","slug":"green-fiber-auto-s16-toalla-microfibra-auto-humedo","status":"publish","type":"product","link":"https:\/\/tecnofibras.com\/shop\/producto\/green-fiber-auto-s16-toalla-microfibra-auto-humedo\/","title":{"rendered":"Toalla Microfibra Auto Green Fiber S16 | Limpieza H\u00fameda sin Rayas ni Qu\u00edmicos"},"content":{"rendered":"<p data-start=\"1261\" data-end=\"1427\">Mantener tu auto limpio nunca fue tan f\u00e1cil. Con la <strong data-start=\"1313\" data-end=\"1344\">toalla Green Fiber AUTO S16<\/strong>, pod\u00e9s lograr una limpieza profunda, r\u00e1pida y sin necesidad de productos qu\u00edmicos.<\/p>\n<p data-start=\"1429\" data-end=\"1646\">Dise\u00f1ada para limpieza en h\u00famedo, esta toalla de microfibra cuenta con <strong data-start=\"1500\" data-end=\"1519\">pelo extralargo<\/strong>, lo que le permite atrapar l\u00edquidos, polvo y suciedad incluso en las zonas m\u00e1s dif\u00edciles, sin dejar rayas, manchas ni pelusas.<\/p>\n<p data-start=\"1648\" data-end=\"1728\">Ideal para quienes buscan resultados profesionales sin tener que ir al lavadero.<\/p>\n<hr data-start=\"1730\" data-end=\"1733\" \/>\n<h3 data-section-id=\"1baxmq2\" data-start=\"1735\" data-end=\"1770\">\ud83d\ude97 \u00bfPor qu\u00e9 elegir la AUTO S16?<\/h3>\n<ul data-start=\"1772\" data-end=\"1949\">\n<li data-section-id=\"47o9dx\" data-start=\"1772\" data-end=\"1805\">\ud83d\udca7 Alta absorci\u00f3n de l\u00edquidos<\/li>\n<li data-section-id=\"1yim2dm\" data-start=\"1806\" data-end=\"1851\">\ud83e\uddfd Limpieza profunda sin da\u00f1ar la pintura<\/li>\n<li data-section-id=\"17lhybf\" data-start=\"1852\" data-end=\"1881\">\u2728 No deja marcas ni rayas<\/li>\n<li data-section-id=\"1rxs512\" data-start=\"1882\" data-end=\"1920\">\ud83c\udf31 Limpieza ecol\u00f3gica sin qu\u00edmicos<\/li>\n<li data-section-id=\"7if9bq\" data-start=\"1921\" data-end=\"1949\">\u23f1 Ahorra tiempo y dinero<\/li>\n<\/ul>\n<hr data-start=\"1951\" data-end=\"1954\" \/>\n<h3 data-section-id=\"1pu2cu6\" data-start=\"1956\" data-end=\"1980\">\ud83e\uddfc Usos recomendados<\/h3>\n<p data-start=\"1982\" data-end=\"2102\">\u2714 Carrocer\u00eda<br data-start=\"1994\" data-end=\"1997\" \/>\u2714 Vidrios y espejos<br data-start=\"2016\" data-end=\"2019\" \/>\u2714 Superficies cromadas<br data-start=\"2041\" data-end=\"2044\" \/>\u2714 Pl\u00e1sticos interiores<br data-start=\"2066\" data-end=\"2069\" \/>\u2714 Limpieza general del veh\u00edculo<\/p>\n<p data-start=\"2104\" data-end=\"2226\">Su tama\u00f1o amplio (<strong data-start=\"2122\" data-end=\"2136\">70 x 55 cm<\/strong>) permite cubrir grandes superficies r\u00e1pidamente, haciendo el proceso mucho m\u00e1s eficiente.<\/p>\n<hr data-start=\"2228\" data-end=\"2231\" \/>\n<h3 data-section-id=\"13pnxr9\" data-start=\"2233\" data-end=\"2264\">\u2b50 Rendimiento del producto:<\/h3>\n<ul data-start=\"2266\" data-end=\"2323\">\n<li data-section-id=\"4vwnxc\" data-start=\"2266\" data-end=\"2287\">Absorbancia: 7\/10<\/li>\n<li data-section-id=\"5ucc92\" data-start=\"2288\" data-end=\"2304\">Pulido: 1\/10<\/li>\n<li data-section-id=\"1issbxn\" data-start=\"2305\" data-end=\"2323\">Limpieza: 8\/10<\/li>\n<\/ul>\n<hr data-start=\"2325\" data-end=\"2328\" \/>\n<h3 data-section-id=\"qmhk59\" data-start=\"2330\" data-end=\"2361\">\u267b\ufe0f Tecnolog\u00eda y durabilidad<\/h3>\n<p data-start=\"2363\" data-end=\"2556\">Fabricada con microfibra de alta calidad basada en tecnolog\u00eda japonesa <strong data-start=\"2434\" data-end=\"2444\">UpPoly<\/strong>, esta toalla act\u00faa como un im\u00e1n para la suciedad cuando est\u00e1 h\u00fameda, y como captador de polvo cuando est\u00e1 seca.<\/p>\n<p data-start=\"2558\" data-end=\"2660\">Tiene una vida \u00fatil de hasta <strong data-start=\"2587\" data-end=\"2615\">2 a\u00f1os con uso dom\u00e9stico<\/strong>, manteniendo su eficacia lavado tras lavado.<\/p>\n<hr data-start=\"2662\" data-end=\"2665\" \/>\n<h3 data-section-id=\"1y8ueuj\" data-start=\"2667\" data-end=\"2690\">\ud83d\ude98 Beneficios clave<\/h3>\n<ul data-start=\"2692\" data-end=\"2885\">\n<li data-section-id=\"16nqa91\" data-start=\"2692\" data-end=\"2727\">Limpieza completa con solo agua<\/li>\n<li data-section-id=\"zmoh81\" data-start=\"2728\" data-end=\"2754\">No raya ni deja pelusa<\/li>\n<li data-section-id=\"19t13ho\" data-start=\"2755\" data-end=\"2789\">Ideal para interior y exterior<\/li>\n<li data-section-id=\"zvnua4\" data-start=\"2790\" data-end=\"2837\">F\u00e1cil de transportar (entra en la guantera)<\/li>\n<li data-section-id=\"u021oh\" data-start=\"2838\" data-end=\"2885\">Alternativa econ\u00f3mica al lavado tradicional<\/li>\n<\/ul>\n<hr data-start=\"2887\" data-end=\"2890\" \/>\n<h3 data-section-id=\"1717qx9\" data-start=\"2892\" data-end=\"2902\">\ud83e\uddfc Uso<\/h3>\n<p data-start=\"2904\" data-end=\"2998\">Utilizar en h\u00famedo.<br data-start=\"2923\" data-end=\"2926\" \/>Despu\u00e9s de usar, lavar con agua tibia.<br data-start=\"2964\" data-end=\"2967\" \/>No planchar ni secar con calor.<\/p>\n<hr data-start=\"3000\" data-end=\"3003\" \/>\n<h3 data-section-id=\"1xqpcse\" data-start=\"3005\" data-end=\"3023\">\ud83e\uddf5 Composici\u00f3n<\/h3>\n<ul data-start=\"3025\" data-end=\"3060\">\n<li data-section-id=\"189hqyu\" data-start=\"3025\" data-end=\"3042\">80% poli\u00e9ster<\/li>\n<li data-section-id=\"1azz6r9\" data-start=\"3043\" data-end=\"3060\">20% poliamida<\/li>\n<\/ul>\n<div class=\"ast-oembed-container \" style=\"height: 100%;\"><iframe loading=\"lazy\" title=\"Green Fiber AUTO S16 Toalla para limpieza de coches en h\u00famedo\" width=\"500\" height=\"281\" src=\"https:\/\/www.youtube.com\/embed\/1GBWhhEJqkQ?feature=oembed\" frameborder=\"0\" allow=\"accelerometer; autoplay; clipboard-write; encrypted-media; gyroscope; picture-in-picture; web-share\" referrerpolicy=\"strict-origin-when-cross-origin\" allowfullscreen><\/iframe><\/div>\n","protected":false},"excerpt":{"rendered":"<p>Toalla de microfibra ideal para limpieza en h\u00famedo del auto. Su pelo extralargo absorbe l\u00edquidos y elimina suciedad profunda sin rayar la superficie. Perfecta para carrocer\u00eda, vidrios e interior. Limpieza ecol\u00f3gica solo con agua.<\/p>\n","protected":false},"featured_media":138,"comment_status":"open","ping_status":"closed","template":"","meta":{"site-sidebar-layout":"default","site-content-layout":"","ast-site-content-layout":"default","site-content-style":"default","site-sidebar-style":"default","ast-global-header-display":"","ast-banner-title-visibility":"","ast-main-header-display":"","ast-hfb-above-header-display":"","ast-hfb-below-header-display":"","ast-hfb-mobile-header-display":"","site-post-title":"","ast-breadcrumbs-content":"","ast-featured-img":"","footer-sml-layout":"","ast-disable-related-posts":"","theme-transparent-header-meta":"default","adv-header-id-meta":"","stick-header-meta":"","header-above-stick-meta":"","header-main-stick-meta":"","header-below-stick-meta":"","astra-migrate-meta-layouts":"set","ast-page-background-enabled":"default","ast-page-background-meta":{"desktop":{"background-color":"var(--ast-global-color-5)","background-image":"","background-repeat":"repeat","background-position":"center center","background-size":"auto","background-attachment":"scroll","background-type":"","background-media":"","overlay-type":"","overlay-color":"","overlay-opacity":"","overlay-gradient":""},"tablet":{"background-color":"","background-image":"","background-repeat":"repeat","background-position":"center center","background-size":"auto","background-attachment":"scroll","background-type":"","background-media":"","overlay-type":"","overlay-color":"","overlay-opacity":"","overlay-gradient":""},"mobile":{"background-color":"","background-image":"","background-repeat":"repeat","background-position":"center center","background-size":"auto","background-attachment":"scroll","background-type":"","background-media":"","overlay-type":"","overlay-color":"","overlay-opacity":"","overlay-gradient":""}},"ast-content-background-meta":{"desktop":{"background-color":"var(--ast-global-color-4)","background-image":"","background-repeat":"repeat","background-position":"center center","background-size":"auto","background-attachment":"scroll","background-type":"","background-media":"","overlay-type":"","overlay-color":"","overlay-opacity":"","overlay-gradient":""},"tablet":{"background-color":"var(--ast-global-color-4)","background-image":"","background-repeat":"repeat","background-position":"center center","background-size":"auto","background-attachment":"scroll","background-type":"","background-media":"","overlay-type":"","overlay-color":"","overlay-opacity":"","overlay-gradient":""},"mobile":{"background-color":"var(--ast-global-color-4)","background-image":"","background-repeat":"repeat","background-position":"center center","background-size":"auto","background-attachment":"scroll","background-type":"","background-media":"","overlay-type":"","overlay-color":"","overlay-opacity":"","overlay-gradient":""}}},"product_brand":[22],"product_cat":[20],"product_tag":[],"class_list":{"0":"post-137","1":"product","2":"type-product","3":"status-publish","4":"has-post-thumbnail","6":"product_brand-green-fiber","7":"product_cat-auto","8":"desktop-align-left","9":"tablet-align-left","10":"mobile-align-left","12":"first","13":"instock","14":"shipping-taxable","15":"product-type-external"},"yoast_head":"<!-- This site is optimized with the Yoast SEO plugin v27.3 - https:\/\/yoast.com\/product\/yoast-seo-wordpress\/ -->\n<title>Toalla Microfibra Auto Green Fiber S16 | Secado sin Rayas<\/title>\n<meta name=\"description\" content=\"Toalla de microfibra para auto ultra absorbente. Seca sin rayas ni pelusa, sin qu\u00edmicos. Ideal para carrocer\u00eda, vidrios y m\u00e1s. Env\u00edos a todo el pa\u00eds.\" \/>\n<meta name=\"robots\" content=\"index, follow, max-snippet:-1, max-image-preview:large, max-video-preview:-1\" \/>\n<link rel=\"canonical\" href=\"https:\/\/tecnofibras.com\/shop\/producto\/green-fiber-auto-s16-toalla-microfibra-auto-humedo\/\" \/>\n<meta property=\"og:locale\" content=\"es_ES\" \/>\n<meta property=\"og:type\" content=\"article\" \/>\n<meta property=\"og:title\" content=\"Toalla Microfibra Auto Green Fiber S16 | Secado sin Rayas\" \/>\n<meta property=\"og:description\" content=\"Toalla de microfibra para auto ultra absorbente. Seca sin rayas ni pelusa, sin qu\u00edmicos. Ideal para carrocer\u00eda, vidrios y m\u00e1s. Env\u00edos a todo el pa\u00eds.\" \/>\n<meta property=\"og:url\" content=\"https:\/\/tecnofibras.com\/shop\/producto\/green-fiber-auto-s16-toalla-microfibra-auto-humedo\/\" \/>\n<meta property=\"og:site_name\" content=\"Art\u00edculos de limpieza ecol\u00f3gicos con microfibra sin qu\u00edmicos | Tecnofibras\" \/>\n<meta property=\"article:publisher\" content=\"https:\/\/www.facebook.com\/Tecnofibrasok\/\" \/>\n<meta property=\"article:modified_time\" content=\"2026-04-16T11:50:53+00:00\" \/>\n<meta property=\"og:image\" content=\"https:\/\/tecnofibras.com\/shop\/wp-content\/uploads\/2026\/04\/green-fiber-auto-s16-toalla-microfibra-auto.jpg\" \/>\n\t<meta property=\"og:image:width\" content=\"1024\" \/>\n\t<meta property=\"og:image:height\" content=\"1024\" \/>\n\t<meta property=\"og:image:type\" content=\"image\/jpeg\" \/>\n<meta name=\"twitter:card\" content=\"summary_large_image\" \/>\n<meta name=\"twitter:label1\" content=\"Tiempo de lectura\" \/>\n\t<meta name=\"twitter:data1\" content=\"2 minutos\" \/>\n<script type=\"application\/ld+json\" class=\"yoast-schema-graph\">{\"@context\":\"https:\\\/\\\/schema.org\",\"@graph\":[{\"@type\":\"WebPage\",\"@id\":\"https:\\\/\\\/tecnofibras.com\\\/shop\\\/producto\\\/green-fiber-auto-s16-toalla-microfibra-auto-humedo\\\/\",\"url\":\"https:\\\/\\\/tecnofibras.com\\\/shop\\\/producto\\\/green-fiber-auto-s16-toalla-microfibra-auto-humedo\\\/\",\"name\":\"Toalla Microfibra Auto Green Fiber S16 | Secado sin Rayas\",\"isPartOf\":{\"@id\":\"https:\\\/\\\/tecnofibras.com\\\/shop\\\/#website\"},\"primaryImageOfPage\":{\"@id\":\"https:\\\/\\\/tecnofibras.com\\\/shop\\\/producto\\\/green-fiber-auto-s16-toalla-microfibra-auto-humedo\\\/#primaryimage\"},\"image\":{\"@id\":\"https:\\\/\\\/tecnofibras.com\\\/shop\\\/producto\\\/green-fiber-auto-s16-toalla-microfibra-auto-humedo\\\/#primaryimage\"},\"thumbnailUrl\":\"https:\\\/\\\/tecnofibras.com\\\/shop\\\/wp-content\\\/uploads\\\/2026\\\/04\\\/green-fiber-auto-s16-toalla-microfibra-auto.jpg\",\"datePublished\":\"2026-04-04T01:07:41+00:00\",\"dateModified\":\"2026-04-16T11:50:53+00:00\",\"description\":\"Toalla de microfibra para auto ultra absorbente. Seca sin rayas ni pelusa, sin qu\u00edmicos. Ideal para carrocer\u00eda, vidrios y m\u00e1s. Env\u00edos a todo el pa\u00eds.\",\"breadcrumb\":{\"@id\":\"https:\\\/\\\/tecnofibras.com\\\/shop\\\/producto\\\/green-fiber-auto-s16-toalla-microfibra-auto-humedo\\\/#breadcrumb\"},\"inLanguage\":\"es\",\"potentialAction\":[{\"@type\":\"ReadAction\",\"target\":[\"https:\\\/\\\/tecnofibras.com\\\/shop\\\/producto\\\/green-fiber-auto-s16-toalla-microfibra-auto-humedo\\\/\"]}]},{\"@type\":\"ImageObject\",\"inLanguage\":\"es\",\"@id\":\"https:\\\/\\\/tecnofibras.com\\\/shop\\\/producto\\\/green-fiber-auto-s16-toalla-microfibra-auto-humedo\\\/#primaryimage\",\"url\":\"https:\\\/\\\/tecnofibras.com\\\/shop\\\/wp-content\\\/uploads\\\/2026\\\/04\\\/green-fiber-auto-s16-toalla-microfibra-auto.jpg\",\"contentUrl\":\"https:\\\/\\\/tecnofibras.com\\\/shop\\\/wp-content\\\/uploads\\\/2026\\\/04\\\/green-fiber-auto-s16-toalla-microfibra-auto.jpg\",\"width\":1024,\"height\":1024,\"caption\":\"Toalla microfibra auto Green Fiber S16 limpieza h\u00fameda sin rayas\"},{\"@type\":\"BreadcrumbList\",\"@id\":\"https:\\\/\\\/tecnofibras.com\\\/shop\\\/producto\\\/green-fiber-auto-s16-toalla-microfibra-auto-humedo\\\/#breadcrumb\",\"itemListElement\":[{\"@type\":\"ListItem\",\"position\":1,\"name\":\"Portada\",\"item\":\"https:\\\/\\\/tecnofibras.com\\\/shop\\\/\"},{\"@type\":\"ListItem\",\"position\":2,\"name\":\"Tienda\",\"item\":\"https:\\\/\\\/tecnofibras.com\\\/shop\\\/\"},{\"@type\":\"ListItem\",\"position\":3,\"name\":\"Toalla Microfibra Auto Green Fiber S16 | Limpieza H\u00fameda sin Rayas ni Qu\u00edmicos\"}]},{\"@type\":\"WebSite\",\"@id\":\"https:\\\/\\\/tecnofibras.com\\\/shop\\\/#website\",\"url\":\"https:\\\/\\\/tecnofibras.com\\\/shop\\\/\",\"name\":\"Tecnofibras\",\"description\":\"\",\"publisher\":{\"@id\":\"https:\\\/\\\/tecnofibras.com\\\/shop\\\/#organization\"},\"potentialAction\":[{\"@type\":\"SearchAction\",\"target\":{\"@type\":\"EntryPoint\",\"urlTemplate\":\"https:\\\/\\\/tecnofibras.com\\\/shop\\\/?s={search_term_string}\"},\"query-input\":{\"@type\":\"PropertyValueSpecification\",\"valueRequired\":true,\"valueName\":\"search_term_string\"}}],\"inLanguage\":\"es\"},{\"@type\":\"Organization\",\"@id\":\"https:\\\/\\\/tecnofibras.com\\\/shop\\\/#organization\",\"name\":\"\ud83d\udc49 Tecnofibras\",\"url\":\"https:\\\/\\\/tecnofibras.com\\\/shop\\\/\",\"logo\":{\"@type\":\"ImageObject\",\"inLanguage\":\"es\",\"@id\":\"https:\\\/\\\/tecnofibras.com\\\/shop\\\/#\\\/schema\\\/logo\\\/image\\\/\",\"url\":\"https:\\\/\\\/tecnofibras.com\\\/shop\\\/wp-content\\\/uploads\\\/2026\\\/04\\\/cropped-logo-tecnofibras.png\",\"contentUrl\":\"https:\\\/\\\/tecnofibras.com\\\/shop\\\/wp-content\\\/uploads\\\/2026\\\/04\\\/cropped-logo-tecnofibras.png\",\"width\":318,\"height\":102,\"caption\":\"\ud83d\udc49 Tecnofibras\"},\"image\":{\"@id\":\"https:\\\/\\\/tecnofibras.com\\\/shop\\\/#\\\/schema\\\/logo\\\/image\\\/\"},\"sameAs\":[\"https:\\\/\\\/www.facebook.com\\\/Tecnofibrasok\\\/\",\"https:\\\/\\\/www.instagram.com\\\/tecnofibrasok\",\"https:\\\/\\\/www.tiktok.com\\\/@limpieza_green\",\"https:\\\/\\\/www.youtube.com\\\/@tecnofibrasok\"]}]}<\/script>\n<!-- \/ Yoast SEO plugin. -->","yoast_head_json":{"title":"Toalla Microfibra Auto Green Fiber S16 | Secado sin Rayas","description":"Toalla de microfibra para auto ultra absorbente. Seca sin rayas ni pelusa, sin qu\u00edmicos. Ideal para carrocer\u00eda, vidrios y m\u00e1s. Env\u00edos a todo el pa\u00eds.","robots":{"index":"index","follow":"follow","max-snippet":"max-snippet:-1","max-image-preview":"max-image-preview:large","max-video-preview":"max-video-preview:-1"},"canonical":"https:\/\/tecnofibras.com\/shop\/producto\/green-fiber-auto-s16-toalla-microfibra-auto-humedo\/","og_locale":"es_ES","og_type":"article","og_title":"Toalla Microfibra Auto Green Fiber S16 | Secado sin Rayas","og_description":"Toalla de microfibra para auto ultra absorbente. Seca sin rayas ni pelusa, sin qu\u00edmicos. Ideal para carrocer\u00eda, vidrios y m\u00e1s. Env\u00edos a todo el pa\u00eds.","og_url":"https:\/\/tecnofibras.com\/shop\/producto\/green-fiber-auto-s16-toalla-microfibra-auto-humedo\/","og_site_name":"Art\u00edculos de limpieza ecol\u00f3gicos con microfibra sin qu\u00edmicos | Tecnofibras","article_publisher":"https:\/\/www.facebook.com\/Tecnofibrasok\/","article_modified_time":"2026-04-16T11:50:53+00:00","og_image":[{"width":1024,"height":1024,"url":"https:\/\/tecnofibras.com\/shop\/wp-content\/uploads\/2026\/04\/green-fiber-auto-s16-toalla-microfibra-auto.jpg","type":"image\/jpeg"}],"twitter_card":"summary_large_image","twitter_misc":{"Tiempo de lectura":"2 minutos"},"schema":{"@context":"https:\/\/schema.org","@graph":[{"@type":"WebPage","@id":"https:\/\/tecnofibras.com\/shop\/producto\/green-fiber-auto-s16-toalla-microfibra-auto-humedo\/","url":"https:\/\/tecnofibras.com\/shop\/producto\/green-fiber-auto-s16-toalla-microfibra-auto-humedo\/","name":"Toalla Microfibra Auto Green Fiber S16 | Secado sin Rayas","isPartOf":{"@id":"https:\/\/tecnofibras.com\/shop\/#website"},"primaryImageOfPage":{"@id":"https:\/\/tecnofibras.com\/shop\/producto\/green-fiber-auto-s16-toalla-microfibra-auto-humedo\/#primaryimage"},"image":{"@id":"https:\/\/tecnofibras.com\/shop\/producto\/green-fiber-auto-s16-toalla-microfibra-auto-humedo\/#primaryimage"},"thumbnailUrl":"https:\/\/tecnofibras.com\/shop\/wp-content\/uploads\/2026\/04\/green-fiber-auto-s16-toalla-microfibra-auto.jpg","datePublished":"2026-04-04T01:07:41+00:00","dateModified":"2026-04-16T11:50:53+00:00","description":"Toalla de microfibra para auto ultra absorbente. Seca sin rayas ni pelusa, sin qu\u00edmicos. Ideal para carrocer\u00eda, vidrios y m\u00e1s. Env\u00edos a todo el pa\u00eds.","breadcrumb":{"@id":"https:\/\/tecnofibras.com\/shop\/producto\/green-fiber-auto-s16-toalla-microfibra-auto-humedo\/#breadcrumb"},"inLanguage":"es","potentialAction":[{"@type":"ReadAction","target":["https:\/\/tecnofibras.com\/shop\/producto\/green-fiber-auto-s16-toalla-microfibra-auto-humedo\/"]}]},{"@type":"ImageObject","inLanguage":"es","@id":"https:\/\/tecnofibras.com\/shop\/producto\/green-fiber-auto-s16-toalla-microfibra-auto-humedo\/#primaryimage","url":"https:\/\/tecnofibras.com\/shop\/wp-content\/uploads\/2026\/04\/green-fiber-auto-s16-toalla-microfibra-auto.jpg","contentUrl":"https:\/\/tecnofibras.com\/shop\/wp-content\/uploads\/2026\/04\/green-fiber-auto-s16-toalla-microfibra-auto.jpg","width":1024,"height":1024,"caption":"Toalla microfibra auto Green Fiber S16 limpieza h\u00fameda sin rayas"},{"@type":"BreadcrumbList","@id":"https:\/\/tecnofibras.com\/shop\/producto\/green-fiber-auto-s16-toalla-microfibra-auto-humedo\/#breadcrumb","itemListElement":[{"@type":"ListItem","position":1,"name":"Portada","item":"https:\/\/tecnofibras.com\/shop\/"},{"@type":"ListItem","position":2,"name":"Tienda","item":"https:\/\/tecnofibras.com\/shop\/"},{"@type":"ListItem","position":3,"name":"Toalla Microfibra Auto Green Fiber S16 | Limpieza H\u00fameda sin Rayas ni Qu\u00edmicos"}]},{"@type":"WebSite","@id":"https:\/\/tecnofibras.com\/shop\/#website","url":"https:\/\/tecnofibras.com\/shop\/","name":"Tecnofibras","description":"","publisher":{"@id":"https:\/\/tecnofibras.com\/shop\/#organization"},"potentialAction":[{"@type":"SearchAction","target":{"@type":"EntryPoint","urlTemplate":"https:\/\/tecnofibras.com\/shop\/?s={search_term_string}"},"query-input":{"@type":"PropertyValueSpecification","valueRequired":true,"valueName":"search_term_string"}}],"inLanguage":"es"},{"@type":"Organization","@id":"https:\/\/tecnofibras.com\/shop\/#organization","name":"\ud83d\udc49 Tecnofibras","url":"https:\/\/tecnofibras.com\/shop\/","logo":{"@type":"ImageObject","inLanguage":"es","@id":"https:\/\/tecnofibras.com\/shop\/#\/schema\/logo\/image\/","url":"https:\/\/tecnofibras.com\/shop\/wp-content\/uploads\/2026\/04\/cropped-logo-tecnofibras.png","contentUrl":"https:\/\/tecnofibras.com\/shop\/wp-content\/uploads\/2026\/04\/cropped-logo-tecnofibras.png","width":318,"height":102,"caption":"\ud83d\udc49 Tecnofibras"},"image":{"@id":"https:\/\/tecnofibras.com\/shop\/#\/schema\/logo\/image\/"},"sameAs":["https:\/\/www.facebook.com\/Tecnofibrasok\/","https:\/\/www.instagram.com\/tecnofibrasok","https:\/\/www.tiktok.com\/@limpieza_green","https:\/\/www.youtube.com\/@tecnofibrasok"]}]}},"_links":{"self":[{"href":"https:\/\/tecnofibras.com\/shop\/wp-json\/wp\/v2\/product\/137","targetHints":{"allow":["GET"]}}],"collection":[{"href":"https:\/\/tecnofibras.com\/shop\/wp-json\/wp\/v2\/product"}],"about":[{"href":"https:\/\/tecnofibras.com\/shop\/wp-json\/wp\/v2\/types\/product"}],"replies":[{"embeddable":true,"href":"https:\/\/tecnofibras.com\/shop\/wp-json\/wp\/v2\/comments?post=137"}],"wp:featuredmedia":[{"embeddable":true,"href":"https:\/\/tecnofibras.com\/shop\/wp-json\/wp\/v2\/media\/138"}],"wp:attachment":[{"href":"https:\/\/tecnofibras.com\/shop\/wp-json\/wp\/v2\/media?parent=137"}],"wp:term":[{"taxonomy":"product_brand","embeddable":true,"href":"https:\/\/tecnofibras.com\/shop\/wp-json\/wp\/v2\/product_brand?post=137"},{"taxonomy":"product_cat","embeddable":true,"href":"https:\/\/tecnofibras.com\/shop\/wp-json\/wp\/v2\/product_cat?post=137"},{"taxonomy":"product_tag","embeddable":true,"href":"https:\/\/tecnofibras.com\/shop\/wp-json\/wp\/v2\/product_tag?post=137"}],"curies":[{"name":"wp","href":"https:\/\/api.w.org\/{rel}","templated":true}]}}