{"id":124,"date":"2026-04-03T14:13:25","date_gmt":"2026-04-03T14:13:25","guid":{"rendered":"https:\/\/tecnofibras.com\/shop\/?post_type=product&#038;p=124"},"modified":"2026-04-16T11:53:34","modified_gmt":"2026-04-16T11:53:34","slug":"green-fiber-auto-a10-pano-super-absorbente-auto","status":"publish","type":"product","link":"https:\/\/tecnofibras.com\/shop\/producto\/green-fiber-auto-a10-pano-super-absorbente-auto\/","title":{"rendered":"Pa\u00f1o S\u00faper Absorbente Auto Green Fiber A10 | Secado R\u00e1pido sin Rayas ni Qu\u00edmicos"},"content":{"rendered":"<p data-start=\"1214\" data-end=\"1346\">Si busc\u00e1s un secado r\u00e1pido, sin marcas y sin esfuerzo, el <strong data-start=\"1272\" data-end=\"1296\">Green Fiber AUTO A10<\/strong> es el aliado perfecto para el cuidado de tu auto.<\/p>\n<p data-start=\"1348\" data-end=\"1561\">Este pa\u00f1o de microfibra con <strong data-start=\"1376\" data-end=\"1423\">revestimiento de poliuretano en ambos lados<\/strong> tiene una capacidad de absorci\u00f3n superior, permiti\u00e9ndote secar la carrocer\u00eda en cuesti\u00f3n de segundos, sin dejar rayas, pelusas ni marcas.<\/p>\n<p data-start=\"1563\" data-end=\"1675\">Gracias a su avanzada tecnolog\u00eda de microfilamentos <strong data-start=\"1615\" data-end=\"1625\">UpPoly<\/strong>, act\u00faa como una aspiradora de humedad y suciedad:<\/p>\n<ul data-start=\"1677\" data-end=\"1814\">\n<li data-section-id=\"huhvf1\" data-start=\"1677\" data-end=\"1727\">\ud83d\udca7 Absorbe varias veces su propio peso en agua<\/li>\n<li data-section-id=\"1b7bm5k\" data-start=\"1728\" data-end=\"1779\">\ud83d\ude97 Elimina suciedad y residuos en pocas pasadas<\/li>\n<li data-section-id=\"1i7p3d0\" data-start=\"1780\" data-end=\"1814\">\u2728 Pule y deja brillo sin rayar<\/li>\n<\/ul>\n<h3 data-section-id=\"zx4btk\" data-start=\"1816\" data-end=\"1834\">\ud83e\uddfd Ideal para:<\/h3>\n<p data-start=\"1836\" data-end=\"1945\">\u2714 Carrocer\u00eda<br data-start=\"1848\" data-end=\"1851\" \/>\u2714 Vidrios y espejos<br data-start=\"1870\" data-end=\"1873\" \/>\u2714 Superficies cromadas<br data-start=\"1895\" data-end=\"1898\" \/>\u2714 Pl\u00e1sticos interiores<br data-start=\"1920\" data-end=\"1923\" \/>\u2714 Secado post lavado<\/p>\n<p data-start=\"1947\" data-end=\"2071\">Su textura suave y resistente lo convierte en una herramienta indispensable para mantener el auto impecable en todo momento.<\/p>\n<hr data-start=\"2073\" data-end=\"2076\" \/>\n<h3 data-section-id=\"13pnxr9\" data-start=\"2078\" data-end=\"2109\">\u2b50 Rendimiento del producto:<\/h3>\n<ul data-start=\"2111\" data-end=\"2194\">\n<li data-section-id=\"16umwyu\" data-start=\"2111\" data-end=\"2143\">Capacidad de absorci\u00f3n: 9\/10<\/li>\n<li data-section-id=\"c0sz3\" data-start=\"2144\" data-end=\"2160\">Pulido: 8\/10<\/li>\n<li data-section-id=\"jxr0jg\" data-start=\"2161\" data-end=\"2194\">Eliminaci\u00f3n de suciedad: 5\/10<\/li>\n<\/ul>\n<hr data-start=\"2196\" data-end=\"2199\" \/>\n<h3 data-section-id=\"11qurb2\" data-start=\"2201\" data-end=\"2225\">\ud83d\ude97 Beneficios clave:<\/h3>\n<ul data-start=\"2227\" data-end=\"2386\">\n<li data-section-id=\"jlwx77\" data-start=\"2227\" data-end=\"2261\">Secado ultra r\u00e1pido sin marcas<\/li>\n<li data-section-id=\"zmoh81\" data-start=\"2262\" data-end=\"2288\">No raya ni deja pelusa<\/li>\n<li data-section-id=\"1ltcowx\" data-start=\"2289\" data-end=\"2314\">Limpieza sin qu\u00edmicos<\/li>\n<li data-section-id=\"tiuxuj\" data-start=\"2315\" data-end=\"2343\">Ahorra tiempo y esfuerzo<\/li>\n<li data-section-id=\"14ua04w\" data-start=\"2344\" data-end=\"2386\">Compacto: ideal para llevar en el auto<\/li>\n<\/ul>\n<hr data-start=\"2388\" data-end=\"2391\" \/>\n<h3 data-section-id=\"qmhk59\" data-start=\"2393\" data-end=\"2424\">\u267b\ufe0f Tecnolog\u00eda y durabilidad<\/h3>\n<p data-start=\"2426\" data-end=\"2614\">Fabricado con fibra exclusiva <strong data-start=\"2456\" data-end=\"2466\">UpPoly<\/strong>, desarrollada con tecnolog\u00eda japonesa, este pa\u00f1o garantiza m\u00e1xima eficiencia y durabilidad, con una vida \u00fatil de hasta <strong data-start=\"2586\" data-end=\"2613\">2 a\u00f1os en uso dom\u00e9stico<\/strong>.<\/p>\n<hr data-start=\"2616\" data-end=\"2619\" \/>\n<h3 data-section-id=\"1717qx9\" data-start=\"2621\" data-end=\"2631\">\ud83e\uddfc Uso<\/h3>\n<p data-start=\"2633\" data-end=\"2775\">Puede utilizarse en seco o h\u00famedo.<br data-start=\"2667\" data-end=\"2670\" \/>No requiere productos qu\u00edmicos.<br data-start=\"2701\" data-end=\"2704\" \/>Lavar con agua tibia despu\u00e9s de usar.<br data-start=\"2741\" data-end=\"2744\" \/>No planchar ni secar con calor.<\/p>\n<hr data-start=\"2777\" data-end=\"2780\" \/>\n<h3 data-section-id=\"1xqpcse\" data-start=\"2782\" data-end=\"2800\">\ud83e\uddf5 Composici\u00f3n<\/h3>\n<ul data-start=\"2802\" data-end=\"2857\">\n<li data-section-id=\"1i88jk\" data-start=\"2802\" data-end=\"2819\">68% poli\u00e9ster<\/li>\n<li data-section-id=\"3lnb00\" data-start=\"2820\" data-end=\"2837\">16% poliamida<\/li>\n<li data-section-id=\"1k1j93a\" data-start=\"2838\" data-end=\"2857\">16% poliuretano<\/li>\n<\/ul>\n<p>Tambi\u00e9n pod\u00e9s combinarlo con nuestra toalla de secado S16 para resultados profesionales.<\/p>\n<div class=\"ast-oembed-container \" style=\"height: 100%;\"><iframe loading=\"lazy\" title=\"\u2699\ufe0f\u2728GREEN FIBER AUTO A10 \u0421\u0443\u043f\u0435\u0440\u0432\u043f\u0438\u0442\u044b\u0432\u0430\u044e\u0449\u0438\u0439 \u0444\u0430\u0439\u0431\u0435\u0440, 38\u044538 *\ud83d\ude98\" width=\"422\" height=\"750\" src=\"https:\/\/www.youtube.com\/embed\/czPZl2nWCDw?feature=oembed\" frameborder=\"0\" allow=\"accelerometer; autoplay; clipboard-write; encrypted-media; gyroscope; picture-in-picture; web-share\" referrerpolicy=\"strict-origin-when-cross-origin\" allowfullscreen><\/iframe><\/div>\n","protected":false},"excerpt":{"rendered":"<p>Pa\u00f1o s\u00faper absorbente ideal para secar y limpiar el auto en segundos. Absorbe gran cantidad de agua, suciedad y grasa sin dejar rayas ni pelusas. Perfecto para carrocer\u00eda, vidrios y superficies delicadas. Funciona en seco y h\u00famedo sin necesidad de qu\u00edmicos.<\/p>\n","protected":false},"featured_media":125,"comment_status":"open","ping_status":"closed","template":"","meta":{"site-sidebar-layout":"default","site-content-layout":"","ast-site-content-layout":"default","site-content-style":"default","site-sidebar-style":"default","ast-global-header-display":"","ast-banner-title-visibility":"","ast-main-header-display":"","ast-hfb-above-header-display":"","ast-hfb-below-header-display":"","ast-hfb-mobile-header-display":"","site-post-title":"","ast-breadcrumbs-content":"","ast-featured-img":"","footer-sml-layout":"","ast-disable-related-posts":"","theme-transparent-header-meta":"default","adv-header-id-meta":"","stick-header-meta":"","header-above-stick-meta":"","header-main-stick-meta":"","header-below-stick-meta":"","astra-migrate-meta-layouts":"set","ast-page-background-enabled":"default","ast-page-background-meta":{"desktop":{"background-color":"var(--ast-global-color-5)","background-image":"","background-repeat":"repeat","background-position":"center center","background-size":"auto","background-attachment":"scroll","background-type":"","background-media":"","overlay-type":"","overlay-color":"","overlay-opacity":"","overlay-gradient":""},"tablet":{"background-color":"","background-image":"","background-repeat":"repeat","background-position":"center center","background-size":"auto","background-attachment":"scroll","background-type":"","background-media":"","overlay-type":"","overlay-color":"","overlay-opacity":"","overlay-gradient":""},"mobile":{"background-color":"","background-image":"","background-repeat":"repeat","background-position":"center center","background-size":"auto","background-attachment":"scroll","background-type":"","background-media":"","overlay-type":"","overlay-color":"","overlay-opacity":"","overlay-gradient":""}},"ast-content-background-meta":{"desktop":{"background-color":"var(--ast-global-color-4)","background-image":"","background-repeat":"repeat","background-position":"center center","background-size":"auto","background-attachment":"scroll","background-type":"","background-media":"","overlay-type":"","overlay-color":"","overlay-opacity":"","overlay-gradient":""},"tablet":{"background-color":"var(--ast-global-color-4)","background-image":"","background-repeat":"repeat","background-position":"center center","background-size":"auto","background-attachment":"scroll","background-type":"","background-media":"","overlay-type":"","overlay-color":"","overlay-opacity":"","overlay-gradient":""},"mobile":{"background-color":"var(--ast-global-color-4)","background-image":"","background-repeat":"repeat","background-position":"center center","background-size":"auto","background-attachment":"scroll","background-type":"","background-media":"","overlay-type":"","overlay-color":"","overlay-opacity":"","overlay-gradient":""}}},"product_brand":[22],"product_cat":[20],"product_tag":[],"class_list":{"0":"post-124","1":"product","2":"type-product","3":"status-publish","4":"has-post-thumbnail","6":"product_brand-green-fiber","7":"product_cat-auto","8":"desktop-align-left","9":"tablet-align-left","10":"mobile-align-left","12":"first","13":"instock","14":"shipping-taxable","15":"product-type-external"},"yoast_head":"<!-- This site is optimized with the Yoast SEO plugin v27.3 - https:\/\/yoast.com\/product\/yoast-seo-wordpress\/ -->\n<title>Pa\u00f1o Microfibra Auto S\u00faper Absorbente A10 | Secado sin Rayas<\/title>\n<meta name=\"description\" content=\"Pa\u00f1o de microfibra s\u00faper absorbente para auto. Seca r\u00e1pido sin rayas ni pelusa, sin qu\u00edmicos. Ideal para carrocer\u00eda, vidrios y m\u00e1s.\" \/>\n<meta name=\"robots\" content=\"index, follow, max-snippet:-1, max-image-preview:large, max-video-preview:-1\" \/>\n<link rel=\"canonical\" href=\"https:\/\/tecnofibras.com\/shop\/producto\/green-fiber-auto-a10-pano-super-absorbente-auto\/\" \/>\n<meta property=\"og:locale\" content=\"es_ES\" \/>\n<meta property=\"og:type\" content=\"article\" \/>\n<meta property=\"og:title\" content=\"Pa\u00f1o Microfibra Auto S\u00faper Absorbente A10 | Secado sin Rayas\" \/>\n<meta property=\"og:description\" content=\"Pa\u00f1o de microfibra s\u00faper absorbente para auto. Seca r\u00e1pido sin rayas ni pelusa, sin qu\u00edmicos. Ideal para carrocer\u00eda, vidrios y m\u00e1s.\" \/>\n<meta property=\"og:url\" content=\"https:\/\/tecnofibras.com\/shop\/producto\/green-fiber-auto-a10-pano-super-absorbente-auto\/\" \/>\n<meta property=\"og:site_name\" content=\"Art\u00edculos de limpieza ecol\u00f3gicos con microfibra sin qu\u00edmicos | Tecnofibras\" \/>\n<meta property=\"article:publisher\" content=\"https:\/\/www.facebook.com\/Tecnofibrasok\/\" \/>\n<meta property=\"article:modified_time\" content=\"2026-04-16T11:53:34+00:00\" \/>\n<meta property=\"og:image\" content=\"https:\/\/tecnofibras.com\/shop\/wp-content\/uploads\/2026\/04\/green-fiber-auto-a10-pano-absorbente-auto.jpg\" \/>\n\t<meta property=\"og:image:width\" content=\"1024\" \/>\n\t<meta property=\"og:image:height\" content=\"1024\" \/>\n\t<meta property=\"og:image:type\" content=\"image\/jpeg\" \/>\n<meta name=\"twitter:card\" content=\"summary_large_image\" \/>\n<meta name=\"twitter:label1\" content=\"Tiempo de lectura\" \/>\n\t<meta name=\"twitter:data1\" content=\"2 minutos\" \/>\n<script type=\"application\/ld+json\" class=\"yoast-schema-graph\">{\"@context\":\"https:\\\/\\\/schema.org\",\"@graph\":[{\"@type\":\"WebPage\",\"@id\":\"https:\\\/\\\/tecnofibras.com\\\/shop\\\/producto\\\/green-fiber-auto-a10-pano-super-absorbente-auto\\\/\",\"url\":\"https:\\\/\\\/tecnofibras.com\\\/shop\\\/producto\\\/green-fiber-auto-a10-pano-super-absorbente-auto\\\/\",\"name\":\"Pa\u00f1o Microfibra Auto S\u00faper Absorbente A10 | Secado sin Rayas\",\"isPartOf\":{\"@id\":\"https:\\\/\\\/tecnofibras.com\\\/shop\\\/#website\"},\"primaryImageOfPage\":{\"@id\":\"https:\\\/\\\/tecnofibras.com\\\/shop\\\/producto\\\/green-fiber-auto-a10-pano-super-absorbente-auto\\\/#primaryimage\"},\"image\":{\"@id\":\"https:\\\/\\\/tecnofibras.com\\\/shop\\\/producto\\\/green-fiber-auto-a10-pano-super-absorbente-auto\\\/#primaryimage\"},\"thumbnailUrl\":\"https:\\\/\\\/tecnofibras.com\\\/shop\\\/wp-content\\\/uploads\\\/2026\\\/04\\\/green-fiber-auto-a10-pano-absorbente-auto.jpg\",\"datePublished\":\"2026-04-03T14:13:25+00:00\",\"dateModified\":\"2026-04-16T11:53:34+00:00\",\"description\":\"Pa\u00f1o de microfibra s\u00faper absorbente para auto. Seca r\u00e1pido sin rayas ni pelusa, sin qu\u00edmicos. Ideal para carrocer\u00eda, vidrios y m\u00e1s.\",\"breadcrumb\":{\"@id\":\"https:\\\/\\\/tecnofibras.com\\\/shop\\\/producto\\\/green-fiber-auto-a10-pano-super-absorbente-auto\\\/#breadcrumb\"},\"inLanguage\":\"es\",\"potentialAction\":[{\"@type\":\"ReadAction\",\"target\":[\"https:\\\/\\\/tecnofibras.com\\\/shop\\\/producto\\\/green-fiber-auto-a10-pano-super-absorbente-auto\\\/\"]}]},{\"@type\":\"ImageObject\",\"inLanguage\":\"es\",\"@id\":\"https:\\\/\\\/tecnofibras.com\\\/shop\\\/producto\\\/green-fiber-auto-a10-pano-super-absorbente-auto\\\/#primaryimage\",\"url\":\"https:\\\/\\\/tecnofibras.com\\\/shop\\\/wp-content\\\/uploads\\\/2026\\\/04\\\/green-fiber-auto-a10-pano-absorbente-auto.jpg\",\"contentUrl\":\"https:\\\/\\\/tecnofibras.com\\\/shop\\\/wp-content\\\/uploads\\\/2026\\\/04\\\/green-fiber-auto-a10-pano-absorbente-auto.jpg\",\"width\":1024,\"height\":1024,\"caption\":\"Pa\u00f1o microfibra auto absorbente Green Fiber A10 secado r\u00e1pido sin rayas\"},{\"@type\":\"BreadcrumbList\",\"@id\":\"https:\\\/\\\/tecnofibras.com\\\/shop\\\/producto\\\/green-fiber-auto-a10-pano-super-absorbente-auto\\\/#breadcrumb\",\"itemListElement\":[{\"@type\":\"ListItem\",\"position\":1,\"name\":\"Portada\",\"item\":\"https:\\\/\\\/tecnofibras.com\\\/shop\\\/\"},{\"@type\":\"ListItem\",\"position\":2,\"name\":\"Tienda\",\"item\":\"https:\\\/\\\/tecnofibras.com\\\/shop\\\/\"},{\"@type\":\"ListItem\",\"position\":3,\"name\":\"Pa\u00f1o S\u00faper Absorbente Auto Green Fiber A10 | Secado R\u00e1pido sin Rayas ni Qu\u00edmicos\"}]},{\"@type\":\"WebSite\",\"@id\":\"https:\\\/\\\/tecnofibras.com\\\/shop\\\/#website\",\"url\":\"https:\\\/\\\/tecnofibras.com\\\/shop\\\/\",\"name\":\"Tecnofibras\",\"description\":\"\",\"publisher\":{\"@id\":\"https:\\\/\\\/tecnofibras.com\\\/shop\\\/#organization\"},\"potentialAction\":[{\"@type\":\"SearchAction\",\"target\":{\"@type\":\"EntryPoint\",\"urlTemplate\":\"https:\\\/\\\/tecnofibras.com\\\/shop\\\/?s={search_term_string}\"},\"query-input\":{\"@type\":\"PropertyValueSpecification\",\"valueRequired\":true,\"valueName\":\"search_term_string\"}}],\"inLanguage\":\"es\"},{\"@type\":\"Organization\",\"@id\":\"https:\\\/\\\/tecnofibras.com\\\/shop\\\/#organization\",\"name\":\"\ud83d\udc49 Tecnofibras\",\"url\":\"https:\\\/\\\/tecnofibras.com\\\/shop\\\/\",\"logo\":{\"@type\":\"ImageObject\",\"inLanguage\":\"es\",\"@id\":\"https:\\\/\\\/tecnofibras.com\\\/shop\\\/#\\\/schema\\\/logo\\\/image\\\/\",\"url\":\"https:\\\/\\\/tecnofibras.com\\\/shop\\\/wp-content\\\/uploads\\\/2026\\\/04\\\/cropped-logo-tecnofibras.png\",\"contentUrl\":\"https:\\\/\\\/tecnofibras.com\\\/shop\\\/wp-content\\\/uploads\\\/2026\\\/04\\\/cropped-logo-tecnofibras.png\",\"width\":318,\"height\":102,\"caption\":\"\ud83d\udc49 Tecnofibras\"},\"image\":{\"@id\":\"https:\\\/\\\/tecnofibras.com\\\/shop\\\/#\\\/schema\\\/logo\\\/image\\\/\"},\"sameAs\":[\"https:\\\/\\\/www.facebook.com\\\/Tecnofibrasok\\\/\",\"https:\\\/\\\/www.instagram.com\\\/tecnofibrasok\",\"https:\\\/\\\/www.tiktok.com\\\/@limpieza_green\",\"https:\\\/\\\/www.youtube.com\\\/@tecnofibrasok\"]}]}<\/script>\n<!-- \/ Yoast SEO plugin. -->","yoast_head_json":{"title":"Pa\u00f1o Microfibra Auto S\u00faper Absorbente A10 | Secado sin Rayas","description":"Pa\u00f1o de microfibra s\u00faper absorbente para auto. Seca r\u00e1pido sin rayas ni pelusa, sin qu\u00edmicos. Ideal para carrocer\u00eda, vidrios y m\u00e1s.","robots":{"index":"index","follow":"follow","max-snippet":"max-snippet:-1","max-image-preview":"max-image-preview:large","max-video-preview":"max-video-preview:-1"},"canonical":"https:\/\/tecnofibras.com\/shop\/producto\/green-fiber-auto-a10-pano-super-absorbente-auto\/","og_locale":"es_ES","og_type":"article","og_title":"Pa\u00f1o Microfibra Auto S\u00faper Absorbente A10 | Secado sin Rayas","og_description":"Pa\u00f1o de microfibra s\u00faper absorbente para auto. Seca r\u00e1pido sin rayas ni pelusa, sin qu\u00edmicos. Ideal para carrocer\u00eda, vidrios y m\u00e1s.","og_url":"https:\/\/tecnofibras.com\/shop\/producto\/green-fiber-auto-a10-pano-super-absorbente-auto\/","og_site_name":"Art\u00edculos de limpieza ecol\u00f3gicos con microfibra sin qu\u00edmicos | Tecnofibras","article_publisher":"https:\/\/www.facebook.com\/Tecnofibrasok\/","article_modified_time":"2026-04-16T11:53:34+00:00","og_image":[{"width":1024,"height":1024,"url":"https:\/\/tecnofibras.com\/shop\/wp-content\/uploads\/2026\/04\/green-fiber-auto-a10-pano-absorbente-auto.jpg","type":"image\/jpeg"}],"twitter_card":"summary_large_image","twitter_misc":{"Tiempo de lectura":"2 minutos"},"schema":{"@context":"https:\/\/schema.org","@graph":[{"@type":"WebPage","@id":"https:\/\/tecnofibras.com\/shop\/producto\/green-fiber-auto-a10-pano-super-absorbente-auto\/","url":"https:\/\/tecnofibras.com\/shop\/producto\/green-fiber-auto-a10-pano-super-absorbente-auto\/","name":"Pa\u00f1o Microfibra Auto S\u00faper Absorbente A10 | Secado sin Rayas","isPartOf":{"@id":"https:\/\/tecnofibras.com\/shop\/#website"},"primaryImageOfPage":{"@id":"https:\/\/tecnofibras.com\/shop\/producto\/green-fiber-auto-a10-pano-super-absorbente-auto\/#primaryimage"},"image":{"@id":"https:\/\/tecnofibras.com\/shop\/producto\/green-fiber-auto-a10-pano-super-absorbente-auto\/#primaryimage"},"thumbnailUrl":"https:\/\/tecnofibras.com\/shop\/wp-content\/uploads\/2026\/04\/green-fiber-auto-a10-pano-absorbente-auto.jpg","datePublished":"2026-04-03T14:13:25+00:00","dateModified":"2026-04-16T11:53:34+00:00","description":"Pa\u00f1o de microfibra s\u00faper absorbente para auto. Seca r\u00e1pido sin rayas ni pelusa, sin qu\u00edmicos. Ideal para carrocer\u00eda, vidrios y m\u00e1s.","breadcrumb":{"@id":"https:\/\/tecnofibras.com\/shop\/producto\/green-fiber-auto-a10-pano-super-absorbente-auto\/#breadcrumb"},"inLanguage":"es","potentialAction":[{"@type":"ReadAction","target":["https:\/\/tecnofibras.com\/shop\/producto\/green-fiber-auto-a10-pano-super-absorbente-auto\/"]}]},{"@type":"ImageObject","inLanguage":"es","@id":"https:\/\/tecnofibras.com\/shop\/producto\/green-fiber-auto-a10-pano-super-absorbente-auto\/#primaryimage","url":"https:\/\/tecnofibras.com\/shop\/wp-content\/uploads\/2026\/04\/green-fiber-auto-a10-pano-absorbente-auto.jpg","contentUrl":"https:\/\/tecnofibras.com\/shop\/wp-content\/uploads\/2026\/04\/green-fiber-auto-a10-pano-absorbente-auto.jpg","width":1024,"height":1024,"caption":"Pa\u00f1o microfibra auto absorbente Green Fiber A10 secado r\u00e1pido sin rayas"},{"@type":"BreadcrumbList","@id":"https:\/\/tecnofibras.com\/shop\/producto\/green-fiber-auto-a10-pano-super-absorbente-auto\/#breadcrumb","itemListElement":[{"@type":"ListItem","position":1,"name":"Portada","item":"https:\/\/tecnofibras.com\/shop\/"},{"@type":"ListItem","position":2,"name":"Tienda","item":"https:\/\/tecnofibras.com\/shop\/"},{"@type":"ListItem","position":3,"name":"Pa\u00f1o S\u00faper Absorbente Auto Green Fiber A10 | Secado R\u00e1pido sin Rayas ni Qu\u00edmicos"}]},{"@type":"WebSite","@id":"https:\/\/tecnofibras.com\/shop\/#website","url":"https:\/\/tecnofibras.com\/shop\/","name":"Tecnofibras","description":"","publisher":{"@id":"https:\/\/tecnofibras.com\/shop\/#organization"},"potentialAction":[{"@type":"SearchAction","target":{"@type":"EntryPoint","urlTemplate":"https:\/\/tecnofibras.com\/shop\/?s={search_term_string}"},"query-input":{"@type":"PropertyValueSpecification","valueRequired":true,"valueName":"search_term_string"}}],"inLanguage":"es"},{"@type":"Organization","@id":"https:\/\/tecnofibras.com\/shop\/#organization","name":"\ud83d\udc49 Tecnofibras","url":"https:\/\/tecnofibras.com\/shop\/","logo":{"@type":"ImageObject","inLanguage":"es","@id":"https:\/\/tecnofibras.com\/shop\/#\/schema\/logo\/image\/","url":"https:\/\/tecnofibras.com\/shop\/wp-content\/uploads\/2026\/04\/cropped-logo-tecnofibras.png","contentUrl":"https:\/\/tecnofibras.com\/shop\/wp-content\/uploads\/2026\/04\/cropped-logo-tecnofibras.png","width":318,"height":102,"caption":"\ud83d\udc49 Tecnofibras"},"image":{"@id":"https:\/\/tecnofibras.com\/shop\/#\/schema\/logo\/image\/"},"sameAs":["https:\/\/www.facebook.com\/Tecnofibrasok\/","https:\/\/www.instagram.com\/tecnofibrasok","https:\/\/www.tiktok.com\/@limpieza_green","https:\/\/www.youtube.com\/@tecnofibrasok"]}]}},"_links":{"self":[{"href":"https:\/\/tecnofibras.com\/shop\/wp-json\/wp\/v2\/product\/124","targetHints":{"allow":["GET"]}}],"collection":[{"href":"https:\/\/tecnofibras.com\/shop\/wp-json\/wp\/v2\/product"}],"about":[{"href":"https:\/\/tecnofibras.com\/shop\/wp-json\/wp\/v2\/types\/product"}],"replies":[{"embeddable":true,"href":"https:\/\/tecnofibras.com\/shop\/wp-json\/wp\/v2\/comments?post=124"}],"wp:featuredmedia":[{"embeddable":true,"href":"https:\/\/tecnofibras.com\/shop\/wp-json\/wp\/v2\/media\/125"}],"wp:attachment":[{"href":"https:\/\/tecnofibras.com\/shop\/wp-json\/wp\/v2\/media?parent=124"}],"wp:term":[{"taxonomy":"product_brand","embeddable":true,"href":"https:\/\/tecnofibras.com\/shop\/wp-json\/wp\/v2\/product_brand?post=124"},{"taxonomy":"product_cat","embeddable":true,"href":"https:\/\/tecnofibras.com\/shop\/wp-json\/wp\/v2\/product_cat?post=124"},{"taxonomy":"product_tag","embeddable":true,"href":"https:\/\/tecnofibras.com\/shop\/wp-json\/wp\/v2\/product_tag?post=124"}],"curies":[{"name":"wp","href":"https:\/\/api.w.org\/{rel}","templated":true}]}}